{"id":13853,"date":"2019-07-12T14:15:50","date_gmt":"2019-07-12T14:15:50","guid":{"rendered":"https:\/\/cocolingua.com\/lanzarote\/"},"modified":"2024-03-15T07:00:12","modified_gmt":"2024-03-15T07:00:12","slug":"lanzarote","status":"publish","type":"page","link":"https:\/\/cocolingua.com\/fr\/lanzarote\/","title":{"rendered":"Lanzarote"},"content":{"rendered":"<div class=\"fusion-fullwidth fullwidth-box fusion-builder-row-1 fusion-flex-container nonhundred-percent-fullwidth non-hundred-percent-height-scrolling\" style=\"--awb-border-radius-top-left:0px;--awb-border-radius-top-right:0px;--awb-border-radius-bottom-right:0px;--awb-border-radius-bottom-left:0px;--awb-flex-wrap:wrap;\" ><div class=\"fusion-builder-row fusion-row fusion-flex-align-items-flex-start fusion-flex-content-wrap\" style=\"max-width:1144px;margin-left: calc(-4% \/ 2 );margin-right: calc(-4% \/ 2 );\"><div class=\"fusion-layout-column fusion_builder_column fusion-builder-column-0 fusion_builder_column_1_1 1_1 fusion-flex-column\" style=\"--awb-bg-size:cover;--awb-width-large:100%;--awb-margin-top-large:0px;--awb-spacing-right-large:1.92%;--awb-margin-bottom-large:20px;--awb-spacing-left-large:1.92%;--awb-width-medium:100%;--awb-spacing-right-medium:1.92%;--awb-spacing-left-medium:1.92%;--awb-width-small:100%;--awb-spacing-right-small:1.92%;--awb-spacing-left-small:1.92%;\"><div class=\"fusion-column-wrapper fusion-flex-justify-content-flex-start fusion-content-layout-column\"><div class=\"fusion-title title fusion-title-1 fusion-title-center fusion-title-text fusion-title-size-one\"><div class=\"title-sep-container title-sep-container-left\"><div class=\"title-sep sep-double sep-solid\" style=\"border-color:#e0dede;\"><\/div><\/div><span class=\"awb-title-spacer\"><\/span><h1 class=\"fusion-title-heading title-heading-center\" style=\"margin:0;\">Lanzarote, \u00eele des Canaries<\/h1><span class=\"awb-title-spacer\"><\/span><div class=\"title-sep-container title-sep-container-right\"><div class=\"title-sep sep-double sep-solid\" style=\"border-color:#e0dede;\"><\/div><\/div><\/div><div class=\"fusion-text fusion-text-1\"><p style=\"text-align: center;\">L\u2019endroit id\u00e9al pour apprendre l\u2018espagnol<\/p>\n<\/div><\/div><\/div><div class=\"fusion-layout-column fusion_builder_column fusion-builder-column-1 fusion_builder_column_1_2 1_2 fusion-flex-column\" style=\"--awb-bg-size:cover;--awb-width-large:50%;--awb-margin-top-large:0px;--awb-spacing-right-large:3.84%;--awb-margin-bottom-large:20px;--awb-spacing-left-large:3.84%;--awb-width-medium:100%;--awb-spacing-right-medium:1.92%;--awb-spacing-left-medium:1.92%;--awb-width-small:100%;--awb-spacing-right-small:1.92%;--awb-spacing-left-small:1.92%;\"><div class=\"fusion-column-wrapper fusion-flex-justify-content-flex-start fusion-content-layout-column\"><div class=\"fusion-title title fusion-title-2 fusion-sep-none fusion-title-text fusion-title-size-two\"><h2 class=\"fusion-title-heading title-heading-left\" style=\"margin:0;\">Pourquoi Lanzarote?<\/h2><\/div><div class=\"fusion-text fusion-text-2\"><p>Lanzarote est une \u00eele volcanique situ\u00e9e au Nord-Est de l\u2019archipel des Canaries. Au large de la c\u00f4te Ouest de l\u2019Afrique, ces sept \u00eeles canariennes font partie des contr\u00e9es les plus captivantes et charmantes d\u2019Europe.<\/p>\n<p>140 000 habitants peuplent cette petite \u00eele d&rsquo;environ 70 km de long et 34 km de large. La vie culturelle de Lanzarote est l\u2019une des plus diversifi\u00e9es des Canaries et l\u2019espagnol en est la langue officielle<\/p>\n<p>De toutes les Canaries, Lanzarote est la seule \u00e0 avoir \u00e9t\u00e9 con\u00e7ue et fa\u00e7onn\u00e9e par l&rsquo;artiste et architecte C\u00e9sar Manrique. Gr\u00e2ce \u00e0 lui, le style architectural unique de l\u2019\u00eele, ses maisons blanches et cubiques aux fen\u00eatres vertes, a surv\u00e9cu jusqu\u2019\u00e0 ce jour.<\/p>\n<\/div><\/div><\/div><div class=\"fusion-layout-column fusion_builder_column fusion-builder-column-2 fusion_builder_column_1_2 1_2 fusion-flex-column\" style=\"--awb-bg-size:cover;--awb-width-large:50%;--awb-margin-top-large:0px;--awb-spacing-right-large:3.84%;--awb-margin-bottom-large:-20px;--awb-spacing-left-large:3.84%;--awb-width-medium:100%;--awb-spacing-right-medium:1.92%;--awb-spacing-left-medium:1.92%;--awb-width-small:100%;--awb-spacing-right-small:1.92%;--awb-spacing-left-small:1.92%;\"><div class=\"fusion-column-wrapper fusion-flex-justify-content-flex-start fusion-content-layout-column\"><div class=\"fusion-image-carousel fusion-image-carousel-auto fusion-image-carousel-1 lightbox-enabled\"><div class=\"awb-carousel awb-swiper awb-swiper-carousel awb-carousel--carousel awb-swiper-dots-position-bottom\" data-layout=\"carousel\" data-autoplay=\"yes\" data-autoplayspeed=\"2500\" data-autoplaypause=\"no\" data-columns=\"1\" data-columnsmedium=\"1\" data-columnssmall=\"1\" data-itemmargin=\"13\" data-itemwidth=\"180\" data-touchscroll=\"no\" data-freemode=\"no\" data-imagesize=\"auto\" data-scrollitems=\"0\" data-centeredslides=\"no\" data-rotationangle=\"50\" data-depth=\"100\" data-speed=\"500\" data-shadow=\"no\" data-pagination=\"bullets\" style=\"--awb-columns:1;\"><div class=\"swiper-wrapper awb-image-carousel-wrapper fusion-flex-align-items-center\"><div class=\"swiper-slide\"><div class=\"fusion-carousel-item-wrapper\"><div class=\"fusion-image-wrapper hover-type-none\"><a data-rel=\"iLightbox[image_carousel_1]\" data-title=\"worldmap-lanzarote\" aria-label=\"worldmap-lanzarote\" href=\"https:\/\/cocolingua.com\/wp-content\/uploads\/2019\/07\/worldmap-lanzarote.jpg\" target=\"_self\"><img decoding=\"async\" width=\"560\" height=\"400\" src=\"https:\/\/cocolingua.com\/wp-content\/uploads\/2019\/07\/worldmap-lanzarote.jpg\" class=\"attachment-full size-full lazyload\" alt=\"worldmap - Canary Islands - kanarische Insel\" srcset=\"data:image\/svg+xml,%3Csvg%20xmlns%3D%27http%3A%2F%2Fwww.w3.org%2F2000%2Fsvg%27%20width%3D%27560%27%20height%3D%27400%27%20viewBox%3D%270%200%20560%20400%27%3E%3Crect%20width%3D%27560%27%20height%3D%27400%27%20fill-opacity%3D%220%22%2F%3E%3C%2Fsvg%3E\" data-orig-src=\"https:\/\/cocolingua.com\/wp-content\/uploads\/2019\/07\/worldmap-lanzarote.jpg\" data-srcset=\"https:\/\/cocolingua.com\/wp-content\/uploads\/2019\/07\/worldmap-lanzarote-200x143.jpg 200w, https:\/\/cocolingua.com\/wp-content\/uploads\/2019\/07\/worldmap-lanzarote-300x214.jpg 300w, https:\/\/cocolingua.com\/wp-content\/uploads\/2019\/07\/worldmap-lanzarote-400x286.jpg 400w, https:\/\/cocolingua.com\/wp-content\/uploads\/2019\/07\/worldmap-lanzarote.jpg 560w\" data-sizes=\"auto\" \/><\/a><\/div><\/div><\/div><div class=\"swiper-slide\"><div class=\"fusion-carousel-item-wrapper\"><div class=\"fusion-image-wrapper hover-type-none\"><a data-rel=\"iLightbox[image_carousel_1]\" data-title=\"lanzarote-kanarischeinseln-canaryislands\" aria-label=\"lanzarote-kanarischeinseln-canaryislands\" href=\"https:\/\/cocolingua.com\/wp-content\/uploads\/2019\/07\/lanzarote-kanarischeinseln-canaryislands.jpg\" target=\"_self\"><img decoding=\"async\" width=\"560\" height=\"400\" src=\"https:\/\/cocolingua.com\/wp-content\/uploads\/2019\/07\/lanzarote-kanarischeinseln-canaryislands.jpg\" class=\"attachment-full size-full lazyload\" alt=\"lanzarote - Canary Islands - Kanarische Inseln - canarias\" srcset=\"data:image\/svg+xml,%3Csvg%20xmlns%3D%27http%3A%2F%2Fwww.w3.org%2F2000%2Fsvg%27%20width%3D%27560%27%20height%3D%27400%27%20viewBox%3D%270%200%20560%20400%27%3E%3Crect%20width%3D%27560%27%20height%3D%27400%27%20fill-opacity%3D%220%22%2F%3E%3C%2Fsvg%3E\" data-orig-src=\"https:\/\/cocolingua.com\/wp-content\/uploads\/2019\/07\/lanzarote-kanarischeinseln-canaryislands.jpg\" data-srcset=\"https:\/\/cocolingua.com\/wp-content\/uploads\/2019\/07\/lanzarote-kanarischeinseln-canaryislands-200x143.jpg 200w, https:\/\/cocolingua.com\/wp-content\/uploads\/2019\/07\/lanzarote-kanarischeinseln-canaryislands-300x214.jpg 300w, https:\/\/cocolingua.com\/wp-content\/uploads\/2019\/07\/lanzarote-kanarischeinseln-canaryislands-400x286.jpg 400w, https:\/\/cocolingua.com\/wp-content\/uploads\/2019\/07\/lanzarote-kanarischeinseln-canaryislands.jpg 560w\" data-sizes=\"auto\" \/><\/a><\/div><\/div><\/div><\/div><\/div><\/div><\/div><\/div><div class=\"fusion-layout-column fusion_builder_column fusion-builder-column-3 fusion_builder_column_1_1 1_1 fusion-flex-column\" style=\"--awb-bg-size:cover;--awb-width-large:100%;--awb-margin-top-large:40px;--awb-spacing-right-large:1.92%;--awb-margin-bottom-large:20px;--awb-spacing-left-large:1.92%;--awb-width-medium:100%;--awb-spacing-right-medium:1.92%;--awb-spacing-left-medium:1.92%;--awb-width-small:100%;--awb-spacing-right-small:1.92%;--awb-spacing-left-small:1.92%;\"><div class=\"fusion-column-wrapper fusion-flex-justify-content-flex-start fusion-content-layout-column\"><div class=\"fusion-text fusion-text-3\"><p>Lanzarote, si singuli\u00e8re et magnifique gr\u00e2ce \u00e0 son climat toujours agr\u00e9able, ses plages et ses paysages volcaniques. La g\u00e9ologie, les palmeraies, les paysages sous-marins et lunaires fa\u00e7onnent ici l\u2019harmonie entre l&rsquo;homme et la nature.<\/p>\n<p>Mais le plus grand joyau de Lanzarote est certainement ses habitants. Les Lanzarote\u00f1os, \u00e9galement appel\u00e9s \u00abconejeros\u00bb, sont des h\u00f4tes sympathiques et affectueux. Et quand vous les connaissez bien, vous vous sentez avec eux comme chez vous.<\/p>\n<\/div><\/div><\/div><div class=\"fusion-layout-column fusion_builder_column fusion-builder-column-4 fusion_builder_column_1_1 1_1 fusion-flex-column fusion-flex-align-self-flex-start fusion-column-no-min-height\" style=\"--awb-bg-size:cover;--awb-width-large:100%;--awb-margin-top-large:0px;--awb-spacing-right-large:1.92%;--awb-margin-bottom-large:0px;--awb-spacing-left-large:1.92%;--awb-width-medium:100%;--awb-spacing-right-medium:1.92%;--awb-spacing-left-medium:1.92%;--awb-width-small:100%;--awb-spacing-right-small:1.92%;--awb-spacing-left-small:1.92%;\"><div class=\"fusion-column-wrapper fusion-flex-justify-content-flex-start fusion-content-layout-column\"><div class=\"fusion-image-carousel fusion-image-carousel-auto fusion-image-carousel-2 lightbox-enabled fusion-carousel-border\"><div class=\"awb-carousel awb-swiper awb-swiper-carousel awb-carousel--carousel awb-swiper-dots-position-bottom\" data-layout=\"carousel\" data-autoplay=\"no\" data-autoplayspeed=\"2500\" data-autoplaypause=\"no\" data-columns=\"3\" data-columnsmedium=\"1\" data-columnssmall=\"1\" data-itemmargin=\"13\" data-itemwidth=\"180\" data-touchscroll=\"no\" data-freemode=\"no\" data-imagesize=\"auto\" data-scrollitems=\"0\" data-centeredslides=\"no\" data-rotationangle=\"50\" data-depth=\"100\" data-speed=\"500\" data-shadow=\"no\" data-pagination=\"bullets\" style=\"--awb-columns:3;--awb-border-width:1px;--awb-border-color:#e9eaee;\"><div class=\"swiper-wrapper awb-image-carousel-wrapper fusion-flex-align-items-center\"><div class=\"swiper-slide\"><div class=\"fusion-carousel-item-wrapper\"><div class=\"fusion-image-wrapper hover-type-liftup\"><a data-rel=\"iLightbox[image_carousel_2]\" data-title=\"lanzarote-languageschool-sprachschule-04\" aria-label=\"lanzarote-languageschool-sprachschule-04\" href=\"https:\/\/cocolingua.com\/wp-content\/uploads\/2019\/07\/lanzarote-languageschool-sprachschule-04.jpg\" target=\"_self\"><img decoding=\"async\" width=\"560\" height=\"400\" src=\"https:\/\/cocolingua.com\/wp-content\/uploads\/2019\/07\/lanzarote-languageschool-sprachschule-04.jpg\" class=\"attachment-full size-full lazyload\" alt=\"co co lingua - languageschool - sprachschule - \u00c9cole de langue - escuela de idiomas - -lanzarote\" srcset=\"data:image\/svg+xml,%3Csvg%20xmlns%3D%27http%3A%2F%2Fwww.w3.org%2F2000%2Fsvg%27%20width%3D%27560%27%20height%3D%27400%27%20viewBox%3D%270%200%20560%20400%27%3E%3Crect%20width%3D%27560%27%20height%3D%27400%27%20fill-opacity%3D%220%22%2F%3E%3C%2Fsvg%3E\" data-orig-src=\"https:\/\/cocolingua.com\/wp-content\/uploads\/2019\/07\/lanzarote-languageschool-sprachschule-04.jpg\" data-srcset=\"https:\/\/cocolingua.com\/wp-content\/uploads\/2019\/07\/lanzarote-languageschool-sprachschule-04-200x143.jpg 200w, https:\/\/cocolingua.com\/wp-content\/uploads\/2019\/07\/lanzarote-languageschool-sprachschule-04-400x286.jpg 400w, https:\/\/cocolingua.com\/wp-content\/uploads\/2019\/07\/lanzarote-languageschool-sprachschule-04.jpg 560w\" data-sizes=\"auto\" \/><\/a><\/div><\/div><\/div><div class=\"swiper-slide\"><div class=\"fusion-carousel-item-wrapper\"><div class=\"fusion-image-wrapper hover-type-liftup\"><a data-rel=\"iLightbox[image_carousel_2]\" data-title=\"lanzarote-languageschool-sprachschule-06\" aria-label=\"lanzarote-languageschool-sprachschule-06\" href=\"https:\/\/cocolingua.com\/wp-content\/uploads\/2019\/07\/lanzarote-languageschool-sprachschule-06.jpg\" target=\"_self\"><img decoding=\"async\" width=\"560\" height=\"400\" src=\"https:\/\/cocolingua.com\/wp-content\/uploads\/2019\/07\/lanzarote-languageschool-sprachschule-06.jpg\" class=\"attachment-full size-full lazyload\" alt=\"co co lingua - languageschool - sprachschule - \u00c9cole de langue - escuela de idiomas - -lanzarote\" srcset=\"data:image\/svg+xml,%3Csvg%20xmlns%3D%27http%3A%2F%2Fwww.w3.org%2F2000%2Fsvg%27%20width%3D%27560%27%20height%3D%27400%27%20viewBox%3D%270%200%20560%20400%27%3E%3Crect%20width%3D%27560%27%20height%3D%27400%27%20fill-opacity%3D%220%22%2F%3E%3C%2Fsvg%3E\" data-orig-src=\"https:\/\/cocolingua.com\/wp-content\/uploads\/2019\/07\/lanzarote-languageschool-sprachschule-06.jpg\" data-srcset=\"https:\/\/cocolingua.com\/wp-content\/uploads\/2019\/07\/lanzarote-languageschool-sprachschule-06-200x143.jpg 200w, https:\/\/cocolingua.com\/wp-content\/uploads\/2019\/07\/lanzarote-languageschool-sprachschule-06-400x286.jpg 400w, https:\/\/cocolingua.com\/wp-content\/uploads\/2019\/07\/lanzarote-languageschool-sprachschule-06.jpg 560w\" data-sizes=\"auto\" \/><\/a><\/div><\/div><\/div><div class=\"swiper-slide\"><div class=\"fusion-carousel-item-wrapper\"><div class=\"fusion-image-wrapper hover-type-liftup\"><a data-rel=\"iLightbox[image_carousel_2]\" data-title=\"lanzarote-languageschool-sprachschule-03\" aria-label=\"lanzarote-languageschool-sprachschule-03\" href=\"https:\/\/cocolingua.com\/wp-content\/uploads\/2019\/07\/lanzarote-languageschool-sprachschule-03.jpg\" target=\"_self\"><img decoding=\"async\" width=\"560\" height=\"400\" src=\"https:\/\/cocolingua.com\/wp-content\/uploads\/2019\/07\/lanzarote-languageschool-sprachschule-03.jpg\" class=\"attachment-full size-full lazyload\" alt=\"co co lingua - languageschool - sprachschule - \u00c9cole de langue - escuela de idiomas - -lanzarote\" srcset=\"data:image\/svg+xml,%3Csvg%20xmlns%3D%27http%3A%2F%2Fwww.w3.org%2F2000%2Fsvg%27%20width%3D%27560%27%20height%3D%27400%27%20viewBox%3D%270%200%20560%20400%27%3E%3Crect%20width%3D%27560%27%20height%3D%27400%27%20fill-opacity%3D%220%22%2F%3E%3C%2Fsvg%3E\" data-orig-src=\"https:\/\/cocolingua.com\/wp-content\/uploads\/2019\/07\/lanzarote-languageschool-sprachschule-03.jpg\" data-srcset=\"https:\/\/cocolingua.com\/wp-content\/uploads\/2019\/07\/lanzarote-languageschool-sprachschule-03-200x143.jpg 200w, https:\/\/cocolingua.com\/wp-content\/uploads\/2019\/07\/lanzarote-languageschool-sprachschule-03-400x286.jpg 400w, https:\/\/cocolingua.com\/wp-content\/uploads\/2019\/07\/lanzarote-languageschool-sprachschule-03.jpg 560w\" data-sizes=\"auto\" \/><\/a><\/div><\/div><\/div><div class=\"swiper-slide\"><div class=\"fusion-carousel-item-wrapper\"><div class=\"fusion-image-wrapper hover-type-liftup\"><a data-rel=\"iLightbox[image_carousel_2]\" data-title=\"lanzarote-languageschool-sprachschule-02\" aria-label=\"lanzarote-languageschool-sprachschule-02\" href=\"https:\/\/cocolingua.com\/wp-content\/uploads\/2019\/07\/lanzarote-languageschool-sprachschule-02.jpg\" target=\"_self\"><img decoding=\"async\" width=\"560\" height=\"400\" src=\"https:\/\/cocolingua.com\/wp-content\/uploads\/2019\/07\/lanzarote-languageschool-sprachschule-02.jpg\" class=\"attachment-full size-full lazyload\" alt=\"co co lingua - languageschool - sprachschule - \u00c9cole de langue - escuela de idiomas - -lanzarote\" srcset=\"data:image\/svg+xml,%3Csvg%20xmlns%3D%27http%3A%2F%2Fwww.w3.org%2F2000%2Fsvg%27%20width%3D%27560%27%20height%3D%27400%27%20viewBox%3D%270%200%20560%20400%27%3E%3Crect%20width%3D%27560%27%20height%3D%27400%27%20fill-opacity%3D%220%22%2F%3E%3C%2Fsvg%3E\" data-orig-src=\"https:\/\/cocolingua.com\/wp-content\/uploads\/2019\/07\/lanzarote-languageschool-sprachschule-02.jpg\" data-srcset=\"https:\/\/cocolingua.com\/wp-content\/uploads\/2019\/07\/lanzarote-languageschool-sprachschule-02-200x143.jpg 200w, https:\/\/cocolingua.com\/wp-content\/uploads\/2019\/07\/lanzarote-languageschool-sprachschule-02-400x286.jpg 400w, https:\/\/cocolingua.com\/wp-content\/uploads\/2019\/07\/lanzarote-languageschool-sprachschule-02.jpg 560w\" data-sizes=\"auto\" \/><\/a><\/div><\/div><\/div><div class=\"swiper-slide\"><div class=\"fusion-carousel-item-wrapper\"><div class=\"fusion-image-wrapper hover-type-liftup\"><a data-rel=\"iLightbox[image_carousel_2]\" data-title=\"lanzarote-languageschool-sprachschule-05\" aria-label=\"lanzarote-languageschool-sprachschule-05\" href=\"https:\/\/cocolingua.com\/wp-content\/uploads\/2019\/07\/lanzarote-languageschool-sprachschule-05.jpg\" target=\"_self\"><img decoding=\"async\" width=\"560\" height=\"400\" src=\"https:\/\/cocolingua.com\/wp-content\/uploads\/2019\/07\/lanzarote-languageschool-sprachschule-05.jpg\" class=\"attachment-full size-full lazyload\" alt=\"co co lingua - languageschool - sprachschule - \u00c9cole de langue - escuela de idiomas - -lanzarote\" srcset=\"data:image\/svg+xml,%3Csvg%20xmlns%3D%27http%3A%2F%2Fwww.w3.org%2F2000%2Fsvg%27%20width%3D%27560%27%20height%3D%27400%27%20viewBox%3D%270%200%20560%20400%27%3E%3Crect%20width%3D%27560%27%20height%3D%27400%27%20fill-opacity%3D%220%22%2F%3E%3C%2Fsvg%3E\" data-orig-src=\"https:\/\/cocolingua.com\/wp-content\/uploads\/2019\/07\/lanzarote-languageschool-sprachschule-05.jpg\" data-srcset=\"https:\/\/cocolingua.com\/wp-content\/uploads\/2019\/07\/lanzarote-languageschool-sprachschule-05-200x143.jpg 200w, https:\/\/cocolingua.com\/wp-content\/uploads\/2019\/07\/lanzarote-languageschool-sprachschule-05-400x286.jpg 400w, https:\/\/cocolingua.com\/wp-content\/uploads\/2019\/07\/lanzarote-languageschool-sprachschule-05.jpg 560w\" data-sizes=\"auto\" \/><\/a><\/div><\/div><\/div><div class=\"swiper-slide\"><div class=\"fusion-carousel-item-wrapper\"><div class=\"fusion-image-wrapper hover-type-liftup\"><a data-rel=\"iLightbox[image_carousel_2]\" data-title=\"lanzarote-languageschool-sprachschule-01\" aria-label=\"lanzarote-languageschool-sprachschule-01\" href=\"https:\/\/cocolingua.com\/wp-content\/uploads\/2019\/07\/lanzarote-languageschool-sprachschule-01.jpg\" target=\"_self\"><img decoding=\"async\" width=\"560\" height=\"400\" src=\"https:\/\/cocolingua.com\/wp-content\/uploads\/2019\/07\/lanzarote-languageschool-sprachschule-01.jpg\" class=\"attachment-full size-full lazyload\" alt=\"co co lingua - languageschool - sprachschule - \u00c9cole de langue - escuela de idiomas - -lanzarote\" srcset=\"data:image\/svg+xml,%3Csvg%20xmlns%3D%27http%3A%2F%2Fwww.w3.org%2F2000%2Fsvg%27%20width%3D%27560%27%20height%3D%27400%27%20viewBox%3D%270%200%20560%20400%27%3E%3Crect%20width%3D%27560%27%20height%3D%27400%27%20fill-opacity%3D%220%22%2F%3E%3C%2Fsvg%3E\" data-orig-src=\"https:\/\/cocolingua.com\/wp-content\/uploads\/2019\/07\/lanzarote-languageschool-sprachschule-01.jpg\" data-srcset=\"https:\/\/cocolingua.com\/wp-content\/uploads\/2019\/07\/lanzarote-languageschool-sprachschule-01-200x143.jpg 200w, https:\/\/cocolingua.com\/wp-content\/uploads\/2019\/07\/lanzarote-languageschool-sprachschule-01-400x286.jpg 400w, https:\/\/cocolingua.com\/wp-content\/uploads\/2019\/07\/lanzarote-languageschool-sprachschule-01.jpg 560w\" data-sizes=\"auto\" \/><\/a><\/div><\/div><\/div><\/div><div class=\"awb-swiper-button awb-swiper-button-prev\"><i class=\"awb-icon-angle-left\" aria-hidden=\"true\"><\/i><\/div><div class=\"awb-swiper-button awb-swiper-button-next\"><i class=\"awb-icon-angle-right\" aria-hidden=\"true\"><\/i><\/div><\/div><\/div><div class=\"fusion-separator fusion-has-icon fusion-full-width-sep\" style=\"align-self: center;margin-left: auto;margin-right: auto;margin-bottom:40px;width:100%;\"><div class=\"fusion-separator-border sep-single sep-solid\" style=\"--awb-height:20px;--awb-amount:20px;border-color:#e0dede;border-top-width:1px;\"><\/div><span class=\"icon-wrapper\" style=\"border-color:#e0dede;background-color:rgba(255,255,255,0);font-size:16px;width: 1.75em; height: 1.75em;border-width:1px;padding:1px;margin-top:-0.5px\"><i class=\" fa fa-chevron-down\" style=\"font-size: inherit;color:#e0dede;\" aria-hidden=\"true\"><\/i><\/span><div class=\"fusion-separator-border sep-single sep-solid\" style=\"--awb-height:20px;--awb-amount:20px;border-color:#e0dede;border-top-width:1px;\"><\/div><\/div><\/div><\/div><div class=\"fusion-layout-column fusion_builder_column fusion-builder-column-5 fusion_builder_column_1_1 1_1 fusion-flex-column\" style=\"--awb-bg-size:cover;--awb-width-large:100%;--awb-margin-top-large:0px;--awb-spacing-right-large:1.92%;--awb-margin-bottom-large:20px;--awb-spacing-left-large:1.92%;--awb-width-medium:100%;--awb-spacing-right-medium:1.92%;--awb-spacing-left-medium:1.92%;--awb-width-small:100%;--awb-spacing-right-small:1.92%;--awb-spacing-left-small:1.92%;\"><div class=\"fusion-column-wrapper fusion-flex-justify-content-flex-start fusion-content-layout-column\"><div class=\"fusion-title title fusion-title-3 fusion-sep-none fusion-title-center fusion-title-text fusion-title-size-three\" style=\"--awb-margin-top:20px;\"><h3 class=\"fusion-title-heading title-heading-center\" style=\"margin:0;\">L&rsquo;\u00e9cole de langues Co Co Lingua \u00e0 Lanzarote &#8211; O\u00f9 sommes-nous?<\/h3><\/div><div class=\"fusion-text fusion-text-4\"><p>Vous nous trouverez au Sud de Lanzarote, au sein de la ville de Yaiza, nomm\u00e9e \u00e0 maintes reprises \u00abla plus belle ville des Canaries\u00bb. L&rsquo;\u00e9cole dispose d&rsquo;excellentes installations dont des salles de classe spacieuses et lumineuses qui offrent des vues spectaculaires sur les Monta\u00f1as de Fuego. Elles procurent une atmosph\u00e8re paisible, agr\u00e9able et un environnement d&rsquo;apprentissage id\u00e9al.<\/p>\n<p>L&rsquo;\u00e9cole met \u00e0 votre disposition un parking spacieux. A proximit\u00e9, vous trouverez aussi un coiffeur, une caf\u00e9t\u00e9ria et sa terrasse ensoleill\u00e9e, ainsi que le remarquable Centre artisanal &#8211; une maison canarienne typique, compos\u00e9e de belles boutiques et d\u2019un bar \u00e0 tapas gastronomique.<\/p>\n<\/div><\/div><\/div><div class=\"fusion-layout-column fusion_builder_column fusion-builder-column-6 fusion_builder_column_1_6 1_6 fusion-flex-column\" style=\"--awb-bg-size:cover;--awb-width-large:16.666666666667%;--awb-margin-top-large:40px;--awb-spacing-right-large:11.52%;--awb-margin-bottom-large:20px;--awb-spacing-left-large:11.52%;--awb-width-medium:100%;--awb-spacing-right-medium:1.92%;--awb-spacing-left-medium:1.92%;--awb-width-small:100%;--awb-spacing-right-small:1.92%;--awb-spacing-left-small:1.92%;\"><div class=\"fusion-column-wrapper fusion-flex-justify-content-flex-start fusion-content-layout-column\"><\/div><\/div><div class=\"fusion-layout-column fusion_builder_column fusion-builder-column-7 fusion_builder_column_1_3 1_3 fusion-flex-column\" style=\"--awb-bg-size:cover;--awb-width-large:33.333333333333%;--awb-margin-top-large:0px;--awb-spacing-right-large:5.76%;--awb-margin-bottom-large:20px;--awb-spacing-left-large:5.76%;--awb-width-medium:100%;--awb-spacing-right-medium:1.92%;--awb-spacing-left-medium:1.92%;--awb-width-small:100%;--awb-spacing-right-small:1.92%;--awb-spacing-left-small:1.92%;\"><div class=\"fusion-column-wrapper fusion-flex-justify-content-flex-start fusion-content-layout-column\"><div ><a class=\"fusion-button button-flat fusion-button-default-size button-default fusion-button-default button-1 fusion-button-span-yes fusion-button-default-type\" target=\"_self\" href=\"https:\/\/cocolingua.com\/fr\/co-co-lingua\/\"><span class=\"fusion-button-text awb-button__text awb-button__text--default\">notre \u00e9cole<\/span><\/a><\/div><\/div><\/div><div class=\"fusion-layout-column fusion_builder_column fusion-builder-column-8 fusion_builder_column_1_3 1_3 fusion-flex-column\" style=\"--awb-bg-size:cover;--awb-width-large:33.333333333333%;--awb-margin-top-large:0px;--awb-spacing-right-large:5.76%;--awb-margin-bottom-large:20px;--awb-spacing-left-large:5.76%;--awb-width-medium:100%;--awb-spacing-right-medium:1.92%;--awb-spacing-left-medium:1.92%;--awb-width-small:100%;--awb-spacing-right-small:1.92%;--awb-spacing-left-small:1.92%;\"><div class=\"fusion-column-wrapper fusion-flex-justify-content-flex-start fusion-content-layout-column\"><div ><a class=\"fusion-button button-flat fusion-button-default-size button-default fusion-button-default button-2 fusion-button-span-yes fusion-button-default-type\" target=\"_self\" href=\"https:\/\/cocolingua.com\/fr\/cours-et-tarifs\/\"><span class=\"fusion-button-text awb-button__text awb-button__text--default\">nos cours<\/span><\/a><\/div><\/div><\/div><div class=\"fusion-layout-column fusion_builder_column fusion-builder-column-9 fusion_builder_column_1_6 1_6 fusion-flex-column\" style=\"--awb-bg-size:cover;--awb-width-large:16.666666666667%;--awb-margin-top-large:40px;--awb-spacing-right-large:11.52%;--awb-margin-bottom-large:20px;--awb-spacing-left-large:11.52%;--awb-width-medium:100%;--awb-spacing-right-medium:1.92%;--awb-spacing-left-medium:1.92%;--awb-width-small:100%;--awb-spacing-right-small:1.92%;--awb-spacing-left-small:1.92%;\"><div class=\"fusion-column-wrapper fusion-flex-justify-content-flex-start fusion-content-layout-column\"><\/div><\/div><\/div><\/div>\n","protected":false},"excerpt":{"rendered":"","protected":false},"author":3,"featured_media":0,"parent":0,"menu_order":0,"comment_status":"closed","ping_status":"closed","template":"","meta":{"ngg_post_thumbnail":0,"footnotes":""},"class_list":["post-13853","page","type-page","status-publish","hentry"],"_links":{"self":[{"href":"https:\/\/cocolingua.com\/fr\/wp-json\/wp\/v2\/pages\/13853","targetHints":{"allow":["GET"]}}],"collection":[{"href":"https:\/\/cocolingua.com\/fr\/wp-json\/wp\/v2\/pages"}],"about":[{"href":"https:\/\/cocolingua.com\/fr\/wp-json\/wp\/v2\/types\/page"}],"author":[{"embeddable":true,"href":"https:\/\/cocolingua.com\/fr\/wp-json\/wp\/v2\/users\/3"}],"replies":[{"embeddable":true,"href":"https:\/\/cocolingua.com\/fr\/wp-json\/wp\/v2\/comments?post=13853"}],"version-history":[{"count":1,"href":"https:\/\/cocolingua.com\/fr\/wp-json\/wp\/v2\/pages\/13853\/revisions"}],"predecessor-version":[{"id":17165,"href":"https:\/\/cocolingua.com\/fr\/wp-json\/wp\/v2\/pages\/13853\/revisions\/17165"}],"wp:attachment":[{"href":"https:\/\/cocolingua.com\/fr\/wp-json\/wp\/v2\/media?parent=13853"}],"curies":[{"name":"wp","href":"https:\/\/api.w.org\/{rel}","templated":true}]}}