{"id":13780,"date":"2017-04-04T10:19:26","date_gmt":"2017-04-04T10:19:26","guid":{"rendered":"https:\/\/cocolingua.com\/modalites-et-tarifs\/"},"modified":"2017-04-04T10:19:26","modified_gmt":"2017-04-04T10:19:26","slug":"modalites-et-tarifs","status":"publish","type":"page","link":"https:\/\/cocolingua.com\/fr\/modalites-et-tarifs\/","title":{"rendered":"Modalit\u00e9s et tarifs"},"content":{"rendered":"<h1>Proposition tarifaire<\/h1>\n<h2><strong>Formation \u00e0 l\u2019Interculturel<\/strong><\/h2>\n<h3><strong>En semaine &#8211; <\/strong> Particulier ou en groupe<\/h3>\n<p><img decoding=\"async\" class=\"lazyload aligncenter wp-image-5588 size-full\" src=\"https:\/\/cocolingua.com\/wp-content\/uploads\/2018\/03\/intercultural-semana.jpg\" data-orig-src=\"https:\/\/cocolingua.com\/wp-content\/uploads\/2018\/03\/intercultural-semana.jpg\" alt=\"\" width=\"407\" height=\"153\" srcset=\"data:image\/svg+xml,%3Csvg%20xmlns%3D%27http%3A%2F%2Fwww.w3.org%2F2000%2Fsvg%27%20width%3D%27407%27%20height%3D%27153%27%20viewBox%3D%270%200%20407%20153%27%3E%3Crect%20width%3D%27407%27%20height%3D%27153%27%20fill-opacity%3D%220%22%2F%3E%3C%2Fsvg%3E\" data-srcset=\"https:\/\/cocolingua.com\/wp-content\/uploads\/2018\/03\/intercultural-semana-200x75.jpg 200w, https:\/\/cocolingua.com\/wp-content\/uploads\/2018\/03\/intercultural-semana-300x113.jpg 300w, https:\/\/cocolingua.com\/wp-content\/uploads\/2018\/03\/intercultural-semana-400x150.jpg 400w, https:\/\/cocolingua.com\/wp-content\/uploads\/2018\/03\/intercultural-semana.jpg 407w\" data-sizes=\"auto\" data-orig-sizes=\"(max-width: 407px) 100vw, 407px\" \/><\/p>\n<h3><strong> Week-end <\/strong> Particulier ou en groupe<\/h3>\n<p><img decoding=\"async\" class=\"lazyload aligncenter wp-image-5589 size-full\" src=\"https:\/\/cocolingua.com\/wp-content\/uploads\/2018\/03\/fnidesemana.jpg\" data-orig-src=\"https:\/\/cocolingua.com\/wp-content\/uploads\/2018\/03\/fnidesemana.jpg\" alt=\"\" width=\"406\" height=\"183\" srcset=\"data:image\/svg+xml,%3Csvg%20xmlns%3D%27http%3A%2F%2Fwww.w3.org%2F2000%2Fsvg%27%20width%3D%27406%27%20height%3D%27183%27%20viewBox%3D%270%200%20406%20183%27%3E%3Crect%20width%3D%27406%27%20height%3D%27183%27%20fill-opacity%3D%220%22%2F%3E%3C%2Fsvg%3E\" data-srcset=\"https:\/\/cocolingua.com\/wp-content\/uploads\/2018\/03\/fnidesemana-200x90.jpg 200w, https:\/\/cocolingua.com\/wp-content\/uploads\/2018\/03\/fnidesemana-300x135.jpg 300w, https:\/\/cocolingua.com\/wp-content\/uploads\/2018\/03\/fnidesemana-400x180.jpg 400w, https:\/\/cocolingua.com\/wp-content\/uploads\/2018\/03\/fnidesemana.jpg 406w\" data-sizes=\"auto\" data-orig-sizes=\"(max-width: 406px) 100vw, 406px\" \/><\/p>\n<p><strong><em>*1 Ut\u00e9. = 45 Minutes<\/em><\/strong><\/p>\n<p>&nbsp;<\/p>\n<h2><strong>Programme Intensif<\/strong><\/h2>\n<h3><strong>Particulier ou en mini-groupes \u2013 de 1 \u00e0 4 semaines<\/strong><\/h3>\n<ul>\n<li>Cours Premium Intensif 20<\/li>\n<li>Cours Premium Intensif 20 + 5<\/li>\n<\/ul>\n<p><strong><em>*1 Ut\u00e9. = 45 Minutes<\/em><\/strong><\/p>\n<p><strong><em>* Avant d\u2019atteindre un niveau (A1, A2, B1, B2), il faut d\u2019abord avoir compl\u00e9t\u00e9 entre 4 et 6 modules<\/em><\/strong><\/p>\n<p><strong><em>* Demandez les tarifs pour un groupe de 3 personnes<\/em><\/strong><\/p>\n<p>&nbsp;<\/p>\n<h3>Tarifs \u2013 Cours particuliers<\/h3>\n<p><img decoding=\"async\" class=\"lazyload aligncenter wp-image-5583 size-full\" src=\"https:\/\/cocolingua.com\/wp-content\/uploads\/2018\/03\/cursos-particulares-fr.jpg\" data-orig-src=\"https:\/\/cocolingua.com\/wp-content\/uploads\/2018\/03\/cursos-particulares-fr.jpg\" alt=\"\" width=\"645\" height=\"167\" srcset=\"data:image\/svg+xml,%3Csvg%20xmlns%3D%27http%3A%2F%2Fwww.w3.org%2F2000%2Fsvg%27%20width%3D%27645%27%20height%3D%27167%27%20viewBox%3D%270%200%20645%20167%27%3E%3Crect%20width%3D%27645%27%20height%3D%27167%27%20fill-opacity%3D%220%22%2F%3E%3C%2Fsvg%3E\" data-srcset=\"https:\/\/cocolingua.com\/wp-content\/uploads\/2018\/03\/cursos-particulares-fr-200x52.jpg 200w, https:\/\/cocolingua.com\/wp-content\/uploads\/2018\/03\/cursos-particulares-fr-300x78.jpg 300w, https:\/\/cocolingua.com\/wp-content\/uploads\/2018\/03\/cursos-particulares-fr-400x104.jpg 400w, https:\/\/cocolingua.com\/wp-content\/uploads\/2018\/03\/cursos-particulares-fr-600x155.jpg 600w, https:\/\/cocolingua.com\/wp-content\/uploads\/2018\/03\/cursos-particulares-fr.jpg 645w\" data-sizes=\"auto\" data-orig-sizes=\"(max-width: 645px) 100vw, 645px\" \/><\/p>\n<p>&nbsp;<\/p>\n<h3>Tarifs \u2013 Mini Groupe (2 personnes)<\/h3>\n<p><img decoding=\"async\" class=\"lazyload aligncenter wp-image-5584 size-full\" src=\"https:\/\/cocolingua.com\/wp-content\/uploads\/2018\/03\/mini-grupo-fr.jpg\" data-orig-src=\"https:\/\/cocolingua.com\/wp-content\/uploads\/2018\/03\/mini-grupo-fr.jpg\" alt=\"\" width=\"645\" height=\"150\" srcset=\"data:image\/svg+xml,%3Csvg%20xmlns%3D%27http%3A%2F%2Fwww.w3.org%2F2000%2Fsvg%27%20width%3D%27645%27%20height%3D%27150%27%20viewBox%3D%270%200%20645%20150%27%3E%3Crect%20width%3D%27645%27%20height%3D%27150%27%20fill-opacity%3D%220%22%2F%3E%3C%2Fsvg%3E\" data-srcset=\"https:\/\/cocolingua.com\/wp-content\/uploads\/2018\/03\/mini-grupo-fr-200x47.jpg 200w, https:\/\/cocolingua.com\/wp-content\/uploads\/2018\/03\/mini-grupo-fr-300x70.jpg 300w, https:\/\/cocolingua.com\/wp-content\/uploads\/2018\/03\/mini-grupo-fr-400x93.jpg 400w, https:\/\/cocolingua.com\/wp-content\/uploads\/2018\/03\/mini-grupo-fr-600x140.jpg 600w, https:\/\/cocolingua.com\/wp-content\/uploads\/2018\/03\/mini-grupo-fr.jpg 645w\" data-sizes=\"auto\" data-orig-sizes=\"(max-width: 645px) 100vw, 645px\" \/><\/p>\n<p>&nbsp;<\/p>\n<h2><strong>Modules en petit groupe (4 \u2013 6 personnes) &#8211;<\/strong> de 1 \u00e0 2 semaines<\/h2>\n<ul>\n<li>Modules 20 \u00e0 10 heures\/semaine x 2 semaines<\/li>\n<li>Modules 20 \u00e0 20 heures\/semaine x 1 semaine<\/li>\n<\/ul>\n<p><img decoding=\"async\" class=\"lazyload aligncenter wp-image-5585 size-full\" src=\"https:\/\/cocolingua.com\/wp-content\/uploads\/2018\/03\/petit-grupe-fr.jpg\" data-orig-src=\"https:\/\/cocolingua.com\/wp-content\/uploads\/2018\/03\/petit-grupe-fr.jpg\" alt=\"\" width=\"348\" height=\"150\" srcset=\"data:image\/svg+xml,%3Csvg%20xmlns%3D%27http%3A%2F%2Fwww.w3.org%2F2000%2Fsvg%27%20width%3D%27348%27%20height%3D%27150%27%20viewBox%3D%270%200%20348%20150%27%3E%3Crect%20width%3D%27348%27%20height%3D%27150%27%20fill-opacity%3D%220%22%2F%3E%3C%2Fsvg%3E\" data-srcset=\"https:\/\/cocolingua.com\/wp-content\/uploads\/2018\/03\/petit-grupe-fr-200x86.jpg 200w, https:\/\/cocolingua.com\/wp-content\/uploads\/2018\/03\/petit-grupe-fr-300x129.jpg 300w, https:\/\/cocolingua.com\/wp-content\/uploads\/2018\/03\/petit-grupe-fr.jpg 348w\" data-sizes=\"auto\" data-orig-sizes=\"(max-width: 348px) 100vw, 348px\" \/><\/p>\n<p>&nbsp;<\/p>\n<p><strong><em>* Pour l\u2019ensemble de nos cours, nous fournissons le mat\u00e9riel didactique, garantissons un suivi permanent, un rapport de la Direction \u00e0 la fin de chaque module de m\u00eame qu\u2019une \u00e9valuation du cours et \u00e9tablissons un certificat d\u2019obtention du niveau.<\/em><\/strong><\/p>\n<p>&nbsp;<\/p>\n<h2><strong>Programme Extensif<\/strong><\/h2>\n<h3><strong>Particulier, Mini-Groupe, Petit Groupe et Grand Groupe<\/strong><\/h3>\n<p><strong><em>*Avant d\u2019atteindre un niveau (A1, A2, B1, B2), il faut d\u2019abord avoir compl\u00e9t\u00e9 entre 4 et 6 modules<\/em><\/strong><\/p>\n<h3>&nbsp;<\/h3>\n<h3><strong> Cours particulier -&gt; <\/strong> 1 Personne x 40\u20ac\/heure<\/h3>\n<h3>&nbsp;<\/h3>\n<h3><strong> Mini Groupe <\/strong> (2 \u2013 3 personnes)<\/h3>\n<p><img decoding=\"async\" class=\"lazyload aligncenter wp-image-5587 size-full\" src=\"https:\/\/cocolingua.com\/wp-content\/uploads\/2018\/03\/programaExtensivo-minigrupo-fr.jpg\" data-orig-src=\"https:\/\/cocolingua.com\/wp-content\/uploads\/2018\/03\/programaExtensivo-minigrupo-fr.jpg\" alt=\"\" width=\"460\" height=\"93\" srcset=\"data:image\/svg+xml,%3Csvg%20xmlns%3D%27http%3A%2F%2Fwww.w3.org%2F2000%2Fsvg%27%20width%3D%27460%27%20height%3D%2793%27%20viewBox%3D%270%200%20460%2093%27%3E%3Crect%20width%3D%27460%27%20height%3D%2793%27%20fill-opacity%3D%220%22%2F%3E%3C%2Fsvg%3E\" data-srcset=\"https:\/\/cocolingua.com\/wp-content\/uploads\/2018\/03\/programaExtensivo-minigrupo-fr-200x40.jpg 200w, https:\/\/cocolingua.com\/wp-content\/uploads\/2018\/03\/programaExtensivo-minigrupo-fr-300x61.jpg 300w, https:\/\/cocolingua.com\/wp-content\/uploads\/2018\/03\/programaExtensivo-minigrupo-fr-400x81.jpg 400w, https:\/\/cocolingua.com\/wp-content\/uploads\/2018\/03\/programaExtensivo-minigrupo-fr.jpg 460w\" data-sizes=\"auto\" data-orig-sizes=\"(max-width: 460px) 100vw, 460px\" \/><\/p>\n<p>&nbsp;<\/p>\n<h3><strong> Petit Groupe <\/strong> (4 \u2013 6 personnes)<\/h3>\n<p><img decoding=\"async\" class=\"lazyload aligncenter wp-image-5582 size-full\" src=\"https:\/\/cocolingua.com\/wp-content\/uploads\/2018\/03\/programaExtensivo-petitgrupe-fr.jpg\" data-orig-src=\"https:\/\/cocolingua.com\/wp-content\/uploads\/2018\/03\/programaExtensivo-petitgrupe-fr.jpg\" alt=\"\" width=\"460\" height=\"104\" srcset=\"data:image\/svg+xml,%3Csvg%20xmlns%3D%27http%3A%2F%2Fwww.w3.org%2F2000%2Fsvg%27%20width%3D%27460%27%20height%3D%27104%27%20viewBox%3D%270%200%20460%20104%27%3E%3Crect%20width%3D%27460%27%20height%3D%27104%27%20fill-opacity%3D%220%22%2F%3E%3C%2Fsvg%3E\" data-srcset=\"https:\/\/cocolingua.com\/wp-content\/uploads\/2018\/03\/programaExtensivo-petitgrupe-fr-200x45.jpg 200w, https:\/\/cocolingua.com\/wp-content\/uploads\/2018\/03\/programaExtensivo-petitgrupe-fr-300x68.jpg 300w, https:\/\/cocolingua.com\/wp-content\/uploads\/2018\/03\/programaExtensivo-petitgrupe-fr-400x90.jpg 400w, https:\/\/cocolingua.com\/wp-content\/uploads\/2018\/03\/programaExtensivo-petitgrupe-fr.jpg 460w\" data-sizes=\"auto\" data-orig-sizes=\"(max-width: 460px) 100vw, 460px\" \/><\/p>\n<p>&nbsp;<\/p>\n<h3><strong> Grand Groupe <\/strong>(7 \u2013 12 personnes)<\/h3>\n<p><img decoding=\"async\" class=\"lazyload aligncenter wp-image-5586 size-full\" src=\"https:\/\/cocolingua.com\/wp-content\/uploads\/2018\/03\/programaExtensivo-grandgrupe-fr.jpg\" data-orig-src=\"https:\/\/cocolingua.com\/wp-content\/uploads\/2018\/03\/programaExtensivo-grandgrupe-fr.jpg\" alt=\"\" width=\"460\" height=\"193\" srcset=\"data:image\/svg+xml,%3Csvg%20xmlns%3D%27http%3A%2F%2Fwww.w3.org%2F2000%2Fsvg%27%20width%3D%27460%27%20height%3D%27193%27%20viewBox%3D%270%200%20460%20193%27%3E%3Crect%20width%3D%27460%27%20height%3D%27193%27%20fill-opacity%3D%220%22%2F%3E%3C%2Fsvg%3E\" data-srcset=\"https:\/\/cocolingua.com\/wp-content\/uploads\/2018\/03\/programaExtensivo-grandgrupe-fr-200x84.jpg 200w, https:\/\/cocolingua.com\/wp-content\/uploads\/2018\/03\/programaExtensivo-grandgrupe-fr-300x126.jpg 300w, https:\/\/cocolingua.com\/wp-content\/uploads\/2018\/03\/programaExtensivo-grandgrupe-fr-400x168.jpg 400w, https:\/\/cocolingua.com\/wp-content\/uploads\/2018\/03\/programaExtensivo-grandgrupe-fr.jpg 460w\" data-sizes=\"auto\" data-orig-sizes=\"(max-width: 460px) 100vw, 460px\" \/><\/p>\n<p>&nbsp;<\/p>\n<h3><strong> Modules pour Petits Groupes et Grand Groupe <\/strong>(de 4 \u00e0 5 semaines)<\/h3>\n<ul>\n<li>Modules 20 \u00e0 4 heures\/semaine x 5 semaines<\/li>\n<li>Modules 20 \u00e0 5 heures\/semaine x 4 semaines<\/li>\n<\/ul>\n<p>&nbsp;<\/p>\n<p><a href=\"http:\/\/www.asolan.com\/\" target=\"_blank\" rel=\"noopener\"><img decoding=\"async\" class=\"lazyload alignleft wp-image-4465\" src=\"data:image\/svg+xml,%3Csvg%20xmlns%3D%27http%3A%2F%2Fwww.w3.org%2F2000%2Fsvg%27%20width%3D%27178%27%20height%3D%27111%27%20viewBox%3D%270%200%20178%20111%27%3E%3Crect%20width%3D%27178%27%20height%3D%27111%27%20fill-opacity%3D%220%22%2F%3E%3C%2Fsvg%3E\" data-orig-src=\"https:\/\/cocolingua.com\/wp-content\/uploads\/2017\/02\/asolan-2.jpg\" alt=\"Asociacion insular de hoteles y apartamentos\" width=\"178\" height=\"111\"><\/a><\/p>\n<p>&nbsp;<\/p>\n<p>Notre <strong> Centre de Formation est membre de <a href=\"http:\/\/www.asolan.com\/\" target=\"_blank\" rel=\"noopener\">ASOLAN<\/a><\/strong> et inscrit \u00e0 la Fundaci\u00f3n Estatal para la formaci\u00f3n en el empleo (Fondation publique pour la formation continue), de fa\u00e7on \u00e0 pouvoir faire <strong>financer certaines formations<\/strong>.<\/p>\n<p>&nbsp;<\/p>\n<p><strong><em>*Pour l\u2019ensemble de nos cours, nous fournissons le mat\u00e9riel didactique, garantissons un suivi permanent, un rapport de la Direction \u00e0 la fin de chaque module de m\u00eame qu\u2019une \u00e9valuation du cours et \u00e9tablissons un certificat d\u2019obtention du niveau.<\/em><\/strong><\/p>\n<p><strong><em>*TARIF ASOLAN: 10% applicable uniquement pour la formule \u00ab&nbsp;Grand Groupe&nbsp;\u00bb et \u00e0 partir de 2 groupes par contrat (minimum 2 modules pour chaque groupe).<\/em><\/strong><br \/>\n[:][\/fusion_builder_column][\/fusion_builder_row][\/fusion_builder_container]<\/p>\n","protected":false},"excerpt":{"rendered":"<p>Proposition tarifaire Formation \u00e0 l\u2019Interculturel En semaine &#8211; Particulier ou en groupe Week-end Particulier ou en groupe *1 Ut\u00e9. = 45 Minutes &nbsp; Programme Intensif Particulier ou en mini-groupes \u2013 de 1 \u00e0 4 semaines Cours Premium Intensif 20 Cours Premium Intensif 20 + 5 *1 Ut\u00e9. = 45 Minutes * Avant d\u2019atteindre un niveau  [&#8230;]<\/p>\n","protected":false},"author":3,"featured_media":0,"parent":0,"menu_order":0,"comment_status":"closed","ping_status":"closed","template":"","meta":{"ngg_post_thumbnail":0,"footnotes":""},"class_list":["post-13780","page","type-page","status-publish","hentry"],"_links":{"self":[{"href":"https:\/\/cocolingua.com\/fr\/wp-json\/wp\/v2\/pages\/13780","targetHints":{"allow":["GET"]}}],"collection":[{"href":"https:\/\/cocolingua.com\/fr\/wp-json\/wp\/v2\/pages"}],"about":[{"href":"https:\/\/cocolingua.com\/fr\/wp-json\/wp\/v2\/types\/page"}],"author":[{"embeddable":true,"href":"https:\/\/cocolingua.com\/fr\/wp-json\/wp\/v2\/users\/3"}],"replies":[{"embeddable":true,"href":"https:\/\/cocolingua.com\/fr\/wp-json\/wp\/v2\/comments?post=13780"}],"version-history":[{"count":0,"href":"https:\/\/cocolingua.com\/fr\/wp-json\/wp\/v2\/pages\/13780\/revisions"}],"wp:attachment":[{"href":"https:\/\/cocolingua.com\/fr\/wp-json\/wp\/v2\/media?parent=13780"}],"curies":[{"name":"wp","href":"https:\/\/api.w.org\/{rel}","templated":true}]}}