{"id":13748,"date":"2016-08-08T12:17:21","date_gmt":"2016-08-08T12:17:21","guid":{"rendered":"https:\/\/cocolingua.com\/lecole\/"},"modified":"2016-08-08T12:17:21","modified_gmt":"2016-08-08T12:17:21","slug":"lecole","status":"publish","type":"page","link":"https:\/\/cocolingua.com\/fr\/lecole\/","title":{"rendered":"L\u2019\u00e9cole"},"content":{"rendered":"<p><div class=\"fusion-layout-column fusion_builder_column_inner fusion-builder-nested-column-0 fusion_builder_column_inner_1_2 1_2 fusion-flex-column\" style=\"--awb-bg-size:cover;--awb-width-large:50%;--awb-margin-top-large:0px;--awb-margin-bottom-large:20px;--awb-width-medium:100%;--awb-width-small:100%;\"><div class=\"fusion-column-wrapper fusion-flex-justify-content-flex-start fusion-content-layout-column\"><div class=\"fusion-text fusion-text-1\"><p style=\"text-align: justify;\">Nous sommes situ\u00e9s au Sud de l\u2019\u00cele de Lanzarote, au c\u0153ur de <strong>Yaiza<\/strong>, appel\u00e9 bien souvent le \u00ab\u00a0plus beau village des Canaries\u00a0\u00bb. Notre \u00e9cole poss\u00e8de d\u2019excellentes installations. <\/p>\n<p style=\"text-align: justify;\"> Nos salles, grandes et lumineuses, offrent une vue spectaculaire sur les Monta\u00f1as del Fuego. De plus, il est facile de se garer sur le parking situ\u00e9 \u00e0 proximit\u00e9. <\/p>\n<p>&nbsp;<\/p>\n<p><img decoding=\"async\" class=\"lazyload aligncenter wp-image-3208 size-full\" src=\"data:image\/svg+xml,%3Csvg%20xmlns%3D%27http%3A%2F%2Fwww.w3.org%2F2000%2Fsvg%27%20width%3D%27230%27%20height%3D%2787%27%20viewBox%3D%270%200%20230%2087%27%3E%3Crect%20width%3D%27230%27%20height%3D%2787%27%20fill-opacity%3D%220%22%2F%3E%3C%2Fsvg%3E\" data-orig-src=\"\/wp-content\/uploads\/2016\/08\/logoCoCoLinguaTr.png\" alt=\"Lanzarote\" width=\"230\" height=\"87\"><\/p>\n<\/div><\/div><\/div>[\/fusion_builder_row_inner][\/fusion_builder_column]<div class=\"fusion-layout-column fusion_builder_column fusion-builder-column-0 fusion_builder_column_1_2 1_2 fusion-flex-column\" style=\"--awb-padding-top:0px;--awb-padding-right:0px;--awb-padding-bottom:0px;--awb-padding-left:80px;--awb-bg-size:cover;--awb-width-large:50%;--awb-margin-top-large:0px;--awb-margin-bottom-large:20px;--awb-width-medium:100%;--awb-width-small:100%;\"><div class=\"fusion-column-wrapper fusion-flex-justify-content-flex-start fusion-content-layout-column\"><div class=\"fusion-image-element in-legacy-container\" style=\"--awb-caption-title-font-family:var(--h2_typography-font-family);--awb-caption-title-font-weight:var(--h2_typography-font-weight);--awb-caption-title-font-style:var(--h2_typography-font-style);--awb-caption-title-size:var(--h2_typography-font-size);--awb-caption-title-transform:var(--h2_typography-text-transform);--awb-caption-title-line-height:var(--h2_typography-line-height);--awb-caption-title-letter-spacing:var(--h2_typography-letter-spacing);\"><span class=\" fusion-imageframe imageframe-none imageframe-1 hover-type-none\"><img decoding=\"async\" width=\"800\" height=\"517\" alt=\"Lanzarote\" title=\"Co Co Lingua Language School External 03\" src=\"data:image\/svg+xml,%3Csvg%20xmlns%3D%27http%3A%2F%2Fwww.w3.org%2F2000%2Fsvg%27%20width%3D%27800%27%20height%3D%27517%27%20viewBox%3D%270%200%20800%20517%27%3E%3Crect%20width%3D%27800%27%20height%3D%27517%27%20fill-opacity%3D%220%22%2F%3E%3C%2Fsvg%3E\" data-orig-src=\"https:\/\/cocolingua.com\/wp-content\/uploads\/2015\/05\/Co-Co-Lingua-Language-School-External-03.jpg\" class=\"lazyload img-responsive wp-image-14988\"\/><\/span><\/div><\/div><\/div><div class=\"fusion-layout-column fusion_builder_column fusion-builder-column-1 fusion_builder_column_1_1 1_1 fusion-flex-column\" style=\"--awb-bg-size:cover;--awb-width-large:100%;--awb-margin-top-large:0px;--awb-margin-bottom-large:20px;--awb-width-medium:100%;--awb-width-small:100%;\"><div class=\"fusion-column-wrapper fusion-flex-justify-content-flex-start fusion-content-layout-column\"><div class=\"fusion-slider-sc fusion-flexslider-loading flexslider flexslider-hover-type-none\" data-slideshow_autoplay=\"1\" data-slideshow_smooth_height=\"1\" data-slideshow_speed=\"3300\" style=\"max-width:100%;height:100%;\"><ul class=\"slides\"><li class=\"image\"><span class=\"lazyload fusion-image-hover-element hover-type-none\"><img decoding=\"async\" src=\"data:image\/svg+xml,%3Csvg%20xmlns%3D%27http%3A%2F%2Fwww.w3.org%2F2000%2Fsvg%27%20width%3D%271200%27%20height%3D%27472%27%20viewBox%3D%270%200%201200%20472%27%3E%3Crect%20width%3D%271200%27%20height%3D%27472%27%20fill-opacity%3D%220%22%2F%3E%3C%2Fsvg%3E\" data-orig-src=\"https:\/\/cocolingua.com\/wp-content\/uploads\/2016\/08\/71.jpg\" width=\"1200\" height=\"472\" \/><\/span><\/li><li class=\"image\"><span class=\"lazyload fusion-image-hover-element hover-type-none\"><img decoding=\"async\" src=\"data:image\/svg+xml,%3Csvg%20xmlns%3D%27http%3A%2F%2Fwww.w3.org%2F2000%2Fsvg%27%20width%3D%271200%27%20height%3D%27472%27%20viewBox%3D%270%200%201200%20472%27%3E%3Crect%20width%3D%271200%27%20height%3D%27472%27%20fill-opacity%3D%220%22%2F%3E%3C%2Fsvg%3E\" data-orig-src=\"https:\/\/cocolingua.com\/wp-content\/uploads\/2016\/08\/51.jpg\" width=\"1200\" height=\"472\" \/><\/span><\/li><li class=\"image\"><span class=\"lazyload fusion-image-hover-element hover-type-none\"><img decoding=\"async\" src=\"data:image\/svg+xml,%3Csvg%20xmlns%3D%27http%3A%2F%2Fwww.w3.org%2F2000%2Fsvg%27%20width%3D%271200%27%20height%3D%27472%27%20viewBox%3D%270%200%201200%20472%27%3E%3Crect%20width%3D%271200%27%20height%3D%27472%27%20fill-opacity%3D%220%22%2F%3E%3C%2Fsvg%3E\" data-orig-src=\"https:\/\/cocolingua.com\/wp-content\/uploads\/2016\/08\/6.jpg\" width=\"1200\" height=\"472\" \/><\/span><\/li><li class=\"image\"><span class=\"lazyload fusion-image-hover-element hover-type-none\"><img decoding=\"async\" src=\"data:image\/svg+xml,%3Csvg%20xmlns%3D%27http%3A%2F%2Fwww.w3.org%2F2000%2Fsvg%27%20width%3D%271200%27%20height%3D%27472%27%20viewBox%3D%270%200%201200%20472%27%3E%3Crect%20width%3D%271200%27%20height%3D%27472%27%20fill-opacity%3D%220%22%2F%3E%3C%2Fsvg%3E\" data-orig-src=\"https:\/\/cocolingua.com\/wp-content\/uploads\/2016\/08\/elcentro.jpg\" width=\"1200\" height=\"472\" \/><\/span><\/li><li class=\"image\"><span class=\"lazyload fusion-image-hover-element hover-type-none\"><img decoding=\"async\" src=\"data:image\/svg+xml,%3Csvg%20xmlns%3D%27http%3A%2F%2Fwww.w3.org%2F2000%2Fsvg%27%20width%3D%271200%27%20height%3D%27472%27%20viewBox%3D%270%200%201200%20472%27%3E%3Crect%20width%3D%271200%27%20height%3D%27472%27%20fill-opacity%3D%220%22%2F%3E%3C%2Fsvg%3E\" data-orig-src=\"https:\/\/cocolingua.com\/wp-content\/uploads\/2016\/08\/sldelcentro1.jpg\" width=\"1200\" height=\"472\" \/><\/span><\/li><\/ul><\/div><\/div><\/div><div class=\"fusion-layout-column fusion_builder_column fusion-builder-column-2 fusion_builder_column_1_1 1_1 fusion-flex-column fusion-flex-align-self-flex-start fusion-column-no-min-height\" style=\"--awb-bg-size:cover;--awb-width-large:100%;--awb-margin-top-large:0px;--awb-margin-bottom-large:0px;--awb-width-medium:100%;--awb-width-small:100%;\"><div class=\"fusion-column-wrapper fusion-flex-justify-content-flex-start fusion-content-layout-column\">[:]<\/div><\/div>[\/fusion_builder_row][\/fusion_builder_container]<\/p>\n","protected":false},"excerpt":{"rendered":"<p>[\/fusion_builder_row_inner][\/fusion_builder_column][\/fusion_builder_row][\/fusion_builder_container]<\/p>\n","protected":false},"author":1,"featured_media":0,"parent":0,"menu_order":0,"comment_status":"closed","ping_status":"closed","template":"","meta":{"ngg_post_thumbnail":0,"footnotes":""},"class_list":["post-13748","page","type-page","status-publish","hentry"],"_links":{"self":[{"href":"https:\/\/cocolingua.com\/fr\/wp-json\/wp\/v2\/pages\/13748","targetHints":{"allow":["GET"]}}],"collection":[{"href":"https:\/\/cocolingua.com\/fr\/wp-json\/wp\/v2\/pages"}],"about":[{"href":"https:\/\/cocolingua.com\/fr\/wp-json\/wp\/v2\/types\/page"}],"author":[{"embeddable":true,"href":"https:\/\/cocolingua.com\/fr\/wp-json\/wp\/v2\/users\/1"}],"replies":[{"embeddable":true,"href":"https:\/\/cocolingua.com\/fr\/wp-json\/wp\/v2\/comments?post=13748"}],"version-history":[{"count":0,"href":"https:\/\/cocolingua.com\/fr\/wp-json\/wp\/v2\/pages\/13748\/revisions"}],"wp:attachment":[{"href":"https:\/\/cocolingua.com\/fr\/wp-json\/wp\/v2\/media?parent=13748"}],"curies":[{"name":"wp","href":"https:\/\/api.w.org\/{rel}","templated":true}]}}