{"id":13744,"date":"2016-08-08T12:04:50","date_gmt":"2016-08-08T12:04:50","guid":{"rendered":"https:\/\/cocolingua.com\/methodologie\/"},"modified":"2016-08-08T12:04:50","modified_gmt":"2016-08-08T12:04:50","slug":"methodologie","status":"publish","type":"page","link":"https:\/\/cocolingua.com\/fr\/methodologie\/","title":{"rendered":"M\u00e9thodologie"},"content":{"rendered":"<p>[\/fusion_text][\/fusion_builder_column]<div class=\"fusion-layout-column fusion_builder_column fusion-builder-column-0 fusion_builder_column_1_2 1_2 fusion-flex-column\" style=\"--awb-bg-size:cover;--awb-width-large:50%;--awb-margin-top-large:0px;--awb-margin-bottom-large:20px;--awb-width-medium:100%;--awb-width-small:100%;\"><div class=\"fusion-column-wrapper fusion-flex-justify-content-flex-start fusion-content-layout-column\"><div class=\"fusion-text fusion-text-1\"><h2 style=\"text-align: justify;\">Comment fonctionne le In-Company Training?<\/h2>\n<p style=\"text-align: justify;\">Nous commen\u00e7ons par <strong> un entretien <\/strong> au cours duquel nous prenons note des besoins de l\u2019entreprise et de ses objectifs.<\/p>\n<p style=\"text-align: justify;\">Nous prenons des informations sur les <strong> comp\u00e9tences <\/strong> actuelles de l\u2019entreprise. Ensuite, nous envisageons la mani\u00e8re la plus pratique et efficace de mettre en place un <strong>programme<\/strong> de formation en langues pour l\u2019entreprise.<\/p>\n<p style=\"text-align: justify;\">Puis, nous \u00e9laborons une <strong> proposition d\u00e9taill\u00e9e <\/strong> dans laquelle figurent les objectifs, l\u2019organisation g\u00e9n\u00e9rale de la formation (dur\u00e9e, rapport et \u00e9valuation finale, suivi permanent\u2026) et le devis.<\/p>\n<p style=\"text-align: justify;\">En fonction de la r\u00e9ponse du client, le document peut \u00eatre ajust\u00e9 afin de s\u2019adapter parfaitement aux besoins de l\u2019entreprise.<\/p>\n<h3 style=\"text-align: justify;\">&nbsp;<\/h3>\n<\/div><div class=\"fusion-sep-clear\"><\/div><div class=\"fusion-separator fusion-has-icon fusion-full-width-sep fusion-clearfix\" style=\"float:right;margin-top:30px;margin-bottom:30px;width:100%;\"><div class=\"fusion-separator-border sep-single sep-solid\" style=\"--awb-height:20px;--awb-amount:20px;border-color:#e0dede;border-top-width:1px;\"><\/div><span class=\"icon-wrapper\" style=\"border-color:#e0dede;background-color:rgba(255,255,255,0);font-size:16px;width: 1.75em; height: 1.75em;border-width:1px;padding:1px;margin-top:-0.5px\"><i class=\" fa fa-angle-double-right\" style=\"font-size: inherit;color:#e0dede;\" aria-hidden=\"true\"><\/i><\/span><div class=\"fusion-separator-border sep-single sep-solid\" style=\"--awb-height:20px;--awb-amount:20px;border-color:#e0dede;border-top-width:1px;\"><\/div><\/div><div class=\"fusion-sep-clear\"><\/div><\/div><\/div><div class=\"fusion-layout-column fusion_builder_column fusion-builder-column-1 fusion_builder_column_1_2 1_2 fusion-flex-column\" style=\"--awb-padding-top:0px;--awb-padding-right:20px;--awb-padding-bottom:0px;--awb-padding-left:20px;--awb-bg-size:cover;--awb-width-large:50%;--awb-margin-top-large:0px;--awb-margin-bottom-large:20px;--awb-width-medium:100%;--awb-width-small:100%;\"><div class=\"fusion-column-wrapper fusion-flex-justify-content-flex-start fusion-content-layout-column\"><div class=\"fusion-image-element fusion-image-align-center in-legacy-container\" style=\"text-align:center;--awb-caption-title-font-family:var(--h2_typography-font-family);--awb-caption-title-font-weight:var(--h2_typography-font-weight);--awb-caption-title-font-style:var(--h2_typography-font-style);--awb-caption-title-size:var(--h2_typography-font-size);--awb-caption-title-transform:var(--h2_typography-text-transform);--awb-caption-title-line-height:var(--h2_typography-line-height);--awb-caption-title-letter-spacing:var(--h2_typography-letter-spacing);\"><div class=\"imageframe-align-center\"><span class=\" fusion-imageframe imageframe-none imageframe-1 hover-type-none fusion-animated\" data-animationType=\"fadeInDown\" data-animationDuration=\"0.3\" data-animationOffset=\"top-mid-of-view\"><a href=\"https:\/\/cocolingua.com\/wp-content\/uploads\/2018\/03\/Esquema-fr.png\" class=\"fusion-lightbox\" data-rel=\"iLightbox[504cf577bc9ee208aa6]\" data-title=\"Esquema-fr\" title=\"Esquema-fr\"><img decoding=\"async\" width=\"650\" height=\"624\" alt=\"Capacitaci\u00f3n\" src=\"https:\/\/cocolingua.com\/wp-content\/uploads\/2018\/03\/Esquema-fr.png\" data-orig-src=\"https:\/\/cocolingua.com\/wp-content\/uploads\/2018\/03\/Esquema-fr.png\" class=\"lazyload img-responsive wp-image-15717\" srcset=\"data:image\/svg+xml,%3Csvg%20xmlns%3D%27http%3A%2F%2Fwww.w3.org%2F2000%2Fsvg%27%20width%3D%27650%27%20height%3D%27624%27%20viewBox%3D%270%200%20650%20624%27%3E%3Crect%20width%3D%27650%27%20height%3D%27624%27%20fill-opacity%3D%220%22%2F%3E%3C%2Fsvg%3E\" data-srcset=\"https:\/\/cocolingua.com\/wp-content\/uploads\/2018\/03\/Esquema-fr-200x192.png 200w, https:\/\/cocolingua.com\/wp-content\/uploads\/2018\/03\/Esquema-fr-400x384.png 400w, https:\/\/cocolingua.com\/wp-content\/uploads\/2018\/03\/Esquema-fr-600x576.png 600w, https:\/\/cocolingua.com\/wp-content\/uploads\/2018\/03\/Esquema-fr.png 650w\" data-sizes=\"auto\" data-orig-sizes=\"(max-width: 800px) 100vw, 600px\" \/><\/a><\/span><\/div><\/div><div class=\"fusion-text fusion-text-2\"><h4 style=\"text-align: center;\">Notre <strong>programme de formation<\/strong> en 7 \u00e9tapes<\/h4>\n<\/div><\/div><\/div><div class=\"fusion-layout-column fusion_builder_column fusion-builder-column-2 fusion_builder_column_1_1 1_1 fusion-flex-column fusion-flex-align-self-flex-start fusion-column-no-min-height\" style=\"--awb-bg-size:cover;--awb-width-large:100%;--awb-margin-top-large:0px;--awb-margin-bottom-large:0px;--awb-width-medium:100%;--awb-width-small:100%;\"><div class=\"fusion-column-wrapper fusion-flex-justify-content-flex-start fusion-content-layout-column\"><div class=\"fusion-text fusion-text-3\"><p>&nbsp;<\/p>\n<p><a href=\"http:\/\/www.asolan.com\/\" target=\"_blank\" rel=\"noopener\"><img decoding=\"async\" class=\"lazyload alignleft wp-image-4465\" src=\"data:image\/svg+xml,%3Csvg%20xmlns%3D%27http%3A%2F%2Fwww.w3.org%2F2000%2Fsvg%27%20width%3D%27178%27%20height%3D%27111%27%20viewBox%3D%270%200%20178%20111%27%3E%3Crect%20width%3D%27178%27%20height%3D%27111%27%20fill-opacity%3D%220%22%2F%3E%3C%2Fsvg%3E\" data-orig-src=\"https:\/\/cocolingua.com\/wp-content\/uploads\/2017\/02\/asolan-2.jpg\" alt=\"Asociacion insular de hoteles y apartamentos\" width=\"178\" height=\"111\"><\/a>Notre <strong> Centre de Formation est membre de <a href=\"http:\/\/www.asolan.com\/\" target=\"_blank\" rel=\"noopener\">ASOLAN<\/a><\/strong> et inscrit \u00e0 la Fundaci\u00f3n Estatal para la formaci\u00f3n en el empleo (Fondation publique pour la formation continue), de fa\u00e7on \u00e0 pouvoir faire <strong>financer certaines formations<\/strong>.<\/p>\n<p><strong> Les entreprises membres de <a href=\"http:\/\/www.asolan.com\/\" target=\"_blank\" rel=\"noopener\">ASOLAN<\/a> b\u00e9n\u00e9ficient de remises cons\u00e9quentes<\/strong>, ce qui permet d\u2019apporter de la valeur ajout\u00e9e au rendement de votre entreprise et \u00e0 vos employ\u00e9s.<\/p>\n<p>&nbsp;<\/p>\n<\/div><div class=\"fusion-text fusion-text-4\"><p>[:]<\/p>\n<\/div><\/div><\/div>[\/fusion_builder_row][\/fusion_builder_container]<\/p>\n","protected":false},"excerpt":{"rendered":"<p>[\/fusion_text][\/fusion_builder_column][\/fusion_builder_row][\/fusion_builder_container]<\/p>\n","protected":false},"author":1,"featured_media":0,"parent":0,"menu_order":0,"comment_status":"closed","ping_status":"closed","template":"","meta":{"ngg_post_thumbnail":0,"footnotes":""},"class_list":["post-13744","page","type-page","status-publish","hentry"],"_links":{"self":[{"href":"https:\/\/cocolingua.com\/fr\/wp-json\/wp\/v2\/pages\/13744","targetHints":{"allow":["GET"]}}],"collection":[{"href":"https:\/\/cocolingua.com\/fr\/wp-json\/wp\/v2\/pages"}],"about":[{"href":"https:\/\/cocolingua.com\/fr\/wp-json\/wp\/v2\/types\/page"}],"author":[{"embeddable":true,"href":"https:\/\/cocolingua.com\/fr\/wp-json\/wp\/v2\/users\/1"}],"replies":[{"embeddable":true,"href":"https:\/\/cocolingua.com\/fr\/wp-json\/wp\/v2\/comments?post=13744"}],"version-history":[{"count":0,"href":"https:\/\/cocolingua.com\/fr\/wp-json\/wp\/v2\/pages\/13744\/revisions"}],"wp:attachment":[{"href":"https:\/\/cocolingua.com\/fr\/wp-json\/wp\/v2\/media?parent=13744"}],"curies":[{"name":"wp","href":"https:\/\/api.w.org\/{rel}","templated":true}]}}