{"id":13725,"date":"2014-03-28T09:26:40","date_gmt":"2014-03-28T09:26:40","guid":{"rendered":"https:\/\/cocolingua.com\/yoga-en-espagnol\/"},"modified":"2014-03-28T09:26:40","modified_gmt":"2014-03-28T09:26:40","slug":"yoga-en-espagnol","status":"publish","type":"page","link":"https:\/\/cocolingua.com\/fr\/yoga-en-espagnol\/","title":{"rendered":"Yoga en espagnol"},"content":{"rendered":"<p>[\/fusion_builder_column][\/fusion_builder_row][\/fusion_builder_container]<div class=\"fusion-fullwidth fullwidth-box fusion-builder-row-1 nonhundred-percent-fullwidth non-hundred-percent-height-scrolling\" style=\"--awb-background-position:left top;--awb-border-radius-top-left:0px;--awb-border-radius-top-right:0px;--awb-border-radius-bottom-right:0px;--awb-border-radius-bottom-left:0px;--awb-padding-top:20px;--awb-padding-bottom:20px;--awb-border-sizes-top:0px;--awb-border-sizes-bottom:0px;--awb-flex-wrap:wrap;\" ><div class=\"fusion-builder-row fusion-row\"><div class=\"fusion-layout-column fusion_builder_column fusion-builder-column-0 fusion_builder_column_3_5 3_5 fusion-three-fifth fusion-column-first\" style=\"--awb-bg-size:cover;width:58.4%; margin-right: 4%;\"><div class=\"fusion-column-wrapper fusion-flex-column-wrapper-legacy\"><div class=\"fusion-text fusion-text-1\"><p>Il s\u2019agit d\u2019un stage intensif ax\u00e9 sur la sant\u00e9 et le bien-\u00eatre. Nous vous proposons d\u2019assister tous les jours \u00e0 3 cours d&rsquo;espagnol et \u00e0 2 heures de yoga et de m\u00e9ditation.<\/p>\n<p>Du yoga en espagnol. D\u00e9tendez-vous et sentez na\u00eetre une nouvelle \u00e9nergie gr\u00e2ce \u00e0 l\u2019apprentissage de l&rsquo;art du yoga et de la m\u00e9ditation.<\/p>\n<p>Savez-vous comment on dit \u00ab\u00a0un chien\u00a0\u00bb en espagnol? Voici comment l&rsquo;apprendre! Les cours de yoga auront lieu en espagnol. De cette fa\u00e7on, vous pourrez apprendre cette langue et pratiquer le yoga en m\u00eame temps.<\/p>\n<p>Dur\u00e9e du stage:  <strong style=\"color: orange;\"> 2 semaines<\/strong><br \/>\n**Le nombre de semaines peut \u00eatre port\u00e9 \u00e0 3<\/p>\n<p>Total nombre d\u2019heures: <strong style=\"color: orange;\">50 Ut\u00e9.*<\/strong><br \/>\nNiveau: <strong style=\"color: orange;\"> d\u00e9butant A2<\/strong><br \/>\nNombre de cours d\u2019espagnol par semaine: <strong style=\"color: orange;\">15 Ut\u00e9.* (3 Ut\u00e9.*\/jour)<\/strong><br \/>\nNombre de s\u00e9ances de yoga: <strong style=\"color: orange;\"> 5 <\/strong><br \/>\nPrix personne\/semaine: <strong style=\"color: orange;\">282 Euros<\/strong><br \/>\nNombre de personnes maximum par groupe: <strong style=\"color: orange;\"> 6 students<\/strong><br \/>\n<strong style=\"color: orange;\">* Ut\u00e9. (Unit\u00e9) = 45 Minutes<\/strong><\/p>\n<div class=\"fusion-aligncenter\"><a class=\"fusion-button button-flat button-large button-custom fusion-button-default button-1 fusion-button-default-span fusion-button-default-type\" style=\"--button_accent_color:white;--button_accent_hover_color:burlywood;--button_border_hover_color:burlywood;--button_gradient_top_color:burlywood;--button_gradient_bottom_color:burlywood;--button_gradient_top_color_hover:white;--button_gradient_bottom_color_hover:white;\" target=\"_self\" href=\"\/inscriptions\/\"><span class=\"fusion-button-text awb-button__text awb-button__text--default\">Inscriptions<\/span><\/a><\/div>\n<\/div><div class=\"fusion-clearfix\"><\/div><\/div><\/div><div class=\"fusion-layout-column fusion_builder_column fusion-builder-column-1 fusion_builder_column_2_5 2_5 fusion-two-fifth fusion-column-last\" style=\"--awb-bg-size:cover;width:37.6%;\"><div class=\"fusion-column-wrapper fusion-flex-column-wrapper-legacy\"><div class=\"fusion-image-carousel fusion-image-carousel-auto fusion-image-carousel-1 lightbox-enabled fusion-carousel-border\"><div class=\"awb-carousel awb-swiper awb-swiper-carousel awb-carousel--carousel awb-swiper-dots-position-bottom\" data-layout=\"carousel\" data-autoplay=\"yes\" data-autoplayspeed=\"2500\" data-autoplaypause=\"no\" data-columns=\"1\" data-columnsmedium=\"1\" data-columnssmall=\"1\" data-itemmargin=\"0\" data-itemwidth=\"180\" data-touchscroll=\"no\" data-freemode=\"no\" data-imagesize=\"auto\" data-scrollitems=\"0\" data-centeredslides=\"no\" data-rotationangle=\"50\" data-depth=\"100\" data-speed=\"500\" data-shadow=\"no\" data-pagination=\"bullets\" style=\"--awb-columns:1;--awb-column-spacing:0px;--awb-border-width:1px;--awb-border-color:#e9eaee;\"><div class=\"swiper-wrapper awb-image-carousel-wrapper fusion-flex-align-items-center\"><div class=\"swiper-slide\"><div class=\"fusion-carousel-item-wrapper\"><div class=\"fusion-image-wrapper hover-type-none\"><a data-rel=\"iLightbox[image_carousel_1]\" data-title=\"IMG_0612p\" aria-label=\"IMG_0612p\" href=\"https:\/\/cocolingua.com\/wp-content\/uploads\/2014\/03\/IMG_0612p.jpg\" target=\"_self\"><img decoding=\"async\" width=\"800\" height=\"549\" src=\"https:\/\/cocolingua.com\/wp-content\/uploads\/2014\/03\/IMG_0612p.jpg\" class=\"attachment-full size-full lazyload\" alt=\"\" srcset=\"data:image\/svg+xml,%3Csvg%20xmlns%3D%27http%3A%2F%2Fwww.w3.org%2F2000%2Fsvg%27%20width%3D%27800%27%20height%3D%27549%27%20viewBox%3D%270%200%20800%20549%27%3E%3Crect%20width%3D%27800%27%20height%3D%27549%27%20fill-opacity%3D%220%22%2F%3E%3C%2Fsvg%3E\" data-orig-src=\"https:\/\/cocolingua.com\/wp-content\/uploads\/2014\/03\/IMG_0612p.jpg\" data-srcset=\"https:\/\/cocolingua.com\/wp-content\/uploads\/2014\/03\/IMG_0612p-300x205.jpg 300w, https:\/\/cocolingua.com\/wp-content\/uploads\/2014\/03\/IMG_0612p.jpg 800w\" data-sizes=\"auto\" \/><\/a><\/div><\/div><\/div><div class=\"swiper-slide\"><div class=\"fusion-carousel-item-wrapper\"><div class=\"fusion-image-wrapper hover-type-none\"><a data-rel=\"iLightbox[image_carousel_1]\" data-title=\"IMG_0616p\" aria-label=\"IMG_0616p\" href=\"https:\/\/cocolingua.com\/wp-content\/uploads\/2014\/03\/IMG_0616p.jpg\" target=\"_self\"><img decoding=\"async\" width=\"800\" height=\"487\" src=\"https:\/\/cocolingua.com\/wp-content\/uploads\/2014\/03\/IMG_0616p.jpg\" class=\"attachment-full size-full lazyload\" alt=\"\" srcset=\"data:image\/svg+xml,%3Csvg%20xmlns%3D%27http%3A%2F%2Fwww.w3.org%2F2000%2Fsvg%27%20width%3D%27800%27%20height%3D%27487%27%20viewBox%3D%270%200%20800%20487%27%3E%3Crect%20width%3D%27800%27%20height%3D%27487%27%20fill-opacity%3D%220%22%2F%3E%3C%2Fsvg%3E\" data-orig-src=\"https:\/\/cocolingua.com\/wp-content\/uploads\/2014\/03\/IMG_0616p.jpg\" data-srcset=\"https:\/\/cocolingua.com\/wp-content\/uploads\/2014\/03\/IMG_0616p-300x182.jpg 300w, https:\/\/cocolingua.com\/wp-content\/uploads\/2014\/03\/IMG_0616p.jpg 800w\" data-sizes=\"auto\" \/><\/a><\/div><\/div><\/div><div class=\"swiper-slide\"><div class=\"fusion-carousel-item-wrapper\"><div class=\"fusion-image-wrapper hover-type-none\"><a data-rel=\"iLightbox[image_carousel_1]\" data-title=\"YogaWomanSilhouette-850x567p\" aria-label=\"YogaWomanSilhouette-850x567p\" href=\"https:\/\/cocolingua.com\/wp-content\/uploads\/2014\/03\/YogaWomanSilhouette-850x567p.jpg\" target=\"_self\"><img decoding=\"async\" width=\"800\" height=\"534\" src=\"https:\/\/cocolingua.com\/wp-content\/uploads\/2014\/03\/YogaWomanSilhouette-850x567p.jpg\" class=\"attachment-full size-full lazyload\" alt=\"\" srcset=\"data:image\/svg+xml,%3Csvg%20xmlns%3D%27http%3A%2F%2Fwww.w3.org%2F2000%2Fsvg%27%20width%3D%27800%27%20height%3D%27534%27%20viewBox%3D%270%200%20800%20534%27%3E%3Crect%20width%3D%27800%27%20height%3D%27534%27%20fill-opacity%3D%220%22%2F%3E%3C%2Fsvg%3E\" data-orig-src=\"https:\/\/cocolingua.com\/wp-content\/uploads\/2014\/03\/YogaWomanSilhouette-850x567p.jpg\" data-srcset=\"https:\/\/cocolingua.com\/wp-content\/uploads\/2014\/03\/YogaWomanSilhouette-850x567p-300x200.jpg 300w, https:\/\/cocolingua.com\/wp-content\/uploads\/2014\/03\/YogaWomanSilhouette-850x567p.jpg 800w\" data-sizes=\"auto\" \/><\/a><\/div><\/div><\/div><\/div><\/div><\/div><div class=\"fusion-clearfix\"><\/div><\/div><\/div><\/div><\/div><div class=\"fusion-fullwidth fullwidth-box fusion-builder-row-2 hundred-percent-fullwidth non-hundred-percent-height-scrolling\" style=\"--awb-border-radius-top-left:0px;--awb-border-radius-top-right:0px;--awb-border-radius-bottom-right:0px;--awb-border-radius-bottom-left:0px;--awb-overflow:visible;--awb-flex-wrap:wrap;\" ><div class=\"fusion-builder-row fusion-row\"><div class=\"fusion-layout-column fusion_builder_column fusion-builder-column-2 fusion_builder_column_1_1 1_1 fusion-one-full fusion-column-first fusion-column-last fusion-column-no-min-height\" style=\"--awb-bg-size:cover;--awb-margin-bottom:0px;\"><div class=\"fusion-column-wrapper fusion-flex-column-wrapper-legacy\"><div class=\"fusion-title title fusion-title-1 fusion-title-text fusion-title-size-one\"><h1 class=\"fusion-title-heading title-heading-left\" style=\"margin:0;\">Autres combi cours<\/h1><span class=\"awb-title-spacer\"><\/span><div class=\"title-sep-container\"><div class=\"title-sep sep-double sep-solid\" style=\"border-color:#e0dede;\"><\/div><\/div><\/div><div class=\"fusion-clearfix\"><\/div><\/div><\/div><div class=\"fusion-layout-column fusion_builder_column fusion-builder-column-3 fusion_builder_column_1_4 1_4 fusion-one-fourth fusion-column-first\" style=\"--awb-bg-size:cover;width:22%; margin-right: 4%;\"><div class=\"fusion-column-wrapper fusion-flex-column-wrapper-legacy\"><div class=\"fusion-text fusion-text-2\"><p><a href=\"https:\/\/cocolingua.com\/fr\/yoga-en-espagnol\/\"><img decoding=\"async\" class=\"lazyload alignnone size-full wp-image-1560 brillo\" src=\"https:\/\/cocolingua.com\/wp-content\/uploads\/2014\/03\/yoga-en.jpg\" data-orig-src=\"https:\/\/cocolingua.com\/wp-content\/uploads\/2014\/03\/yoga-en.jpg\" alt=\"Yoga in Lanzarote\" width=\"217\" height=\"400\" srcset=\"data:image\/svg+xml,%3Csvg%20xmlns%3D%27http%3A%2F%2Fwww.w3.org%2F2000%2Fsvg%27%20width%3D%27217%27%20height%3D%27400%27%20viewBox%3D%270%200%20217%20400%27%3E%3Crect%20width%3D%27217%27%20height%3D%27400%27%20fill-opacity%3D%220%22%2F%3E%3C%2Fsvg%3E\" data-srcset=\"https:\/\/cocolingua.com\/wp-content\/uploads\/2014\/03\/yoga-en-162x300.jpg 162w, https:\/\/cocolingua.com\/wp-content\/uploads\/2014\/03\/yoga-en.jpg 217w\" data-sizes=\"auto\" data-orig-sizes=\"(max-width: 217px) 100vw, 217px\" \/><\/a><\/p>\n<\/div><div class=\"fusion-clearfix\"><\/div><\/div><\/div><div class=\"fusion-layout-column fusion_builder_column fusion-builder-column-4 fusion_builder_column_1_4 1_4 fusion-one-fourth\" style=\"--awb-bg-size:cover;width:22%; margin-right: 4%;\"><div class=\"fusion-column-wrapper fusion-flex-column-wrapper-legacy\"><div class=\"fusion-text fusion-text-3\"><p><a href=\"https:\/\/cocolingua.com\/fr\/espagnol-club-50-culture\/\"><img decoding=\"async\" class=\"lazyload alignnone size-full wp-image-1560 brillo\" src=\"data:image\/svg+xml,%3Csvg%20xmlns%3D%27http%3A%2F%2Fwww.w3.org%2F2000%2Fsvg%27%20width%3D%27217%27%20height%3D%27400%27%20viewBox%3D%270%200%20217%20400%27%3E%3Crect%20width%3D%27217%27%20height%3D%27400%27%20fill-opacity%3D%220%22%2F%3E%3C%2Fsvg%3E\" data-orig-src=\"https:\/\/cocolingua.com\/wp-content\/uploads\/2014\/03\/senior-en.jpg\" alt=\"people\" width=\"217\" height=\"400\" \/><\/a><\/p>\n<\/div><div class=\"fusion-clearfix\"><\/div><\/div><\/div><div class=\"fusion-layout-column fusion_builder_column fusion-builder-column-5 fusion_builder_column_1_4 1_4 fusion-one-fourth\" style=\"--awb-bg-size:cover;width:22%; margin-right: 4%;\"><div class=\"fusion-column-wrapper fusion-flex-column-wrapper-legacy\"><div class=\"fusion-text fusion-text-4\"><p><a href=\"https:\/\/cocolingua.com\/fr\/randonnees-a-lanzarote\/\"><img decoding=\"async\" class=\"lazyload alignnone size-full wp-image-1560 brillo\" src=\"data:image\/svg+xml,%3Csvg%20xmlns%3D%27http%3A%2F%2Fwww.w3.org%2F2000%2Fsvg%27%20width%3D%27217%27%20height%3D%27400%27%20viewBox%3D%270%200%20217%20400%27%3E%3Crect%20width%3D%27217%27%20height%3D%27400%27%20fill-opacity%3D%220%22%2F%3E%3C%2Fsvg%3E\" data-orig-src=\"https:\/\/cocolingua.com\/wp-content\/uploads\/2014\/03\/trek-en.jpg\" alt=\"Hiking\" width=\"217\" height=\"400\" \/><\/a><\/p>\n<\/div><div class=\"fusion-clearfix\"><\/div><\/div><\/div><div class=\"fusion-layout-column fusion_builder_column fusion-builder-column-6 fusion_builder_column_1_4 1_4 fusion-one-fourth fusion-column-last\" style=\"--awb-bg-size:cover;width:22%;\"><div class=\"fusion-column-wrapper fusion-flex-column-wrapper-legacy\"><div class=\"fusion-text fusion-text-5\"><p><a href=\"https:\/\/cocolingua.com\/fr\/lespagne-gastronomique\/\"><img decoding=\"async\" class=\"lazyload alignnone size-full wp-image-1560 brillo\" src=\"data:image\/svg+xml,%3Csvg%20xmlns%3D%27http%3A%2F%2Fwww.w3.org%2F2000%2Fsvg%27%20width%3D%27217%27%20height%3D%27400%27%20viewBox%3D%270%200%20217%20400%27%3E%3Crect%20width%3D%27217%27%20height%3D%27400%27%20fill-opacity%3D%220%22%2F%3E%3C%2Fsvg%3E\" data-orig-src=\"https:\/\/cocolingua.com\/wp-content\/uploads\/2014\/03\/gastron-en.jpg\" alt=\"Gastronomy\" width=\"217\" height=\"400\" \/><\/a><\/p>\n<\/div><div class=\"fusion-clearfix\"><\/div><\/div><\/div><div class=\"fusion-layout-column fusion_builder_column fusion-builder-column-7 fusion_builder_column_1_1 1_1 fusion-one-full fusion-column-first fusion-column-last fusion-column-no-min-height\" style=\"--awb-bg-size:cover;--awb-margin-bottom:0px;\"><div class=\"fusion-column-wrapper fusion-flex-column-wrapper-legacy\"><div class=\"fusion-aligncenter\"><a class=\"fusion-button button-flat button-large button-lightgray fusion-button-lightgray button-2 fusion-button-span-no fusion-animated\" data-animationType=\"rubberBand\" data-animationDuration=\"1\" data-animationOffset=\"bottom-in-view\" target=\"_blank\" rel=\"noopener noreferrer\" href=\"\/lztic\/doc\/2015\/Flyer_Kombi_Kursprogramm_2015_e_low.pdf\"><span class=\"fusion-button-icon-divider button-icon-divider-left\"><i class=\" fa fa-file-pdf-o awb-button__icon awb-button__icon--default\" aria-hidden=\"true\"><\/i><\/span><span class=\"fusion-button-text awb-button__text awb-button__text--default fusion-button-text-left\">Download<\/span><\/a><\/div><div class=\"fusion-clearfix\"><\/div><\/div><\/div><div class=\"fusion-layout-column fusion_builder_column fusion-builder-column-8 fusion_builder_column_1_1 1_1 fusion-one-full fusion-column-first fusion-column-last fusion-column-no-min-height\" style=\"--awb-bg-size:cover;--awb-margin-bottom:0px;\"><div class=\"fusion-column-wrapper fusion-flex-column-wrapper-legacy\">[:]<div class=\"fusion-clearfix\"><\/div><\/div><\/div><\/div><\/div><\/p>\n","protected":false},"excerpt":{"rendered":"<p>[\/fusion_builder_column][\/fusion_builder_row][\/fusion_builder_container]<\/p>\n","protected":false},"author":2,"featured_media":0,"parent":0,"menu_order":0,"comment_status":"closed","ping_status":"closed","template":"","meta":{"ngg_post_thumbnail":0,"footnotes":""},"class_list":["post-13725","page","type-page","status-publish","hentry"],"_links":{"self":[{"href":"https:\/\/cocolingua.com\/fr\/wp-json\/wp\/v2\/pages\/13725","targetHints":{"allow":["GET"]}}],"collection":[{"href":"https:\/\/cocolingua.com\/fr\/wp-json\/wp\/v2\/pages"}],"about":[{"href":"https:\/\/cocolingua.com\/fr\/wp-json\/wp\/v2\/types\/page"}],"author":[{"embeddable":true,"href":"https:\/\/cocolingua.com\/fr\/wp-json\/wp\/v2\/users\/2"}],"replies":[{"embeddable":true,"href":"https:\/\/cocolingua.com\/fr\/wp-json\/wp\/v2\/comments?post=13725"}],"version-history":[{"count":0,"href":"https:\/\/cocolingua.com\/fr\/wp-json\/wp\/v2\/pages\/13725\/revisions"}],"wp:attachment":[{"href":"https:\/\/cocolingua.com\/fr\/wp-json\/wp\/v2\/media?parent=13725"}],"curies":[{"name":"wp","href":"https:\/\/api.w.org\/{rel}","templated":true}]}}