{"id":8260,"date":"2019-07-12T14:15:50","date_gmt":"2019-07-12T14:15:50","guid":{"rendered":"https:\/\/cocolingua.com\/de\/?page_id=8260"},"modified":"2024-03-20T12:02:14","modified_gmt":"2024-03-20T12:02:14","slug":"sobre-lanzarote","status":"publish","type":"page","link":"https:\/\/cocolingua.com\/es\/sobre-lanzarote\/","title":{"rendered":"Sobre Lanzarote"},"content":{"rendered":"<div class=\"fusion-fullwidth fullwidth-box fusion-builder-row-1 fusion-flex-container nonhundred-percent-fullwidth non-hundred-percent-height-scrolling\" style=\"--awb-border-radius-top-left:0px;--awb-border-radius-top-right:0px;--awb-border-radius-bottom-right:0px;--awb-border-radius-bottom-left:0px;--awb-flex-wrap:wrap;\" ><div class=\"fusion-builder-row fusion-row fusion-flex-align-items-flex-start fusion-flex-content-wrap\" style=\"max-width:1144px;margin-left: calc(-4% \/ 2 );margin-right: calc(-4% \/ 2 );\"><div class=\"fusion-layout-column fusion_builder_column fusion-builder-column-0 fusion_builder_column_1_1 1_1 fusion-flex-column\" style=\"--awb-bg-size:cover;--awb-width-large:100%;--awb-margin-top-large:0px;--awb-spacing-right-large:1.92%;--awb-margin-bottom-large:20px;--awb-spacing-left-large:1.92%;--awb-width-medium:100%;--awb-spacing-right-medium:1.92%;--awb-spacing-left-medium:1.92%;--awb-width-small:100%;--awb-spacing-right-small:1.92%;--awb-spacing-left-small:1.92%;\"><div class=\"fusion-column-wrapper fusion-flex-justify-content-flex-start fusion-content-layout-column\"><div class=\"fusion-title title fusion-title-1 fusion-title-center fusion-title-text fusion-title-size-one\" style=\"--awb-margin-top-small:0px;--awb-margin-right-small:0px;--awb-margin-bottom-small:20px;--awb-margin-left-small:0px;\"><div class=\"title-sep-container title-sep-container-left\"><div class=\"title-sep sep-double sep-solid\" style=\"border-color:#e0dede;\"><\/div><\/div><span class=\"awb-title-spacer\"><\/span><h1 class=\"fusion-title-heading title-heading-center\" style=\"margin:0;\">La isla canaria Lanzarote<\/h1><span class=\"awb-title-spacer\"><\/span><div class=\"title-sep-container title-sep-container-right\"><div class=\"title-sep sep-double sep-solid\" style=\"border-color:#e0dede;\"><\/div><\/div><\/div><div class=\"fusion-text fusion-text-1\"><p style=\"text-align: center;\">El lugar perfecto para aprender espa\u00f1ol<\/p>\n<\/div><\/div><\/div><div class=\"fusion-layout-column fusion_builder_column fusion-builder-column-1 fusion_builder_column_1_2 1_2 fusion-flex-column\" style=\"--awb-bg-size:cover;--awb-width-large:50%;--awb-margin-top-large:0px;--awb-spacing-right-large:3.84%;--awb-margin-bottom-large:20px;--awb-spacing-left-large:3.84%;--awb-width-medium:100%;--awb-spacing-right-medium:1.92%;--awb-spacing-left-medium:1.92%;--awb-width-small:100%;--awb-spacing-right-small:1.92%;--awb-spacing-left-small:1.92%;\"><div class=\"fusion-column-wrapper fusion-flex-justify-content-flex-start fusion-content-layout-column\"><div class=\"fusion-title title fusion-title-2 fusion-sep-none fusion-title-text fusion-title-size-two\" style=\"--awb-margin-top-small:0px;--awb-margin-right-small:0px;--awb-margin-bottom-small:20px;--awb-margin-left-small:0px;\"><h2 class=\"fusion-title-heading title-heading-left\" style=\"margin:0;\">\u00bfPor qu\u00e9 Lanzarote?<\/h2><\/div><div class=\"fusion-text fusion-text-2\"><p>Lanzarote es una isla volc\u00e1nica frente a la costa de \u00c1frica Occidental y la m\u00e1s al noreste de las siete Islas Canarias. Las Islas Canarias est\u00e1n entre las regiones m\u00e1s atractivas y encantadoras de Europa.<\/p>\n<p>Es una isla peque\u00f1a con una anchura de aproximadamente 34 km, una longitud de 70 km y aproximadamente 140,000 habitantes. Lanzarote es una de las Islas Canarias m\u00e1s culturalmente diversas, donde se habla oficialmente espa\u00f1ol.<\/p>\n<p>La isla es la \u00fanica de las Islas Canarias dise\u00f1ada y moldeada por el artista y arquitecto C\u00e9sar Manrique. Gracias a \u00e9l, este estilo arquitect\u00f3nico \u00fanico de casas blancas y c\u00fabicas con ventanas verdes ha sobrevivido hasta hoy.<\/p>\n<\/div><\/div><\/div><div class=\"fusion-layout-column fusion_builder_column fusion-builder-column-2 fusion_builder_column_1_2 1_2 fusion-flex-column\" style=\"--awb-bg-size:cover;--awb-width-large:50%;--awb-margin-top-large:0px;--awb-spacing-right-large:3.84%;--awb-margin-bottom-large:-20px;--awb-spacing-left-large:3.84%;--awb-width-medium:100%;--awb-spacing-right-medium:1.92%;--awb-spacing-left-medium:1.92%;--awb-width-small:100%;--awb-spacing-right-small:1.92%;--awb-spacing-left-small:1.92%;\"><div class=\"fusion-column-wrapper fusion-flex-justify-content-flex-start fusion-content-layout-column\"><div class=\"fusion-image-carousel fusion-image-carousel-auto fusion-image-carousel-1 lightbox-enabled\"><div class=\"awb-carousel awb-swiper awb-swiper-carousel awb-carousel--carousel awb-swiper-dots-position-bottom\" data-layout=\"carousel\" data-autoplay=\"yes\" data-autoplayspeed=\"2500\" data-autoplaypause=\"no\" data-loop=\"yes\" data-columns=\"1\" data-columnsmedium=\"1\" data-columnssmall=\"1\" data-itemmargin=\"13\" data-itemwidth=\"180\" data-touchscroll=\"no\" data-freemode=\"no\" data-imagesize=\"auto\" data-scrollitems=\"0\" data-centeredslides=\"no\" data-rotationangle=\"50\" data-depth=\"100\" data-speed=\"500\" data-shadow=\"no\" data-pagination=\"bullets\" style=\"--awb-columns:1;\"><div class=\"swiper-wrapper awb-image-carousel-wrapper fusion-flex-align-items-center\"><div class=\"swiper-slide\"><div class=\"fusion-carousel-item-wrapper\"><div class=\"fusion-image-wrapper hover-type-none\"><a data-rel=\"iLightbox[image_carousel_1]\" data-title=\"worldmap-lanzarote\" aria-label=\"worldmap-lanzarote\" href=\"https:\/\/cocolingua.com\/wp-content\/uploads\/2019\/07\/worldmap-lanzarote.jpg\" target=\"_self\"><img decoding=\"async\" width=\"560\" height=\"400\" src=\"https:\/\/cocolingua.com\/wp-content\/uploads\/2019\/07\/worldmap-lanzarote.jpg\" class=\"attachment-full size-full lazyload\" alt=\"worldmap - Canary Islands - kanarische Insel\" srcset=\"data:image\/svg+xml,%3Csvg%20xmlns%3D%27http%3A%2F%2Fwww.w3.org%2F2000%2Fsvg%27%20width%3D%27560%27%20height%3D%27400%27%20viewBox%3D%270%200%20560%20400%27%3E%3Crect%20width%3D%27560%27%20height%3D%27400%27%20fill-opacity%3D%220%22%2F%3E%3C%2Fsvg%3E\" data-orig-src=\"https:\/\/cocolingua.com\/wp-content\/uploads\/2019\/07\/worldmap-lanzarote.jpg\" data-srcset=\"https:\/\/cocolingua.com\/wp-content\/uploads\/2019\/07\/worldmap-lanzarote-200x143.jpg 200w, https:\/\/cocolingua.com\/wp-content\/uploads\/2019\/07\/worldmap-lanzarote-300x214.jpg 300w, https:\/\/cocolingua.com\/wp-content\/uploads\/2019\/07\/worldmap-lanzarote-400x286.jpg 400w, https:\/\/cocolingua.com\/wp-content\/uploads\/2019\/07\/worldmap-lanzarote.jpg 560w\" data-sizes=\"auto\" \/><\/a><\/div><\/div><\/div><div class=\"swiper-slide\"><div class=\"fusion-carousel-item-wrapper\"><div class=\"fusion-image-wrapper hover-type-none\"><a data-rel=\"iLightbox[image_carousel_1]\" data-title=\"lanzarote-kanarischeinseln-canaryislands\" aria-label=\"lanzarote-kanarischeinseln-canaryislands\" href=\"https:\/\/cocolingua.com\/wp-content\/uploads\/2019\/07\/lanzarote-kanarischeinseln-canaryislands.jpg\" target=\"_self\"><img decoding=\"async\" width=\"560\" height=\"400\" src=\"https:\/\/cocolingua.com\/wp-content\/uploads\/2019\/07\/lanzarote-kanarischeinseln-canaryislands.jpg\" class=\"attachment-full size-full lazyload\" alt=\"lanzarote - Canary Islands - Kanarische Inseln - canarias\" srcset=\"data:image\/svg+xml,%3Csvg%20xmlns%3D%27http%3A%2F%2Fwww.w3.org%2F2000%2Fsvg%27%20width%3D%27560%27%20height%3D%27400%27%20viewBox%3D%270%200%20560%20400%27%3E%3Crect%20width%3D%27560%27%20height%3D%27400%27%20fill-opacity%3D%220%22%2F%3E%3C%2Fsvg%3E\" data-orig-src=\"https:\/\/cocolingua.com\/wp-content\/uploads\/2019\/07\/lanzarote-kanarischeinseln-canaryislands.jpg\" data-srcset=\"https:\/\/cocolingua.com\/wp-content\/uploads\/2019\/07\/lanzarote-kanarischeinseln-canaryislands-200x143.jpg 200w, https:\/\/cocolingua.com\/wp-content\/uploads\/2019\/07\/lanzarote-kanarischeinseln-canaryislands-300x214.jpg 300w, https:\/\/cocolingua.com\/wp-content\/uploads\/2019\/07\/lanzarote-kanarischeinseln-canaryislands-400x286.jpg 400w, https:\/\/cocolingua.com\/wp-content\/uploads\/2019\/07\/lanzarote-kanarischeinseln-canaryislands.jpg 560w\" data-sizes=\"auto\" \/><\/a><\/div><\/div><\/div><\/div><\/div><\/div><\/div><\/div><div class=\"fusion-layout-column fusion_builder_column fusion-builder-column-3 fusion_builder_column_1_1 1_1 fusion-flex-column\" style=\"--awb-bg-size:cover;--awb-width-large:100%;--awb-margin-top-large:40px;--awb-spacing-right-large:1.92%;--awb-margin-bottom-large:20px;--awb-spacing-left-large:1.92%;--awb-width-medium:100%;--awb-spacing-right-medium:1.92%;--awb-spacing-left-medium:1.92%;--awb-width-small:100%;--awb-spacing-right-small:1.92%;--awb-spacing-left-small:1.92%;\"><div class=\"fusion-column-wrapper fusion-flex-justify-content-flex-start fusion-content-layout-column\"><div class=\"fusion-text fusion-text-3\"><p>Lanzarote es extraordinariamente hermosa y conocida por su clima siempre c\u00e1lido, sus playas y su paisaje volc\u00e1nico. La geolog\u00eda, los oasis de palmeras, los paisajes submarinos y lunares dan forma a la armon\u00eda entre el hombre y la naturaleza.<\/p>\n<p>Los lugare\u00f1os son el mayor tesoro de Lanzarote. Los lanzarote\u00f1os, tambi\u00e9n llamados \u00abconejeros\u00bb, son anfitriones amigables y amorosos. Una vez que los conoces bien, te sientes familiarmente acogido por ellos.<\/p>\n<\/div><\/div><\/div><div class=\"fusion-layout-column fusion_builder_column fusion-builder-column-4 fusion_builder_column_1_1 1_1 fusion-flex-column fusion-flex-align-self-flex-start fusion-column-no-min-height\" style=\"--awb-bg-size:cover;--awb-width-large:100%;--awb-margin-top-large:0px;--awb-spacing-right-large:1.92%;--awb-margin-bottom-large:0px;--awb-spacing-left-large:1.92%;--awb-width-medium:100%;--awb-spacing-right-medium:1.92%;--awb-spacing-left-medium:1.92%;--awb-width-small:100%;--awb-spacing-right-small:1.92%;--awb-spacing-left-small:1.92%;\"><div class=\"fusion-column-wrapper fusion-flex-justify-content-flex-start fusion-content-layout-column\"><div class=\"fusion-image-carousel fusion-image-carousel-auto fusion-image-carousel-2 lightbox-enabled fusion-carousel-border\"><div class=\"awb-carousel awb-swiper awb-swiper-carousel awb-carousel--carousel awb-swiper-dots-position-bottom\" data-layout=\"carousel\" data-autoplay=\"no\" data-autoplayspeed=\"2500\" data-autoplaypause=\"no\" data-loop=\"yes\" data-columns=\"3\" data-columnsmedium=\"1\" data-columnssmall=\"1\" data-itemmargin=\"13\" data-itemwidth=\"180\" data-touchscroll=\"no\" data-freemode=\"no\" data-imagesize=\"auto\" data-scrollitems=\"0\" data-centeredslides=\"no\" data-rotationangle=\"50\" data-depth=\"100\" data-speed=\"500\" data-shadow=\"no\" data-pagination=\"bullets\" style=\"--awb-columns:3;--awb-border-width:1px;--awb-border-color:#e9eaee;\"><div class=\"swiper-wrapper awb-image-carousel-wrapper fusion-flex-align-items-center\"><div class=\"swiper-slide\"><div class=\"fusion-carousel-item-wrapper\"><div class=\"fusion-image-wrapper hover-type-liftup\"><a data-rel=\"iLightbox[image_carousel_2]\" data-title=\"lanzarote-languageschool-sprachschule-04\" aria-label=\"lanzarote-languageschool-sprachschule-04\" href=\"https:\/\/cocolingua.com\/wp-content\/uploads\/2019\/07\/lanzarote-languageschool-sprachschule-04.jpg\" target=\"_self\"><img decoding=\"async\" width=\"560\" height=\"400\" src=\"https:\/\/cocolingua.com\/wp-content\/uploads\/2019\/07\/lanzarote-languageschool-sprachschule-04.jpg\" class=\"attachment-full size-full lazyload\" alt=\"co co lingua - languageschool - sprachschule - \u00c9cole de langue - escuela de idiomas - -lanzarote\" srcset=\"data:image\/svg+xml,%3Csvg%20xmlns%3D%27http%3A%2F%2Fwww.w3.org%2F2000%2Fsvg%27%20width%3D%27560%27%20height%3D%27400%27%20viewBox%3D%270%200%20560%20400%27%3E%3Crect%20width%3D%27560%27%20height%3D%27400%27%20fill-opacity%3D%220%22%2F%3E%3C%2Fsvg%3E\" data-orig-src=\"https:\/\/cocolingua.com\/wp-content\/uploads\/2019\/07\/lanzarote-languageschool-sprachschule-04.jpg\" data-srcset=\"https:\/\/cocolingua.com\/wp-content\/uploads\/2019\/07\/lanzarote-languageschool-sprachschule-04-200x143.jpg 200w, https:\/\/cocolingua.com\/wp-content\/uploads\/2019\/07\/lanzarote-languageschool-sprachschule-04-400x286.jpg 400w, https:\/\/cocolingua.com\/wp-content\/uploads\/2019\/07\/lanzarote-languageschool-sprachschule-04.jpg 560w\" data-sizes=\"auto\" \/><\/a><\/div><\/div><\/div><div class=\"swiper-slide\"><div class=\"fusion-carousel-item-wrapper\"><div class=\"fusion-image-wrapper hover-type-liftup\"><a data-rel=\"iLightbox[image_carousel_2]\" data-title=\"lanzarote-languageschool-sprachschule-06\" aria-label=\"lanzarote-languageschool-sprachschule-06\" href=\"https:\/\/cocolingua.com\/wp-content\/uploads\/2019\/07\/lanzarote-languageschool-sprachschule-06.jpg\" target=\"_self\"><img decoding=\"async\" width=\"560\" height=\"400\" src=\"https:\/\/cocolingua.com\/wp-content\/uploads\/2019\/07\/lanzarote-languageschool-sprachschule-06.jpg\" class=\"attachment-full size-full lazyload\" alt=\"co co lingua - languageschool - sprachschule - \u00c9cole de langue - escuela de idiomas - -lanzarote\" srcset=\"data:image\/svg+xml,%3Csvg%20xmlns%3D%27http%3A%2F%2Fwww.w3.org%2F2000%2Fsvg%27%20width%3D%27560%27%20height%3D%27400%27%20viewBox%3D%270%200%20560%20400%27%3E%3Crect%20width%3D%27560%27%20height%3D%27400%27%20fill-opacity%3D%220%22%2F%3E%3C%2Fsvg%3E\" data-orig-src=\"https:\/\/cocolingua.com\/wp-content\/uploads\/2019\/07\/lanzarote-languageschool-sprachschule-06.jpg\" data-srcset=\"https:\/\/cocolingua.com\/wp-content\/uploads\/2019\/07\/lanzarote-languageschool-sprachschule-06-200x143.jpg 200w, https:\/\/cocolingua.com\/wp-content\/uploads\/2019\/07\/lanzarote-languageschool-sprachschule-06-400x286.jpg 400w, https:\/\/cocolingua.com\/wp-content\/uploads\/2019\/07\/lanzarote-languageschool-sprachschule-06.jpg 560w\" data-sizes=\"auto\" \/><\/a><\/div><\/div><\/div><div class=\"swiper-slide\"><div class=\"fusion-carousel-item-wrapper\"><div class=\"fusion-image-wrapper hover-type-liftup\"><a data-rel=\"iLightbox[image_carousel_2]\" data-title=\"lanzarote-languageschool-sprachschule-03\" aria-label=\"lanzarote-languageschool-sprachschule-03\" href=\"https:\/\/cocolingua.com\/wp-content\/uploads\/2019\/07\/lanzarote-languageschool-sprachschule-03.jpg\" target=\"_self\"><img decoding=\"async\" width=\"560\" height=\"400\" src=\"https:\/\/cocolingua.com\/wp-content\/uploads\/2019\/07\/lanzarote-languageschool-sprachschule-03.jpg\" class=\"attachment-full size-full lazyload\" alt=\"co co lingua - languageschool - sprachschule - \u00c9cole de langue - escuela de idiomas - -lanzarote\" srcset=\"data:image\/svg+xml,%3Csvg%20xmlns%3D%27http%3A%2F%2Fwww.w3.org%2F2000%2Fsvg%27%20width%3D%27560%27%20height%3D%27400%27%20viewBox%3D%270%200%20560%20400%27%3E%3Crect%20width%3D%27560%27%20height%3D%27400%27%20fill-opacity%3D%220%22%2F%3E%3C%2Fsvg%3E\" data-orig-src=\"https:\/\/cocolingua.com\/wp-content\/uploads\/2019\/07\/lanzarote-languageschool-sprachschule-03.jpg\" data-srcset=\"https:\/\/cocolingua.com\/wp-content\/uploads\/2019\/07\/lanzarote-languageschool-sprachschule-03-200x143.jpg 200w, https:\/\/cocolingua.com\/wp-content\/uploads\/2019\/07\/lanzarote-languageschool-sprachschule-03-400x286.jpg 400w, https:\/\/cocolingua.com\/wp-content\/uploads\/2019\/07\/lanzarote-languageschool-sprachschule-03.jpg 560w\" data-sizes=\"auto\" \/><\/a><\/div><\/div><\/div><div class=\"swiper-slide\"><div class=\"fusion-carousel-item-wrapper\"><div class=\"fusion-image-wrapper hover-type-liftup\"><a data-rel=\"iLightbox[image_carousel_2]\" data-title=\"lanzarote-languageschool-sprachschule-02\" aria-label=\"lanzarote-languageschool-sprachschule-02\" href=\"https:\/\/cocolingua.com\/wp-content\/uploads\/2019\/07\/lanzarote-languageschool-sprachschule-02.jpg\" target=\"_self\"><img decoding=\"async\" width=\"560\" height=\"400\" src=\"https:\/\/cocolingua.com\/wp-content\/uploads\/2019\/07\/lanzarote-languageschool-sprachschule-02.jpg\" class=\"attachment-full size-full lazyload\" alt=\"co co lingua - languageschool - sprachschule - \u00c9cole de langue - escuela de idiomas - -lanzarote\" srcset=\"data:image\/svg+xml,%3Csvg%20xmlns%3D%27http%3A%2F%2Fwww.w3.org%2F2000%2Fsvg%27%20width%3D%27560%27%20height%3D%27400%27%20viewBox%3D%270%200%20560%20400%27%3E%3Crect%20width%3D%27560%27%20height%3D%27400%27%20fill-opacity%3D%220%22%2F%3E%3C%2Fsvg%3E\" data-orig-src=\"https:\/\/cocolingua.com\/wp-content\/uploads\/2019\/07\/lanzarote-languageschool-sprachschule-02.jpg\" data-srcset=\"https:\/\/cocolingua.com\/wp-content\/uploads\/2019\/07\/lanzarote-languageschool-sprachschule-02-200x143.jpg 200w, https:\/\/cocolingua.com\/wp-content\/uploads\/2019\/07\/lanzarote-languageschool-sprachschule-02-400x286.jpg 400w, https:\/\/cocolingua.com\/wp-content\/uploads\/2019\/07\/lanzarote-languageschool-sprachschule-02.jpg 560w\" data-sizes=\"auto\" \/><\/a><\/div><\/div><\/div><div class=\"swiper-slide\"><div class=\"fusion-carousel-item-wrapper\"><div class=\"fusion-image-wrapper hover-type-liftup\"><a data-rel=\"iLightbox[image_carousel_2]\" data-title=\"lanzarote-languageschool-sprachschule-05\" aria-label=\"lanzarote-languageschool-sprachschule-05\" href=\"https:\/\/cocolingua.com\/wp-content\/uploads\/2019\/07\/lanzarote-languageschool-sprachschule-05.jpg\" target=\"_self\"><img decoding=\"async\" width=\"560\" height=\"400\" src=\"https:\/\/cocolingua.com\/wp-content\/uploads\/2019\/07\/lanzarote-languageschool-sprachschule-05.jpg\" class=\"attachment-full size-full lazyload\" alt=\"co co lingua - languageschool - sprachschule - \u00c9cole de langue - escuela de idiomas - -lanzarote\" srcset=\"data:image\/svg+xml,%3Csvg%20xmlns%3D%27http%3A%2F%2Fwww.w3.org%2F2000%2Fsvg%27%20width%3D%27560%27%20height%3D%27400%27%20viewBox%3D%270%200%20560%20400%27%3E%3Crect%20width%3D%27560%27%20height%3D%27400%27%20fill-opacity%3D%220%22%2F%3E%3C%2Fsvg%3E\" data-orig-src=\"https:\/\/cocolingua.com\/wp-content\/uploads\/2019\/07\/lanzarote-languageschool-sprachschule-05.jpg\" data-srcset=\"https:\/\/cocolingua.com\/wp-content\/uploads\/2019\/07\/lanzarote-languageschool-sprachschule-05-200x143.jpg 200w, https:\/\/cocolingua.com\/wp-content\/uploads\/2019\/07\/lanzarote-languageschool-sprachschule-05-400x286.jpg 400w, https:\/\/cocolingua.com\/wp-content\/uploads\/2019\/07\/lanzarote-languageschool-sprachschule-05.jpg 560w\" data-sizes=\"auto\" \/><\/a><\/div><\/div><\/div><div class=\"swiper-slide\"><div class=\"fusion-carousel-item-wrapper\"><div class=\"fusion-image-wrapper hover-type-liftup\"><a data-rel=\"iLightbox[image_carousel_2]\" data-title=\"lanzarote-languageschool-sprachschule-01\" aria-label=\"lanzarote-languageschool-sprachschule-01\" href=\"https:\/\/cocolingua.com\/wp-content\/uploads\/2019\/07\/lanzarote-languageschool-sprachschule-01.jpg\" target=\"_self\"><img decoding=\"async\" width=\"560\" height=\"400\" src=\"https:\/\/cocolingua.com\/wp-content\/uploads\/2019\/07\/lanzarote-languageschool-sprachschule-01.jpg\" class=\"attachment-full size-full lazyload\" alt=\"co co lingua - languageschool - sprachschule - \u00c9cole de langue - escuela de idiomas - -lanzarote\" srcset=\"data:image\/svg+xml,%3Csvg%20xmlns%3D%27http%3A%2F%2Fwww.w3.org%2F2000%2Fsvg%27%20width%3D%27560%27%20height%3D%27400%27%20viewBox%3D%270%200%20560%20400%27%3E%3Crect%20width%3D%27560%27%20height%3D%27400%27%20fill-opacity%3D%220%22%2F%3E%3C%2Fsvg%3E\" data-orig-src=\"https:\/\/cocolingua.com\/wp-content\/uploads\/2019\/07\/lanzarote-languageschool-sprachschule-01.jpg\" data-srcset=\"https:\/\/cocolingua.com\/wp-content\/uploads\/2019\/07\/lanzarote-languageschool-sprachschule-01-200x143.jpg 200w, https:\/\/cocolingua.com\/wp-content\/uploads\/2019\/07\/lanzarote-languageschool-sprachschule-01-400x286.jpg 400w, https:\/\/cocolingua.com\/wp-content\/uploads\/2019\/07\/lanzarote-languageschool-sprachschule-01.jpg 560w\" data-sizes=\"auto\" \/><\/a><\/div><\/div><\/div><\/div><div class=\"awb-swiper-button awb-swiper-button-prev\"><i class=\"awb-icon-angle-left\" aria-hidden=\"true\"><\/i><\/div><div class=\"awb-swiper-button awb-swiper-button-next\"><i class=\"awb-icon-angle-right\" aria-hidden=\"true\"><\/i><\/div><\/div><\/div><div class=\"fusion-separator fusion-has-icon fusion-full-width-sep\" style=\"align-self: center;margin-left: auto;margin-right: auto;margin-bottom:40px;width:100%;\"><div class=\"fusion-separator-border sep-single sep-solid\" style=\"--awb-height:20px;--awb-amount:20px;border-color:#e0dede;border-top-width:1px;\"><\/div><span class=\"icon-wrapper\" style=\"border-color:#e0dede;background-color:rgba(255,255,255,0);font-size:16px;width: 1.75em; height: 1.75em;border-width:1px;padding:1px;margin-top:-0.5px\"><i class=\" fa fa-chevron-down\" style=\"font-size: inherit;color:#e0dede;\" aria-hidden=\"true\"><\/i><\/span><div class=\"fusion-separator-border sep-single sep-solid\" style=\"--awb-height:20px;--awb-amount:20px;border-color:#e0dede;border-top-width:1px;\"><\/div><\/div><\/div><\/div><div class=\"fusion-layout-column fusion_builder_column fusion-builder-column-5 fusion_builder_column_1_1 1_1 fusion-flex-column\" style=\"--awb-bg-size:cover;--awb-width-large:100%;--awb-margin-top-large:0px;--awb-spacing-right-large:1.92%;--awb-margin-bottom-large:20px;--awb-spacing-left-large:1.92%;--awb-width-medium:100%;--awb-spacing-right-medium:1.92%;--awb-spacing-left-medium:1.92%;--awb-width-small:100%;--awb-spacing-right-small:1.92%;--awb-spacing-left-small:1.92%;\"><div class=\"fusion-column-wrapper fusion-flex-justify-content-flex-start fusion-content-layout-column\"><div class=\"fusion-title title fusion-title-3 fusion-sep-none fusion-title-center fusion-title-text fusion-title-size-three\" style=\"--awb-margin-top:20px;--awb-margin-top-small:0px;--awb-margin-right-small:0px;--awb-margin-bottom-small:20px;--awb-margin-left-small:0px;\"><h3 class=\"fusion-title-heading title-heading-center\" style=\"margin:0;\">La escuela de idiomas Co Co Lingua en Lanzarote &#8211; \u00bfD\u00f3nde estamos?<\/h3><\/div><div class=\"fusion-text fusion-text-4\"><p>Nos encontramos en el sur de Lanzarote, en el coraz\u00f3n del pueblo de Yaiza, nombrado en numerosas ocasiones \u00abEl pueblo canario m\u00e1s hermoso\u00bb. La escuela cuenta con excelentes instalaciones. Hay aulas luminosas y espaciosas con vistas espectaculares a las \u00abMonta\u00f1as de Fuego\u00bb. Proporcionan un ambiente tranquilo y agradable en un entorno de aprendizaje ideal.<\/p>\n<p>La escuela cuenta con un amplio estacionamiento. En el mismo edificio, puedes encontrar una peluquer\u00eda y una cafeter\u00eda con una soleada terraza. A unos 50 metros hacia Playa Blanca, encontrar\u00e1s el majestuoso \u00abCentro de Artesan\u00eda\u00bb &#8211; una casa t\u00edpica canaria, con tiendas exclusivas y un bar de tapas gourmet.<\/p>\n<\/div><\/div><\/div><div class=\"fusion-layout-column fusion_builder_column fusion-builder-column-6 fusion_builder_column_1_6 1_6 fusion-flex-column\" style=\"--awb-bg-size:cover;--awb-width-large:16.666666666667%;--awb-margin-top-large:40px;--awb-spacing-right-large:11.52%;--awb-margin-bottom-large:20px;--awb-spacing-left-large:11.52%;--awb-width-medium:100%;--awb-spacing-right-medium:1.92%;--awb-spacing-left-medium:1.92%;--awb-width-small:100%;--awb-spacing-right-small:1.92%;--awb-spacing-left-small:1.92%;\"><div class=\"fusion-column-wrapper fusion-flex-justify-content-flex-start fusion-content-layout-column\"><\/div><\/div><div class=\"fusion-layout-column fusion_builder_column fusion-builder-column-7 fusion_builder_column_1_3 1_3 fusion-flex-column\" style=\"--awb-bg-size:cover;--awb-width-large:33.333333333333%;--awb-margin-top-large:0px;--awb-spacing-right-large:5.76%;--awb-margin-bottom-large:20px;--awb-spacing-left-large:5.76%;--awb-width-medium:100%;--awb-spacing-right-medium:1.92%;--awb-spacing-left-medium:1.92%;--awb-width-small:100%;--awb-spacing-right-small:1.92%;--awb-spacing-left-small:1.92%;\"><div class=\"fusion-column-wrapper fusion-flex-justify-content-flex-start fusion-content-layout-column\"><div ><a class=\"fusion-button button-flat fusion-button-default-size button-default fusion-button-default button-1 fusion-button-span-yes fusion-button-default-type\" target=\"_self\" href=\"https:\/\/cocolingua.com\/co-co-lingua\/\"><span class=\"fusion-button-text awb-button__text awb-button__text--default\">Nuestra escuela<\/span><\/a><\/div><\/div><\/div><div class=\"fusion-layout-column fusion_builder_column fusion-builder-column-8 fusion_builder_column_1_3 1_3 fusion-flex-column\" style=\"--awb-bg-size:cover;--awb-width-large:33.333333333333%;--awb-margin-top-large:0px;--awb-spacing-right-large:5.76%;--awb-margin-bottom-large:20px;--awb-spacing-left-large:5.76%;--awb-width-medium:100%;--awb-spacing-right-medium:1.92%;--awb-spacing-left-medium:1.92%;--awb-width-small:100%;--awb-spacing-right-small:1.92%;--awb-spacing-left-small:1.92%;\"><div class=\"fusion-column-wrapper fusion-flex-justify-content-flex-start fusion-content-layout-column\"><div ><a class=\"fusion-button button-flat fusion-button-default-size button-default fusion-button-default button-2 fusion-button-span-yes fusion-button-default-type\" target=\"_self\" href=\"https:\/\/cocolingua.com\/en\/courses-and-prices\/\"><span class=\"fusion-button-text awb-button__text awb-button__text--default\">Nuestros cursos<\/span><\/a><\/div><\/div><\/div><div class=\"fusion-layout-column fusion_builder_column fusion-builder-column-9 fusion_builder_column_1_6 1_6 fusion-flex-column\" style=\"--awb-bg-size:cover;--awb-width-large:16.666666666667%;--awb-margin-top-large:40px;--awb-spacing-right-large:11.52%;--awb-margin-bottom-large:20px;--awb-spacing-left-large:11.52%;--awb-width-medium:100%;--awb-spacing-right-medium:1.92%;--awb-spacing-left-medium:1.92%;--awb-width-small:100%;--awb-spacing-right-small:1.92%;--awb-spacing-left-small:1.92%;\"><div class=\"fusion-column-wrapper fusion-flex-justify-content-flex-start fusion-content-layout-column\"><\/div><\/div><\/div><\/div>\n","protected":false},"excerpt":{"rendered":"","protected":false},"author":3,"featured_media":0,"parent":0,"menu_order":0,"comment_status":"closed","ping_status":"closed","template":"","meta":{"ngg_post_thumbnail":0,"footnotes":""},"class_list":["post-8260","page","type-page","status-publish","hentry"],"_links":{"self":[{"href":"https:\/\/cocolingua.com\/es\/wp-json\/wp\/v2\/pages\/8260","targetHints":{"allow":["GET"]}}],"collection":[{"href":"https:\/\/cocolingua.com\/es\/wp-json\/wp\/v2\/pages"}],"about":[{"href":"https:\/\/cocolingua.com\/es\/wp-json\/wp\/v2\/types\/page"}],"author":[{"embeddable":true,"href":"https:\/\/cocolingua.com\/es\/wp-json\/wp\/v2\/users\/3"}],"replies":[{"embeddable":true,"href":"https:\/\/cocolingua.com\/es\/wp-json\/wp\/v2\/comments?post=8260"}],"version-history":[{"count":25,"href":"https:\/\/cocolingua.com\/es\/wp-json\/wp\/v2\/pages\/8260\/revisions"}],"predecessor-version":[{"id":17470,"href":"https:\/\/cocolingua.com\/es\/wp-json\/wp\/v2\/pages\/8260\/revisions\/17470"}],"wp:attachment":[{"href":"https:\/\/cocolingua.com\/es\/wp-json\/wp\/v2\/media?parent=8260"}],"curies":[{"name":"wp","href":"https:\/\/api.w.org\/{rel}","templated":true}]}}