{"id":4801,"date":"2017-09-22T09:38:37","date_gmt":"2017-09-22T09:38:37","guid":{"rendered":"http:\/\/cocolingua.com\/?page_id=4801"},"modified":"2024-03-14T20:31:22","modified_gmt":"2024-03-14T20:31:22","slug":"b2-super-intensive-spanisch-kurs-2010","status":"publish","type":"page","link":"https:\/\/cocolingua.com\/es\/b2-super-intensive-spanisch-kurs-2010\/","title":{"rendered":"B2 &#8211; Espa\u00f1ol Super-intensivo 20 + 10"},"content":{"rendered":"<p><img decoding=\"async\" class=\"lazyload alignleft wp-image-4613\" src=\"https:\/\/cocolingua.com\/wp-content\/uploads\/2017\/09\/Excursion-Timanfaya-Co-Co-Lingua-Lanzarote-300x225.png\" data-orig-src=\"https:\/\/cocolingua.com\/wp-content\/uploads\/2017\/09\/Excursion-Timanfaya-Co-Co-Lingua-Lanzarote-300x225.png\" alt=\"Excursion-Timanfaya-Co-Co-Lingua-Lanzarote\" width=\"331\" height=\"248\" srcset=\"data:image\/svg+xml,%3Csvg%20xmlns%3D%27http%3A%2F%2Fwww.w3.org%2F2000%2Fsvg%27%20width%3D%27331%27%20height%3D%27248%27%20viewBox%3D%270%200%20331%20248%27%3E%3Crect%20width%3D%27331%27%20height%3D%27248%27%20fill-opacity%3D%220%22%2F%3E%3C%2Fsvg%3E\" data-srcset=\"https:\/\/cocolingua.com\/wp-content\/uploads\/2017\/09\/Excursion-Timanfaya-Co-Co-Lingua-Lanzarote-200x150.png 200w, https:\/\/cocolingua.com\/wp-content\/uploads\/2017\/09\/Excursion-Timanfaya-Co-Co-Lingua-Lanzarote-300x225.png 300w, https:\/\/cocolingua.com\/wp-content\/uploads\/2017\/09\/Excursion-Timanfaya-Co-Co-Lingua-Lanzarote-400x300.png 400w, https:\/\/cocolingua.com\/wp-content\/uploads\/2017\/09\/Excursion-Timanfaya-Co-Co-Lingua-Lanzarote-600x450.png 600w, https:\/\/cocolingua.com\/wp-content\/uploads\/2017\/09\/Excursion-Timanfaya-Co-Co-Lingua-Lanzarote-768x576.png 768w, https:\/\/cocolingua.com\/wp-content\/uploads\/2017\/09\/Excursion-Timanfaya-Co-Co-Lingua-Lanzarote-800x600.png 800w, https:\/\/cocolingua.com\/wp-content\/uploads\/2017\/09\/Excursion-Timanfaya-Co-Co-Lingua-Lanzarote-1024x768.png 1024w, https:\/\/cocolingua.com\/wp-content\/uploads\/2017\/09\/Excursion-Timanfaya-Co-Co-Lingua-Lanzarote-1200x900.png 1200w, https:\/\/cocolingua.com\/wp-content\/uploads\/2017\/09\/Excursion-Timanfaya-Co-Co-Lingua-Lanzarote.png 1500w\" data-sizes=\"auto\" data-orig-sizes=\"(max-width: 331px) 100vw, 331px\" \/><\/p>\n<p>&nbsp;<\/p>\n<p>Nuestros&nbsp;<strong>cursos de espa\u00f1ol son a medida<\/strong>, tanto si est\u00e1s empezando desde cero, como si tienes un nivel avanzado de <strong>espa\u00f1ol<\/strong>.<\/p>\n<p>&nbsp;<\/p>\n<p>Los <strong>cursos s\u00faper intensivos de espa\u00f1ol<\/strong> incluyen m\u00e1s de 20 clases semanales, ofreciendo la posibilidad de combinar las clases con <strong>actividades de ocio y culturales<\/strong> por las tardes.<\/p>\n<p>&nbsp;<\/p>\n<p>&nbsp;<\/p>\n<p>El aprendizaje de la gram\u00e1tica se integra dentro de nuestro m\u00e9todo comunicativo. Las clases siguen un enfoque interactivo y comunicativo, donde <strong>los protagonistas son siempre los alumnos<\/strong>.<\/p>\n<p>&nbsp;<\/p>\n<blockquote>\n<h4>El objetivo es que el alumno se sumerja en <strong>la lengua y la cultura<\/strong>, y logre comunicarse de forma efectiva.<\/h4>\n<\/blockquote>\n<p>&nbsp;<\/p>\n<p>Los<strong> cursos super-intensivos<\/strong>&nbsp;son apropiados para personas de cualquier edad que desean <strong>aprender espa\u00f1ol<\/strong> de forma r\u00e1pida y eficaz.<\/p>\n<p>&nbsp;<\/p>\n<p><img decoding=\"async\" class=\"lazyload aligncenter wp-image-4666 size-large\" src=\"https:\/\/cocolingua.com\/wp-content\/uploads\/2017\/09\/CoCo-Lanzarote-SHE-PHOTO-226-1024x683.jpg\" data-orig-src=\"https:\/\/cocolingua.com\/wp-content\/uploads\/2017\/09\/CoCo-Lanzarote-SHE-PHOTO-226-1024x683.jpg\" alt=\"Curso de Espa\u00f1ol Super-intensivo 20 + 10\" width=\"1024\" height=\"683\" srcset=\"data:image\/svg+xml,%3Csvg%20xmlns%3D%27http%3A%2F%2Fwww.w3.org%2F2000%2Fsvg%27%20width%3D%271024%27%20height%3D%27683%27%20viewBox%3D%270%200%201024%20683%27%3E%3Crect%20width%3D%271024%27%20height%3D%27683%27%20fill-opacity%3D%220%22%2F%3E%3C%2Fsvg%3E\" data-srcset=\"https:\/\/cocolingua.com\/wp-content\/uploads\/2017\/09\/CoCo-Lanzarote-SHE-PHOTO-226-200x133.jpg 200w, https:\/\/cocolingua.com\/wp-content\/uploads\/2017\/09\/CoCo-Lanzarote-SHE-PHOTO-226-300x200.jpg 300w, https:\/\/cocolingua.com\/wp-content\/uploads\/2017\/09\/CoCo-Lanzarote-SHE-PHOTO-226-400x267.jpg 400w, https:\/\/cocolingua.com\/wp-content\/uploads\/2017\/09\/CoCo-Lanzarote-SHE-PHOTO-226-600x400.jpg 600w, https:\/\/cocolingua.com\/wp-content\/uploads\/2017\/09\/CoCo-Lanzarote-SHE-PHOTO-226-768x512.jpg 768w, https:\/\/cocolingua.com\/wp-content\/uploads\/2017\/09\/CoCo-Lanzarote-SHE-PHOTO-226-800x533.jpg 800w, https:\/\/cocolingua.com\/wp-content\/uploads\/2017\/09\/CoCo-Lanzarote-SHE-PHOTO-226-1024x683.jpg 1024w, https:\/\/cocolingua.com\/wp-content\/uploads\/2017\/09\/CoCo-Lanzarote-SHE-PHOTO-226-1200x800.jpg 1200w\" data-sizes=\"auto\" data-orig-sizes=\"(max-width: 1024px) 100vw, 1024px\" \/><\/p>\n<h3 style=\"text-align: right;\">El curso consta de <strong>4 clases de espa\u00f1ol diarias de lunes a viernes<\/strong> en grupos con un <strong>m\u00e1ximo de 6 alumnos<\/strong>.&nbsp;<\/h3>\n<h3 style=\"text-align: right;\">Esta opci\u00f3n te ofrece <strong>2 clases diarias adicionales de actividades culturales<\/strong> complementarias.<\/h3>\n<p>&nbsp;<\/p>\n<blockquote><p><strong>Nivel B2. <\/strong>Se adquiere cuando el estudiante es capaz de entender las ideas principales de textos complejos que traten de temas tanto concretos como abstractos, incluso si son de car\u00e1cter t\u00e9cnico siempre que est\u00e9n dentro de su campo de especializaci\u00f3n.<\/p>\n<p>Cuando puede relacionarse con hablantes nativos con un grado suficiente de fluidez y naturalidad de modo que la comunicaci\u00f3n se realice sin esfuerzo por parte de ninguno de los interlocutores y cuando puede producir textos claros y detallados sobre temas diversos as\u00ed como defender un punto de vista sobre temas generales indicando los pros y los contras de las distintas opciones.<\/p><\/blockquote>\n<p>&nbsp;<\/p>\n<h4><a href=\"http:\/\/www.bildungsurlaub.de\/seminare\/?new_search=1&amp;filter_veranstalter=1967\" target=\"_blank\" rel=\"noopener\"><img decoding=\"async\" class=\"lazyload wp-image-4410 size-medium alignleft\" src=\"https:\/\/cocolingua.com\/wp-content\/uploads\/2014\/09\/Logo-300x78.png\" data-orig-src=\"https:\/\/cocolingua.com\/wp-content\/uploads\/2014\/09\/Logo-300x78.png\" alt=\"Cursos de espa\u00f1ol\" width=\"300\" height=\"78\" srcset=\"data:image\/svg+xml,%3Csvg%20xmlns%3D%27http%3A%2F%2Fwww.w3.org%2F2000%2Fsvg%27%20width%3D%27300%27%20height%3D%2778%27%20viewBox%3D%270%200%20300%2078%27%3E%3Crect%20width%3D%27300%27%20height%3D%2778%27%20fill-opacity%3D%220%22%2F%3E%3C%2Fsvg%3E\" data-srcset=\"https:\/\/cocolingua.com\/wp-content\/uploads\/2014\/09\/Logo-200x52.png 200w, https:\/\/cocolingua.com\/wp-content\/uploads\/2014\/09\/Logo-300x78.png 300w, https:\/\/cocolingua.com\/wp-content\/uploads\/2014\/09\/Logo.png 307w\" data-sizes=\"auto\" data-orig-sizes=\"(max-width: 300px) 100vw, 300px\" \/><\/a><\/h4>\n<h4>&nbsp;<\/h4>\n<h4>Adem\u00e1s tiene la posibilidad de realizarlos mediante el <a href=\"http:\/\/www.bildungsurlaub.de\/seminare\/?new_search=1&amp;filter_veranstalter=1967\" target=\"_blank\" rel=\"noopener\">Bildungsurlaub<\/a><\/h4>\n<h3>&nbsp;<\/h3>\n<p>&nbsp;<\/p>\n<h2>Tabla de precios<\/h2>\n<p><img decoding=\"async\" class=\"lazyload aligncenter wp-image-4676 size-large\" src=\"https:\/\/cocolingua.com\/wp-content\/uploads\/2017\/09\/curso-de-espa\u00f1ol-super-intensivo-20101.jpg\" data-orig-src=\"https:\/\/cocolingua.com\/wp-content\/uploads\/2017\/09\/curso-de-espa\u00f1ol-super-intensivo-20101.jpg\" alt=\"Curso de Espa\u00f1ol Super-intensivo 20 + 10\" width=\"1024\" height=\"231\" srcset=\"data:image\/svg+xml,%3Csvg%20xmlns%3D%27http%3A%2F%2Fwww.w3.org%2F2000%2Fsvg%27%20width%3D%271024%27%20height%3D%27231%27%20viewBox%3D%270%200%201024%20231%27%3E%3Crect%20width%3D%271024%27%20height%3D%27231%27%20fill-opacity%3D%220%22%2F%3E%3C%2Fsvg%3E\" data-srcset=\"https:\/\/cocolingua.com\/wp-content\/uploads\/2017\/09\/curso-de-espa\u00f1ol-super-intensivo-20101-200x45.jpg 200w, https:\/\/cocolingua.com\/wp-content\/uploads\/2017\/09\/curso-de-espa\u00f1ol-super-intensivo-20101-300x68.jpg 300w, https:\/\/cocolingua.com\/wp-content\/uploads\/2017\/09\/curso-de-espa\u00f1ol-super-intensivo-20101-400x90.jpg 400w, https:\/\/cocolingua.com\/wp-content\/uploads\/2017\/09\/curso-de-espa\u00f1ol-super-intensivo-20101-600x135.jpg 600w, https:\/\/cocolingua.com\/wp-content\/uploads\/2017\/09\/curso-de-espa\u00f1ol-super-intensivo-20101-768x173.jpg 768w, https:\/\/cocolingua.com\/wp-content\/uploads\/2017\/09\/curso-de-espa\u00f1ol-super-intensivo-20101-800x180.jpg 800w, https:\/\/cocolingua.com\/wp-content\/uploads\/2017\/09\/curso-de-espa\u00f1ol-super-intensivo-20101-1024x231.jpg 1024w, https:\/\/cocolingua.com\/wp-content\/uploads\/2017\/09\/curso-de-espa\u00f1ol-super-intensivo-20101-1200x271.jpg 1200w, https:\/\/cocolingua.com\/wp-content\/uploads\/2017\/09\/curso-de-espa\u00f1ol-super-intensivo-20101.jpg 1548w\" data-sizes=\"auto\" data-orig-sizes=\"(max-width: 1024px) 100vw, 1024px\" \/><\/p>\n<p>&nbsp;<\/p>\n<p>&nbsp;<\/p>\n<h3 style=\"text-align: center;\"><strong><a href=\"http:\/\/cocolingua.com\/inscripcion\/\">\u00a1Inscr\u00edbete ahora haciendo clic aqui!<\/a><\/strong><\/h3>\n<p>&nbsp;<\/p>\n<p>&nbsp;<!--more--><\/p>\n","protected":false},"excerpt":{"rendered":"<p>&nbsp; Nuestros&nbsp;cursos de espa\u00f1ol son a medida, tanto si est\u00e1s empezando desde cero, como si tienes un nivel avanzado de espa\u00f1ol. &nbsp; Los cursos s\u00faper intensivos de espa\u00f1ol incluyen m\u00e1s de 20 clases semanales, ofreciendo la posibilidad de combinar las clases con actividades de ocio y culturales por las tardes. &nbsp; &nbsp; El aprendizaje de  [&#8230;]<\/p>\n","protected":false},"author":3,"featured_media":0,"parent":0,"menu_order":0,"comment_status":"closed","ping_status":"closed","template":"","meta":{"ngg_post_thumbnail":0,"footnotes":""},"class_list":["post-4801","page","type-page","status-publish","hentry"],"_links":{"self":[{"href":"https:\/\/cocolingua.com\/es\/wp-json\/wp\/v2\/pages\/4801","targetHints":{"allow":["GET"]}}],"collection":[{"href":"https:\/\/cocolingua.com\/es\/wp-json\/wp\/v2\/pages"}],"about":[{"href":"https:\/\/cocolingua.com\/es\/wp-json\/wp\/v2\/types\/page"}],"author":[{"embeddable":true,"href":"https:\/\/cocolingua.com\/es\/wp-json\/wp\/v2\/users\/3"}],"replies":[{"embeddable":true,"href":"https:\/\/cocolingua.com\/es\/wp-json\/wp\/v2\/comments?post=4801"}],"version-history":[{"count":2,"href":"https:\/\/cocolingua.com\/es\/wp-json\/wp\/v2\/pages\/4801\/revisions"}],"predecessor-version":[{"id":13820,"href":"https:\/\/cocolingua.com\/es\/wp-json\/wp\/v2\/pages\/4801\/revisions\/13820"}],"wp:attachment":[{"href":"https:\/\/cocolingua.com\/es\/wp-json\/wp\/v2\/media?parent=4801"}],"curies":[{"name":"wp","href":"https:\/\/api.w.org\/{rel}","templated":true}]}}