{"id":4760,"date":"2017-09-21T09:01:04","date_gmt":"2017-09-21T09:01:04","guid":{"rendered":"http:\/\/cocolingua.com\/?page_id=4760"},"modified":"2024-03-14T20:31:14","modified_gmt":"2024-03-14T20:31:14","slug":"a2-spanisch-semi-intensivkurs-10","status":"publish","type":"page","link":"https:\/\/cocolingua.com\/es\/a2-spanisch-semi-intensivkurs-10\/","title":{"rendered":"A2-Espa\u00f1ol Semi-intensivo 10"},"content":{"rendered":"<p><img decoding=\"async\" class=\"lazyload alignleft size-medium wp-image-4671\" src=\"https:\/\/cocolingua.com\/wp-content\/uploads\/2017\/09\/20-CoCo-Lanzarote-SHE-PHOTO-181-200x300.jpg\" data-orig-src=\"https:\/\/cocolingua.com\/wp-content\/uploads\/2017\/09\/20-CoCo-Lanzarote-SHE-PHOTO-181-200x300.jpg\" alt=\"\" width=\"200\" height=\"300\" srcset=\"data:image\/svg+xml,%3Csvg%20xmlns%3D%27http%3A%2F%2Fwww.w3.org%2F2000%2Fsvg%27%20width%3D%27200%27%20height%3D%27300%27%20viewBox%3D%270%200%20200%20300%27%3E%3Crect%20width%3D%27200%27%20height%3D%27300%27%20fill-opacity%3D%220%22%2F%3E%3C%2Fsvg%3E\" data-srcset=\"https:\/\/cocolingua.com\/wp-content\/uploads\/2017\/09\/20-CoCo-Lanzarote-SHE-PHOTO-181-200x300.jpg 200w, https:\/\/cocolingua.com\/wp-content\/uploads\/2017\/09\/20-CoCo-Lanzarote-SHE-PHOTO-181-400x600.jpg 400w, https:\/\/cocolingua.com\/wp-content\/uploads\/2017\/09\/20-CoCo-Lanzarote-SHE-PHOTO-181-600x900.jpg 600w, https:\/\/cocolingua.com\/wp-content\/uploads\/2017\/09\/20-CoCo-Lanzarote-SHE-PHOTO-181-683x1024.jpg 683w, https:\/\/cocolingua.com\/wp-content\/uploads\/2017\/09\/20-CoCo-Lanzarote-SHE-PHOTO-181-768x1152.jpg 768w, https:\/\/cocolingua.com\/wp-content\/uploads\/2017\/09\/20-CoCo-Lanzarote-SHE-PHOTO-181-800x1200.jpg 800w, https:\/\/cocolingua.com\/wp-content\/uploads\/2017\/09\/20-CoCo-Lanzarote-SHE-PHOTO-181-1200x1800.jpg 1200w\" data-sizes=\"auto\" data-orig-sizes=\"(max-width: 200px) 100vw, 200px\" \/><\/p>\n<p>&nbsp;<\/p>\n<p>Nuestros&nbsp;<strong>cursos de espa\u00f1ol son a medida<\/strong>, tanto si est\u00e1s empezando desde cero, como si tienes un nivel avanzado de <strong>espa\u00f1ol<\/strong>.<\/p>\n<p>&nbsp;<\/p>\n<p>El aprendizaje de la gram\u00e1tica se integra dentro de nuestro m\u00e9todo comunicativo. Las clases siguen un enfoque interactivo y comunicativo, donde <strong>los protagonistas son siempre los alumnos<\/strong>.<\/p>\n<p>&nbsp;<\/p>\n<p>&nbsp;<\/p>\n<p>&nbsp;<\/p>\n<p>&nbsp;<\/p>\n<p>Son cursos de espa\u00f1ol de media jornada, especialmente dise\u00f1ados para estudiantes que no tienen suficiente tiempo para asistir a un curso intensivo.<\/p>\n<p>&nbsp;<\/p>\n<blockquote>\n<h4>El objetivo es que el alumno se sumerja en <strong>la lengua y la cultura<\/strong>, y logre comunicarse de forma efectiva.<\/h4>\n<\/blockquote>\n<p>&nbsp;<\/p>\n<p>&nbsp;<\/p>\n<p><img decoding=\"async\" class=\"lazyload aligncenter size-large wp-image-4668\" src=\"https:\/\/cocolingua.com\/wp-content\/uploads\/2017\/09\/IMG_3726-1024x768.jpg\" data-orig-src=\"https:\/\/cocolingua.com\/wp-content\/uploads\/2017\/09\/IMG_3726-1024x768.jpg\" alt=\"Curso de Espa\u00f1ol Semi-intensivo 10\" width=\"1024\" height=\"768\" srcset=\"data:image\/svg+xml,%3Csvg%20xmlns%3D%27http%3A%2F%2Fwww.w3.org%2F2000%2Fsvg%27%20width%3D%271024%27%20height%3D%27768%27%20viewBox%3D%270%200%201024%20768%27%3E%3Crect%20width%3D%271024%27%20height%3D%27768%27%20fill-opacity%3D%220%22%2F%3E%3C%2Fsvg%3E\" data-srcset=\"https:\/\/cocolingua.com\/wp-content\/uploads\/2017\/09\/IMG_3726-200x150.jpg 200w, https:\/\/cocolingua.com\/wp-content\/uploads\/2017\/09\/IMG_3726-300x225.jpg 300w, https:\/\/cocolingua.com\/wp-content\/uploads\/2017\/09\/IMG_3726-400x300.jpg 400w, https:\/\/cocolingua.com\/wp-content\/uploads\/2017\/09\/IMG_3726-600x450.jpg 600w, https:\/\/cocolingua.com\/wp-content\/uploads\/2017\/09\/IMG_3726-768x576.jpg 768w, https:\/\/cocolingua.com\/wp-content\/uploads\/2017\/09\/IMG_3726-800x600.jpg 800w, https:\/\/cocolingua.com\/wp-content\/uploads\/2017\/09\/IMG_3726-1024x768.jpg 1024w, https:\/\/cocolingua.com\/wp-content\/uploads\/2017\/09\/IMG_3726-1200x900.jpg 1200w\" data-sizes=\"auto\" data-orig-sizes=\"(max-width: 1024px) 100vw, 1024px\" \/><\/p>\n<h3 style=\"text-align: right;\">El estudiante asiste a 2 clases de espa\u00f1ol diarias de lunes a viernes o en su defecto 3 veces por semana.<\/h3>\n<h3 style=\"text-align: right;\">El m\u00e1ximo de estudiantes por clase es de 6.<\/h3>\n<p>&nbsp;<\/p>\n<p>&nbsp;<\/p>\n<blockquote><p><strong>Nivel A2.<\/strong>&nbsp;Se adquiere cuando el estudiante es capaz de comprender frases y expresiones de uso frecuente relacionadas con \u00e1reas de experiencia que le son especialmente relevantes (informaci\u00f3n b\u00e1sica sobre s\u00ed mismo y su familia, compras, lugares de inter\u00e9s, ocupaciones, etc.).<\/p>\n<p>Cuando sabe comunicarse a la hora de llevar a cabo tareas simples y cotidianas que no requieran m\u00e1s que intercambios sencillos y directos de informaci\u00f3n sobre cuestiones que le son conocidas o habituales y cuando sabe describir en t\u00e9rminos sencillos aspectos de su pasado y su entorno as\u00ed como cuestiones relacionadas con sus necesidades inmediatas.<\/p><\/blockquote>\n<p>&nbsp;<\/p>\n<h2>Tabla de precios<\/h2>\n<p><img decoding=\"async\" class=\"lazyload aligncenter wp-image-4678 size-large\" src=\"https:\/\/cocolingua.com\/wp-content\/uploads\/2017\/09\/curso-semi-intensivo-de-espa\u00f1ol-co-co-lingua-lanzarote1.png\" data-orig-src=\"https:\/\/cocolingua.com\/wp-content\/uploads\/2017\/09\/curso-semi-intensivo-de-espa\u00f1ol-co-co-lingua-lanzarote1.png\" alt=\"Espa\u00f1ol Semi-intensivo\" width=\"1024\" height=\"371\" srcset=\"data:image\/svg+xml,%3Csvg%20xmlns%3D%27http%3A%2F%2Fwww.w3.org%2F2000%2Fsvg%27%20width%3D%271024%27%20height%3D%27371%27%20viewBox%3D%270%200%201024%20371%27%3E%3Crect%20width%3D%271024%27%20height%3D%27371%27%20fill-opacity%3D%220%22%2F%3E%3C%2Fsvg%3E\" data-srcset=\"https:\/\/cocolingua.com\/wp-content\/uploads\/2017\/09\/curso-semi-intensivo-de-espa\u00f1ol-co-co-lingua-lanzarote1-200x72.png 200w, https:\/\/cocolingua.com\/wp-content\/uploads\/2017\/09\/curso-semi-intensivo-de-espa\u00f1ol-co-co-lingua-lanzarote1-300x109.png 300w, https:\/\/cocolingua.com\/wp-content\/uploads\/2017\/09\/curso-semi-intensivo-de-espa\u00f1ol-co-co-lingua-lanzarote1-400x145.png 400w, https:\/\/cocolingua.com\/wp-content\/uploads\/2017\/09\/curso-semi-intensivo-de-espa\u00f1ol-co-co-lingua-lanzarote1-600x217.png 600w, https:\/\/cocolingua.com\/wp-content\/uploads\/2017\/09\/curso-semi-intensivo-de-espa\u00f1ol-co-co-lingua-lanzarote1-768x278.png 768w, https:\/\/cocolingua.com\/wp-content\/uploads\/2017\/09\/curso-semi-intensivo-de-espa\u00f1ol-co-co-lingua-lanzarote1-800x289.png 800w, https:\/\/cocolingua.com\/wp-content\/uploads\/2017\/09\/curso-semi-intensivo-de-espa\u00f1ol-co-co-lingua-lanzarote1-1024x371.png 1024w, https:\/\/cocolingua.com\/wp-content\/uploads\/2017\/09\/curso-semi-intensivo-de-espa\u00f1ol-co-co-lingua-lanzarote1.png 1158w\" data-sizes=\"auto\" data-orig-sizes=\"(max-width: 1024px) 100vw, 1024px\" \/><\/p>\n<p>&nbsp;<\/p>\n<p>&nbsp;<\/p>\n<h3 style=\"text-align: center;\"><strong><a href=\"http:\/\/cocolingua.com\/inscripcion\/\">\u00a1Inscr\u00edbete ahora haciendo clic aqui!<\/a><\/strong><\/h3>\n<p>&nbsp;<\/p>\n<p>&nbsp;<!--more--><\/p>\n","protected":false},"excerpt":{"rendered":"<p>&nbsp; Nuestros&nbsp;cursos de espa\u00f1ol son a medida, tanto si est\u00e1s empezando desde cero, como si tienes un nivel avanzado de espa\u00f1ol. &nbsp; El aprendizaje de la gram\u00e1tica se integra dentro de nuestro m\u00e9todo comunicativo. Las clases siguen un enfoque interactivo y comunicativo, donde los protagonistas son siempre los alumnos. &nbsp; &nbsp; &nbsp; &nbsp; Son cursos  [&#8230;]<\/p>\n","protected":false},"author":3,"featured_media":0,"parent":0,"menu_order":0,"comment_status":"closed","ping_status":"closed","template":"","meta":{"ngg_post_thumbnail":0,"footnotes":""},"class_list":["post-4760","page","type-page","status-publish","hentry"],"_links":{"self":[{"href":"https:\/\/cocolingua.com\/es\/wp-json\/wp\/v2\/pages\/4760","targetHints":{"allow":["GET"]}}],"collection":[{"href":"https:\/\/cocolingua.com\/es\/wp-json\/wp\/v2\/pages"}],"about":[{"href":"https:\/\/cocolingua.com\/es\/wp-json\/wp\/v2\/types\/page"}],"author":[{"embeddable":true,"href":"https:\/\/cocolingua.com\/es\/wp-json\/wp\/v2\/users\/3"}],"replies":[{"embeddable":true,"href":"https:\/\/cocolingua.com\/es\/wp-json\/wp\/v2\/comments?post=4760"}],"version-history":[{"count":2,"href":"https:\/\/cocolingua.com\/es\/wp-json\/wp\/v2\/pages\/4760\/revisions"}],"predecessor-version":[{"id":13799,"href":"https:\/\/cocolingua.com\/es\/wp-json\/wp\/v2\/pages\/4760\/revisions\/13799"}],"wp:attachment":[{"href":"https:\/\/cocolingua.com\/es\/wp-json\/wp\/v2\/media?parent=4760"}],"curies":[{"name":"wp","href":"https:\/\/api.w.org\/{rel}","templated":true}]}}