{"id":4755,"date":"2017-09-21T08:52:47","date_gmt":"2017-09-21T08:52:47","guid":{"rendered":"http:\/\/cocolingua.com\/?page_id=4755"},"modified":"2024-03-14T20:31:11","modified_gmt":"2024-03-14T20:31:11","slug":"a2-spanisch-intensiv-kurse-20","status":"publish","type":"page","link":"https:\/\/cocolingua.com\/es\/a2-spanisch-intensiv-kurse-20\/","title":{"rendered":"A2-Espa\u00f1ol Intensivo 20"},"content":{"rendered":"<p><div class=\"fusion-fullwidth fullwidth-box fusion-builder-row-1 fusion-flex-container nonhundred-percent-fullwidth non-hundred-percent-height-scrolling\" style=\"--awb-border-radius-top-left:0px;--awb-border-radius-top-right:0px;--awb-border-radius-bottom-right:0px;--awb-border-radius-bottom-left:0px;--awb-flex-wrap:wrap;\" ><div class=\"fusion-builder-row fusion-row fusion-flex-align-items-flex-start fusion-flex-content-wrap\" style=\"max-width:1144px;margin-left: calc(-4% \/ 2 );margin-right: calc(-4% \/ 2 );\"><div class=\"fusion-layout-column fusion_builder_column fusion-builder-column-0 fusion_builder_column_1_1 1_1 fusion-flex-column\" style=\"--awb-bg-size:cover;--awb-width-large:100%;--awb-margin-top-large:0px;--awb-spacing-right-large:1.92%;--awb-margin-bottom-large:20px;--awb-spacing-left-large:1.92%;--awb-width-medium:100%;--awb-order-medium:0;--awb-spacing-right-medium:1.92%;--awb-spacing-left-medium:1.92%;--awb-width-small:100%;--awb-order-small:0;--awb-spacing-right-small:1.92%;--awb-spacing-left-small:1.92%;\"><div class=\"fusion-column-wrapper fusion-column-has-shadow fusion-flex-justify-content-flex-start fusion-content-layout-column\"><img decoding=\"async\" class=\"lazyload alignleft size-medium wp-image-4669\" src=\"https:\/\/cocolingua.com\/wp-content\/uploads\/2017\/09\/Internatioanale-Gruppen-300x200.jpg\" data-orig-src=\"https:\/\/cocolingua.com\/wp-content\/uploads\/2017\/09\/Internatioanale-Gruppen-300x200.jpg\" alt=\"Curso de Espa\u00f1ol Semi-intensivo 10\" width=\"300\" height=\"200\" srcset=\"data:image\/svg+xml,%3Csvg%20xmlns%3D%27http%3A%2F%2Fwww.w3.org%2F2000%2Fsvg%27%20width%3D%27300%27%20height%3D%27200%27%20viewBox%3D%270%200%20300%20200%27%3E%3Crect%20width%3D%27300%27%20height%3D%27200%27%20fill-opacity%3D%220%22%2F%3E%3C%2Fsvg%3E\" data-srcset=\"https:\/\/cocolingua.com\/wp-content\/uploads\/2017\/09\/Internatioanale-Gruppen-200x133.jpg 200w, https:\/\/cocolingua.com\/wp-content\/uploads\/2017\/09\/Internatioanale-Gruppen-300x200.jpg 300w, https:\/\/cocolingua.com\/wp-content\/uploads\/2017\/09\/Internatioanale-Gruppen-400x267.jpg 400w, https:\/\/cocolingua.com\/wp-content\/uploads\/2017\/09\/Internatioanale-Gruppen-600x400.jpg 600w, https:\/\/cocolingua.com\/wp-content\/uploads\/2017\/09\/Internatioanale-Gruppen-768x512.jpg 768w, https:\/\/cocolingua.com\/wp-content\/uploads\/2017\/09\/Internatioanale-Gruppen-800x533.jpg 800w, https:\/\/cocolingua.com\/wp-content\/uploads\/2017\/09\/Internatioanale-Gruppen-1024x683.jpg 1024w, https:\/\/cocolingua.com\/wp-content\/uploads\/2017\/09\/Internatioanale-Gruppen-1200x800.jpg 1200w\" data-sizes=\"auto\" data-orig-sizes=\"(max-width: 300px) 100vw, 300px\" \/>\n\n\u00a0\n\nNuestros\u00a0<strong>cursos de espa\u00f1ol son a medida<\/strong>, tanto si est\u00e1s empezando desde cero, como si tienes un nivel avanzado de <strong>espa\u00f1ol<\/strong>.\n\nEl aprendizaje de la gram\u00e1tica se integra dentro de nuestro m\u00e9todo comunicativo. Las clases siguen un enfoque interactivo y comunicativo, donde <strong>los protagonistas son siempre los alumnos<\/strong>.\n\n\u00a0\n\n\u00a0\n<blockquote>\n<h4>El objetivo es que el alumno se sumerja en <strong>la lengua y la cultura<\/strong>, y logre comunicarse de forma efectiva.<\/h4>\n<\/blockquote>\n\u00a0\n\nLos<strong> cursos intensivos<\/strong>\u00a0son apropiados para personas de cualquier edad que desean <strong>aprender espa\u00f1ol<\/strong> de forma r\u00e1pida y eficaz.\n\nTanto si necesitas refrescar tus conocimientos de espa\u00f1ol durante una semana, como si quieres profundizar un poco m\u00e1s y completar un nivel, te ofrecemos desde una hasta 4 semanas continuas de aprendizaje intensivo.\n\n\u00a0\n\n<img decoding=\"async\" class=\"lazyload aligncenter wp-image-4672 size-large\" src=\"https:\/\/cocolingua.com\/wp-content\/uploads\/2017\/09\/DSC_1207-4-1024x681.jpg\" data-orig-src=\"https:\/\/cocolingua.com\/wp-content\/uploads\/2017\/09\/DSC_1207-4-1024x681.jpg\" alt=\"Espa\u00f1ol Intensivo\" width=\"1024\" height=\"681\" srcset=\"data:image\/svg+xml,%3Csvg%20xmlns%3D%27http%3A%2F%2Fwww.w3.org%2F2000%2Fsvg%27%20width%3D%271024%27%20height%3D%27681%27%20viewBox%3D%270%200%201024%20681%27%3E%3Crect%20width%3D%271024%27%20height%3D%27681%27%20fill-opacity%3D%220%22%2F%3E%3C%2Fsvg%3E\" data-srcset=\"https:\/\/cocolingua.com\/wp-content\/uploads\/2017\/09\/DSC_1207-4-200x133.jpg 200w, https:\/\/cocolingua.com\/wp-content\/uploads\/2017\/09\/DSC_1207-4-300x199.jpg 300w, https:\/\/cocolingua.com\/wp-content\/uploads\/2017\/09\/DSC_1207-4-400x266.jpg 400w, https:\/\/cocolingua.com\/wp-content\/uploads\/2017\/09\/DSC_1207-4-600x399.jpg 600w, https:\/\/cocolingua.com\/wp-content\/uploads\/2017\/09\/DSC_1207-4-768x511.jpg 768w, https:\/\/cocolingua.com\/wp-content\/uploads\/2017\/09\/DSC_1207-4-800x532.jpg 800w, https:\/\/cocolingua.com\/wp-content\/uploads\/2017\/09\/DSC_1207-4-1024x681.jpg 1024w, https:\/\/cocolingua.com\/wp-content\/uploads\/2017\/09\/DSC_1207-4-1200x798.jpg 1200w\" data-sizes=\"auto\" data-orig-sizes=\"(max-width: 1024px) 100vw, 1024px\" \/>\n<h3 style=\"text-align: right;\">El curso Intensivo consta de 4 clases de espa\u00f1ol diarias de lunes a viernes en grupos de 6 estudiantes como m\u00e1ximo.<\/h3>\n\u00a0\n<blockquote><strong>Nivel A2. <\/strong>Se adquiere cuando el estudiante es capaz de comprender frases y expresiones de uso frecuente relacionadas con \u00e1reas de experiencia que le son especialmente relevantes (informaci\u00f3n b\u00e1sica sobre s\u00ed mismo y su familia, compras, lugares de inter\u00e9s, ocupaciones, etc.).\n\nCuando sabe comunicarse a la hora de llevar a cabo tareas simples y cotidianas que no requieran m\u00e1s que intercambios sencillos y directos de informaci\u00f3n sobre cuestiones que le son conocidas o habituales y cuando sabe describir en t\u00e9rminos sencillos aspectos de su pasado y su entorno as\u00ed como cuestiones relacionadas con sus necesidades inmediatas.<strong>\u00a0<\/strong><\/blockquote>\n<h3>\u00a0<\/h3>\n\u00a0\n<h3>Tabla de precios<\/h3>\n<img decoding=\"async\" class=\"lazyload aligncenter wp-image-4726 size-large\" src=\"https:\/\/cocolingua.com\/wp-content\/uploads\/2017\/09\/espa\u00f1ol-intensivo-20.png\" data-orig-src=\"https:\/\/cocolingua.com\/wp-content\/uploads\/2017\/09\/espa\u00f1ol-intensivo-20.png\" alt=\"Espa\u00f1ol Intensivo\" width=\"1024\" height=\"369\" srcset=\"data:image\/svg+xml,%3Csvg%20xmlns%3D%27http%3A%2F%2Fwww.w3.org%2F2000%2Fsvg%27%20width%3D%271024%27%20height%3D%27369%27%20viewBox%3D%270%200%201024%20369%27%3E%3Crect%20width%3D%271024%27%20height%3D%27369%27%20fill-opacity%3D%220%22%2F%3E%3C%2Fsvg%3E\" data-srcset=\"https:\/\/cocolingua.com\/wp-content\/uploads\/2017\/09\/espa\u00f1ol-intensivo-20-200x72.png 200w, https:\/\/cocolingua.com\/wp-content\/uploads\/2017\/09\/espa\u00f1ol-intensivo-20-300x108.png 300w, https:\/\/cocolingua.com\/wp-content\/uploads\/2017\/09\/espa\u00f1ol-intensivo-20-400x144.png 400w, https:\/\/cocolingua.com\/wp-content\/uploads\/2017\/09\/espa\u00f1ol-intensivo-20-600x216.png 600w, https:\/\/cocolingua.com\/wp-content\/uploads\/2017\/09\/espa\u00f1ol-intensivo-20-768x277.png 768w, https:\/\/cocolingua.com\/wp-content\/uploads\/2017\/09\/espa\u00f1ol-intensivo-20-800x288.png 800w, https:\/\/cocolingua.com\/wp-content\/uploads\/2017\/09\/espa\u00f1ol-intensivo-20-1024x369.png 1024w, https:\/\/cocolingua.com\/wp-content\/uploads\/2017\/09\/espa\u00f1ol-intensivo-20-1200x432.png 1200w, https:\/\/cocolingua.com\/wp-content\/uploads\/2017\/09\/espa\u00f1ol-intensivo-20.png 1863w\" data-sizes=\"auto\" data-orig-sizes=\"(max-width: 1024px) 100vw, 1024px\" \/>\n\n\u00a0\n\n\u00a0\n<h2 style=\"text-align: center;\"><strong><a href=\"http:\/\/cocolingua.com\/inscripcion\/\">\u00a1Inscr\u00edbete ahora haciendo clic aqui!<\/a><\/strong><\/h2>\n\u00a0\n\n\u00a0<\/div><\/div><\/div><\/div><div class=\"fusion-fullwidth fullwidth-box fusion-builder-row-2 hundred-percent-fullwidth non-hundred-percent-height-scrolling\" style=\"--awb-border-radius-top-left:0px;--awb-border-radius-top-right:0px;--awb-border-radius-bottom-right:0px;--awb-border-radius-bottom-left:0px;--awb-overflow:visible;--awb-flex-wrap:wrap;\" ><div class=\"fusion-builder-row fusion-row\"><div class=\"fusion-layout-column fusion_builder_column fusion-builder-column-1 fusion_builder_column_1_1 1_1 fusion-one-full fusion-column-first fusion-column-last fusion-column-no-min-height\" style=\"--awb-bg-size:cover;--awb-margin-bottom:0px;\"><div class=\"fusion-column-wrapper fusion-flex-column-wrapper-legacy\"><div class=\"fusion-text fusion-text-1\"><p><img decoding=\"async\" class=\"lazyload alignleft size-medium wp-image-4669\" src=\"https:\/\/cocolingua.com\/wp-content\/uploads\/2017\/09\/Internatioanale-Gruppen-300x200.jpg\" data-orig-src=\"https:\/\/cocolingua.com\/wp-content\/uploads\/2017\/09\/Internatioanale-Gruppen-300x200.jpg\" alt=\"Curso de Espa\u00f1ol Semi-intensivo 10\" width=\"300\" height=\"200\" srcset=\"data:image\/svg+xml,%3Csvg%20xmlns%3D%27http%3A%2F%2Fwww.w3.org%2F2000%2Fsvg%27%20width%3D%27300%27%20height%3D%27200%27%20viewBox%3D%270%200%20300%20200%27%3E%3Crect%20width%3D%27300%27%20height%3D%27200%27%20fill-opacity%3D%220%22%2F%3E%3C%2Fsvg%3E\" data-srcset=\"https:\/\/cocolingua.com\/wp-content\/uploads\/2017\/09\/Internatioanale-Gruppen-200x133.jpg 200w, https:\/\/cocolingua.com\/wp-content\/uploads\/2017\/09\/Internatioanale-Gruppen-300x200.jpg 300w, https:\/\/cocolingua.com\/wp-content\/uploads\/2017\/09\/Internatioanale-Gruppen-400x267.jpg 400w, https:\/\/cocolingua.com\/wp-content\/uploads\/2017\/09\/Internatioanale-Gruppen-600x400.jpg 600w, https:\/\/cocolingua.com\/wp-content\/uploads\/2017\/09\/Internatioanale-Gruppen-768x512.jpg 768w, https:\/\/cocolingua.com\/wp-content\/uploads\/2017\/09\/Internatioanale-Gruppen-800x533.jpg 800w, https:\/\/cocolingua.com\/wp-content\/uploads\/2017\/09\/Internatioanale-Gruppen-1024x683.jpg 1024w, https:\/\/cocolingua.com\/wp-content\/uploads\/2017\/09\/Internatioanale-Gruppen-1200x800.jpg 1200w\" data-sizes=\"auto\" data-orig-sizes=\"(max-width: 300px) 100vw, 300px\" \/><\/p>\n<p>&nbsp;<\/p>\n<p>Nuestros&nbsp;<strong>cursos de espa\u00f1ol son a medida<\/strong>, tanto si est\u00e1s empezando desde cero, como si tienes un nivel avanzado de <strong>espa\u00f1ol<\/strong>.<\/p>\n<p>El aprendizaje de la gram\u00e1tica se integra dentro de nuestro m\u00e9todo comunicativo. Las clases siguen un enfoque interactivo y comunicativo, donde <strong>los protagonistas son siempre los alumnos<\/strong>.<\/p>\n<p>&nbsp;<\/p>\n<p>&nbsp;<\/p>\n<blockquote>\n<h4>El objetivo es que el alumno se sumerja en <strong>la lengua y la cultura<\/strong>, y logre comunicarse de forma efectiva.<\/h4>\n<\/blockquote>\n<p>&nbsp;<\/p>\n<p>Los<strong> cursos intensivos<\/strong>&nbsp;son apropiados para personas de cualquier edad que desean <strong>aprender espa\u00f1ol<\/strong> de forma r\u00e1pida y eficaz.<\/p>\n<p>Tanto si necesitas refrescar tus conocimientos de espa\u00f1ol durante una semana, como si quieres profundizar un poco m\u00e1s y completar un nivel, te ofrecemos desde una hasta 4 semanas continuas de aprendizaje intensivo.<\/p>\n<p>&nbsp;<\/p>\n<p><img decoding=\"async\" class=\"lazyload aligncenter wp-image-4672 size-large\" src=\"https:\/\/cocolingua.com\/wp-content\/uploads\/2017\/09\/DSC_1207-4-1024x681.jpg\" data-orig-src=\"https:\/\/cocolingua.com\/wp-content\/uploads\/2017\/09\/DSC_1207-4-1024x681.jpg\" alt=\"Espa\u00f1ol Intensivo\" width=\"1024\" height=\"681\" srcset=\"data:image\/svg+xml,%3Csvg%20xmlns%3D%27http%3A%2F%2Fwww.w3.org%2F2000%2Fsvg%27%20width%3D%271024%27%20height%3D%27681%27%20viewBox%3D%270%200%201024%20681%27%3E%3Crect%20width%3D%271024%27%20height%3D%27681%27%20fill-opacity%3D%220%22%2F%3E%3C%2Fsvg%3E\" data-srcset=\"https:\/\/cocolingua.com\/wp-content\/uploads\/2017\/09\/DSC_1207-4-200x133.jpg 200w, https:\/\/cocolingua.com\/wp-content\/uploads\/2017\/09\/DSC_1207-4-300x199.jpg 300w, https:\/\/cocolingua.com\/wp-content\/uploads\/2017\/09\/DSC_1207-4-400x266.jpg 400w, https:\/\/cocolingua.com\/wp-content\/uploads\/2017\/09\/DSC_1207-4-600x399.jpg 600w, https:\/\/cocolingua.com\/wp-content\/uploads\/2017\/09\/DSC_1207-4-768x511.jpg 768w, https:\/\/cocolingua.com\/wp-content\/uploads\/2017\/09\/DSC_1207-4-800x532.jpg 800w, https:\/\/cocolingua.com\/wp-content\/uploads\/2017\/09\/DSC_1207-4-1024x681.jpg 1024w, https:\/\/cocolingua.com\/wp-content\/uploads\/2017\/09\/DSC_1207-4-1200x798.jpg 1200w\" data-sizes=\"auto\" data-orig-sizes=\"(max-width: 1024px) 100vw, 1024px\" \/><\/p>\n<h3 style=\"text-align: right;\">El curso Intensivo consta de 4 clases de espa\u00f1ol diarias de lunes a viernes en grupos de 6 estudiantes como m\u00e1ximo.<\/h3>\n<p>&nbsp;<\/p>\n<blockquote>\n<p><strong>Nivel A2. <\/strong>Se adquiere cuando el estudiante es capaz de comprender frases y expresiones de uso frecuente relacionadas con \u00e1reas de experiencia que le son especialmente relevantes (informaci\u00f3n b\u00e1sica sobre s\u00ed mismo y su familia, compras, lugares de inter\u00e9s, ocupaciones, etc.).<\/p>\n<p>Cuando sabe comunicarse a la hora de llevar a cabo tareas simples y cotidianas que no requieran m\u00e1s que intercambios sencillos y directos de informaci\u00f3n sobre cuestiones que le son conocidas o habituales y cuando sabe describir en t\u00e9rminos sencillos aspectos de su pasado y su entorno as\u00ed como cuestiones relacionadas con sus necesidades inmediatas.<strong>&nbsp;<\/strong><\/p>\n<\/blockquote>\n<h3>&nbsp;<\/h3>\n<p>&nbsp;<\/p>\n<h3>Tabla de precios<\/h3>\n<p><img decoding=\"async\" class=\"lazyload aligncenter wp-image-4726 size-large\" src=\"https:\/\/cocolingua.com\/wp-content\/uploads\/2017\/09\/espa\u00f1ol-intensivo-20.png\" data-orig-src=\"https:\/\/cocolingua.com\/wp-content\/uploads\/2017\/09\/espa\u00f1ol-intensivo-20.png\" alt=\"Espa\u00f1ol Intensivo\" width=\"1024\" height=\"369\" srcset=\"data:image\/svg+xml,%3Csvg%20xmlns%3D%27http%3A%2F%2Fwww.w3.org%2F2000%2Fsvg%27%20width%3D%271024%27%20height%3D%27369%27%20viewBox%3D%270%200%201024%20369%27%3E%3Crect%20width%3D%271024%27%20height%3D%27369%27%20fill-opacity%3D%220%22%2F%3E%3C%2Fsvg%3E\" data-srcset=\"https:\/\/cocolingua.com\/wp-content\/uploads\/2017\/09\/espa\u00f1ol-intensivo-20-200x72.png 200w, https:\/\/cocolingua.com\/wp-content\/uploads\/2017\/09\/espa\u00f1ol-intensivo-20-300x108.png 300w, https:\/\/cocolingua.com\/wp-content\/uploads\/2017\/09\/espa\u00f1ol-intensivo-20-400x144.png 400w, https:\/\/cocolingua.com\/wp-content\/uploads\/2017\/09\/espa\u00f1ol-intensivo-20-600x216.png 600w, https:\/\/cocolingua.com\/wp-content\/uploads\/2017\/09\/espa\u00f1ol-intensivo-20-768x277.png 768w, https:\/\/cocolingua.com\/wp-content\/uploads\/2017\/09\/espa\u00f1ol-intensivo-20-800x288.png 800w, https:\/\/cocolingua.com\/wp-content\/uploads\/2017\/09\/espa\u00f1ol-intensivo-20-1024x369.png 1024w, https:\/\/cocolingua.com\/wp-content\/uploads\/2017\/09\/espa\u00f1ol-intensivo-20-1200x432.png 1200w, https:\/\/cocolingua.com\/wp-content\/uploads\/2017\/09\/espa\u00f1ol-intensivo-20.png 1863w\" data-sizes=\"auto\" data-orig-sizes=\"(max-width: 1024px) 100vw, 1024px\" \/><\/p>\n<p>&nbsp;<\/p>\n<p>&nbsp;<\/p>\n<h2 style=\"text-align: center;\"><strong><a href=\"http:\/\/cocolingua.com\/inscripcion\/\">\u00a1Inscr\u00edbete ahora haciendo clic aqui!<\/a><\/strong><\/h2>\n<p>&nbsp;<\/p>\n<p>&nbsp;<\/p>\n<\/div><div class=\"fusion-clearfix\"><\/div><\/div><\/div><\/div><\/div><!--more--><\/p>\n","protected":false},"excerpt":{"rendered":"","protected":false},"author":3,"featured_media":0,"parent":0,"menu_order":0,"comment_status":"closed","ping_status":"closed","template":"","meta":{"ngg_post_thumbnail":0,"footnotes":""},"class_list":["post-4755","page","type-page","status-publish","hentry"],"_links":{"self":[{"href":"https:\/\/cocolingua.com\/es\/wp-json\/wp\/v2\/pages\/4755","targetHints":{"allow":["GET"]}}],"collection":[{"href":"https:\/\/cocolingua.com\/es\/wp-json\/wp\/v2\/pages"}],"about":[{"href":"https:\/\/cocolingua.com\/es\/wp-json\/wp\/v2\/types\/page"}],"author":[{"embeddable":true,"href":"https:\/\/cocolingua.com\/es\/wp-json\/wp\/v2\/users\/3"}],"replies":[{"embeddable":true,"href":"https:\/\/cocolingua.com\/es\/wp-json\/wp\/v2\/comments?post=4755"}],"version-history":[{"count":9,"href":"https:\/\/cocolingua.com\/es\/wp-json\/wp\/v2\/pages\/4755\/revisions"}],"predecessor-version":[{"id":13796,"href":"https:\/\/cocolingua.com\/es\/wp-json\/wp\/v2\/pages\/4755\/revisions\/13796"}],"wp:attachment":[{"href":"https:\/\/cocolingua.com\/es\/wp-json\/wp\/v2\/media?parent=4755"}],"curies":[{"name":"wp","href":"https:\/\/api.w.org\/{rel}","templated":true}]}}