{"id":4250,"date":"2017-04-04T10:19:26","date_gmt":"2017-04-04T10:19:26","guid":{"rendered":"http:\/\/www.cocolingua.com\/?page_id=4250"},"modified":"2024-03-14T20:31:05","modified_gmt":"2024-03-14T20:31:05","slug":"modalites-et-tarifs","status":"publish","type":"page","link":"https:\/\/cocolingua.com\/es\/modalites-et-tarifs\/","title":{"rendered":"Modalidades y Precios"},"content":{"rendered":"<h1>Oferta econ\u00f3mica<\/h1>\n<h2><strong>Capacitaci\u00f3n Intercultural&nbsp; <\/strong><\/h2>\n<h3><strong>Jornada laboral&nbsp; &#8211; <\/strong>&nbsp;Individual o en grupo<\/h3>\n<p><img decoding=\"async\" class=\"lazyload aligncenter wp-image-4251\" src=\"http:\/\/www.cocolingua.com\/wp-content\/uploads\/2017\/04\/Precios-Jornada-Laboral-Capacitaci\u00f3n-Intercultural.jpg\" data-orig-src=\"http:\/\/www.cocolingua.com\/wp-content\/uploads\/2017\/04\/Precios-Jornada-Laboral-Capacitaci\u00f3n-Intercultural.jpg\" alt=\"Precios Cursos Idiomas para Empresas\" width=\"400\" height=\"110\" srcset=\"data:image\/svg+xml,%3Csvg%20xmlns%3D%27http%3A%2F%2Fwww.w3.org%2F2000%2Fsvg%27%20width%3D%27400%27%20height%3D%27110%27%20viewBox%3D%270%200%20400%20110%27%3E%3Crect%20width%3D%27400%27%20height%3D%27110%27%20fill-opacity%3D%220%22%2F%3E%3C%2Fsvg%3E\" data-srcset=\"https:\/\/cocolingua.com\/wp-content\/uploads\/2017\/04\/Precios-Jornada-Laboral-Capacitaci\u00f3n-Intercultural-200x55.jpg 200w, https:\/\/cocolingua.com\/wp-content\/uploads\/2017\/04\/Precios-Jornada-Laboral-Capacitaci\u00f3n-Intercultural-300x82.jpg 300w, https:\/\/cocolingua.com\/wp-content\/uploads\/2017\/04\/Precios-Jornada-Laboral-Capacitaci\u00f3n-Intercultural-400x110.jpg 400w, https:\/\/cocolingua.com\/wp-content\/uploads\/2017\/04\/Precios-Jornada-Laboral-Capacitaci\u00f3n-Intercultural.jpg 571w\" data-sizes=\"auto\" data-orig-sizes=\"(max-width: 400px) 100vw, 400px\" \/><\/p>\n<h3><strong>Fin de semana&nbsp; &#8211; &nbsp;<\/strong>Individual o en grupo<\/h3>\n<p><img decoding=\"async\" class=\"lazyload aligncenter wp-image-4252\" src=\"http:\/\/www.cocolingua.com\/wp-content\/uploads\/2017\/04\/Precios-Fin-de-Semana-Capacitaci\u00f3n-Intercultural.jpg\" data-orig-src=\"http:\/\/www.cocolingua.com\/wp-content\/uploads\/2017\/04\/Precios-Fin-de-Semana-Capacitaci\u00f3n-Intercultural.jpg\" alt=\"Precios Cursos Idiomas para Empresas\" width=\"400\" height=\"129\" srcset=\"data:image\/svg+xml,%3Csvg%20xmlns%3D%27http%3A%2F%2Fwww.w3.org%2F2000%2Fsvg%27%20width%3D%27400%27%20height%3D%27129%27%20viewBox%3D%270%200%20400%20129%27%3E%3Crect%20width%3D%27400%27%20height%3D%27129%27%20fill-opacity%3D%220%22%2F%3E%3C%2Fsvg%3E\" data-srcset=\"https:\/\/cocolingua.com\/wp-content\/uploads\/2017\/04\/Precios-Fin-de-Semana-Capacitaci\u00f3n-Intercultural-200x64.jpg 200w, https:\/\/cocolingua.com\/wp-content\/uploads\/2017\/04\/Precios-Fin-de-Semana-Capacitaci\u00f3n-Intercultural-300x97.jpg 300w, https:\/\/cocolingua.com\/wp-content\/uploads\/2017\/04\/Precios-Fin-de-Semana-Capacitaci\u00f3n-Intercultural-400x129.jpg 400w, https:\/\/cocolingua.com\/wp-content\/uploads\/2017\/04\/Precios-Fin-de-Semana-Capacitaci\u00f3n-Intercultural.jpg 568w\" data-sizes=\"auto\" data-orig-sizes=\"(max-width: 400px) 100vw, 400px\" \/><\/p>\n<p><strong><em>*1UD. = 45 Minutos<\/em><\/strong><\/p>\n<p>&nbsp;<\/p>\n<h2><strong>Programa Intensivo <\/strong><\/h2>\n<h3><strong>Individual o en mini-grupos \u2013 desde 1 hasta 4 semanas<\/strong><\/h3>\n<ul>\n<li>Curso Premium Intensivo 20<\/li>\n<li>Curso Premium Intensivo 20 + 5<\/li>\n<\/ul>\n<p><strong><em>*1UD. = 45 Minutos<\/em><\/strong><\/p>\n<p><strong><em>*Para completar un nivel (A1, A2, B1, B2) se necesitan terminar de 4 a 6 m\u00f3dulos.<\/em><\/strong><\/p>\n<p><strong><em>*Mini-grupo de 3 pedir presupuesto<\/em><\/strong><\/p>\n<p>&nbsp;<\/p>\n<h3>Lista de Precios \u2013 Curso Individual<\/h3>\n<p><img decoding=\"async\" class=\"lazyload aligncenter wp-image-4253\" src=\"https:\/\/cocolingua.com\/wp-content\/uploads\/2017\/04\/Precios-Curso-Individual-Programa-Intensivo.jpg\" data-orig-src=\"https:\/\/cocolingua.com\/wp-content\/uploads\/2017\/04\/Precios-Curso-Individual-Programa-Intensivo.jpg\" alt=\"Precios Cursos Idiomas para Empresas\" width=\"600\" height=\"107\" srcset=\"data:image\/svg+xml,%3Csvg%20xmlns%3D%27http%3A%2F%2Fwww.w3.org%2F2000%2Fsvg%27%20width%3D%27600%27%20height%3D%27107%27%20viewBox%3D%270%200%20600%20107%27%3E%3Crect%20width%3D%27600%27%20height%3D%27107%27%20fill-opacity%3D%220%22%2F%3E%3C%2Fsvg%3E\" data-srcset=\"https:\/\/cocolingua.com\/wp-content\/uploads\/2017\/04\/Precios-Curso-Individual-Programa-Intensivo-200x36.jpg 200w, https:\/\/cocolingua.com\/wp-content\/uploads\/2017\/04\/Precios-Curso-Individual-Programa-Intensivo-300x54.jpg 300w, https:\/\/cocolingua.com\/wp-content\/uploads\/2017\/04\/Precios-Curso-Individual-Programa-Intensivo-400x72.jpg 400w, https:\/\/cocolingua.com\/wp-content\/uploads\/2017\/04\/Precios-Curso-Individual-Programa-Intensivo-600x107.jpg 600w, https:\/\/cocolingua.com\/wp-content\/uploads\/2017\/04\/Precios-Curso-Individual-Programa-Intensivo-768x137.jpg 768w, https:\/\/cocolingua.com\/wp-content\/uploads\/2017\/04\/Precios-Curso-Individual-Programa-Intensivo-800x143.jpg 800w, https:\/\/cocolingua.com\/wp-content\/uploads\/2017\/04\/Precios-Curso-Individual-Programa-Intensivo.jpg 961w\" data-sizes=\"auto\" data-orig-sizes=\"(max-width: 600px) 100vw, 600px\" \/><\/p>\n<p>&nbsp;<\/p>\n<h3>Lista de Precios \u2013 Mini Grupo (2 personas)<\/h3>\n<p><img decoding=\"async\" class=\"lazyload aligncenter wp-image-4255\" src=\"https:\/\/cocolingua.com\/wp-content\/uploads\/2017\/04\/Precios-Mini-Grupo-Programa-Intensivo.jpg\" data-orig-src=\"https:\/\/cocolingua.com\/wp-content\/uploads\/2017\/04\/Precios-Mini-Grupo-Programa-Intensivo.jpg\" alt=\"Precios Cursos Idiomas para Empresas\" width=\"600\" height=\"108\" srcset=\"data:image\/svg+xml,%3Csvg%20xmlns%3D%27http%3A%2F%2Fwww.w3.org%2F2000%2Fsvg%27%20width%3D%27600%27%20height%3D%27108%27%20viewBox%3D%270%200%20600%20108%27%3E%3Crect%20width%3D%27600%27%20height%3D%27108%27%20fill-opacity%3D%220%22%2F%3E%3C%2Fsvg%3E\" data-srcset=\"https:\/\/cocolingua.com\/wp-content\/uploads\/2017\/04\/Precios-Mini-Grupo-Programa-Intensivo-200x36.jpg 200w, https:\/\/cocolingua.com\/wp-content\/uploads\/2017\/04\/Precios-Mini-Grupo-Programa-Intensivo-300x54.jpg 300w, https:\/\/cocolingua.com\/wp-content\/uploads\/2017\/04\/Precios-Mini-Grupo-Programa-Intensivo-400x72.jpg 400w, https:\/\/cocolingua.com\/wp-content\/uploads\/2017\/04\/Precios-Mini-Grupo-Programa-Intensivo-600x108.jpg 600w, https:\/\/cocolingua.com\/wp-content\/uploads\/2017\/04\/Precios-Mini-Grupo-Programa-Intensivo-768x138.jpg 768w, https:\/\/cocolingua.com\/wp-content\/uploads\/2017\/04\/Precios-Mini-Grupo-Programa-Intensivo-800x144.jpg 800w, https:\/\/cocolingua.com\/wp-content\/uploads\/2017\/04\/Precios-Mini-Grupo-Programa-Intensivo.jpg 962w\" data-sizes=\"auto\" data-orig-sizes=\"(max-width: 600px) 100vw, 600px\" \/><\/p>\n<p>&nbsp;<\/p>\n<h2><strong>M\u00f3dulos En Grupo Reducido (4 \u2013 6 personas) &#8211;<\/strong> desde 1 hasta 2 semanas<\/h2>\n<ul>\n<li>M\u00f3dulos 20 \u00e0 10 horas\/semana x 2 semanas<\/li>\n<li>M\u00f3dulos 20 \u00e0 20 horas\/semana x 1 semana<\/li>\n<\/ul>\n<p><img decoding=\"async\" class=\"lazyload aligncenter wp-image-4256\" src=\"https:\/\/cocolingua.com\/wp-content\/uploads\/2017\/04\/Precios-Grupos-Reducidos-Programa-Intensivo.jpg\" data-orig-src=\"https:\/\/cocolingua.com\/wp-content\/uploads\/2017\/04\/Precios-Grupos-Reducidos-Programa-Intensivo.jpg\" alt=\"Precios Cursos Idiomas para Empresas\" width=\"350\" height=\"141\" srcset=\"data:image\/svg+xml,%3Csvg%20xmlns%3D%27http%3A%2F%2Fwww.w3.org%2F2000%2Fsvg%27%20width%3D%27350%27%20height%3D%27141%27%20viewBox%3D%270%200%20350%20141%27%3E%3Crect%20width%3D%27350%27%20height%3D%27141%27%20fill-opacity%3D%220%22%2F%3E%3C%2Fsvg%3E\" data-srcset=\"https:\/\/cocolingua.com\/wp-content\/uploads\/2017\/04\/Precios-Grupos-Reducidos-Programa-Intensivo-200x81.jpg 200w, https:\/\/cocolingua.com\/wp-content\/uploads\/2017\/04\/Precios-Grupos-Reducidos-Programa-Intensivo-300x121.jpg 300w, https:\/\/cocolingua.com\/wp-content\/uploads\/2017\/04\/Precios-Grupos-Reducidos-Programa-Intensivo-400x162.jpg 400w, https:\/\/cocolingua.com\/wp-content\/uploads\/2017\/04\/Precios-Grupos-Reducidos-Programa-Intensivo.jpg 478w\" data-sizes=\"auto\" data-orig-sizes=\"(max-width: 350px) 100vw, 350px\" \/><\/p>\n<p>&nbsp;<\/p>\n<p><strong><em>*La oferta incluye material did\u00e1ctico, feed-back permanente, informes de direcci\u00f3n al final de cada m\u00f3dulo, evaluaci\u00f3n al final del curso y certificado de nivel alcanzado en el curso.<\/em><\/strong><\/p>\n<p>&nbsp;<\/p>\n<h2><strong>Programa Extensivo<\/strong><\/h2>\n<h3><strong>Individual, Mini-Grupo, Grupo Reducido y Maxi Grupo<\/strong><\/h3>\n<p><strong><em>*Para completar un nivel (A1, A2, B1, B2) se necesitan terminar de 4 a 6 m\u00f3dulos.<\/em><\/strong><\/p>\n<h3>&nbsp;<\/h3>\n<h3><strong>Modalidad Individual -&gt; <\/strong>1 Persona x 40\u20ac\/hora<\/h3>\n<h3>&nbsp;<\/h3>\n<h3><strong>Mini Grupo<\/strong> (2 \u2013 3 personas)<\/h3>\n<p><img decoding=\"async\" class=\"lazyload aligncenter wp-image-4257\" src=\"https:\/\/cocolingua.com\/wp-content\/uploads\/2017\/04\/Precios-Mini-Grupo-Programa-Extensivo.jpg\" data-orig-src=\"https:\/\/cocolingua.com\/wp-content\/uploads\/2017\/04\/Precios-Mini-Grupo-Programa-Extensivo.jpg\" alt=\"Precios Cursos Idiomas para Empresas\" width=\"400\" height=\"61\" srcset=\"data:image\/svg+xml,%3Csvg%20xmlns%3D%27http%3A%2F%2Fwww.w3.org%2F2000%2Fsvg%27%20width%3D%27400%27%20height%3D%2761%27%20viewBox%3D%270%200%20400%2061%27%3E%3Crect%20width%3D%27400%27%20height%3D%2761%27%20fill-opacity%3D%220%22%2F%3E%3C%2Fsvg%3E\" data-srcset=\"https:\/\/cocolingua.com\/wp-content\/uploads\/2017\/04\/Precios-Mini-Grupo-Programa-Extensivo-200x31.jpg 200w, https:\/\/cocolingua.com\/wp-content\/uploads\/2017\/04\/Precios-Mini-Grupo-Programa-Extensivo-300x46.jpg 300w, https:\/\/cocolingua.com\/wp-content\/uploads\/2017\/04\/Precios-Mini-Grupo-Programa-Extensivo-400x61.jpg 400w, https:\/\/cocolingua.com\/wp-content\/uploads\/2017\/04\/Precios-Mini-Grupo-Programa-Extensivo.jpg 577w\" data-sizes=\"auto\" data-orig-sizes=\"(max-width: 400px) 100vw, 400px\" \/><\/p>\n<p>&nbsp;<\/p>\n<h3><strong>Grupo Reducido<\/strong> (4 \u2013 6 personas)<\/h3>\n<p><img decoding=\"async\" class=\"lazyload aligncenter wp-image-4258\" src=\"https:\/\/cocolingua.com\/wp-content\/uploads\/2017\/04\/Precios-Grupo-Reducido-Programa-Extensivo.jpg\" data-orig-src=\"https:\/\/cocolingua.com\/wp-content\/uploads\/2017\/04\/Precios-Grupo-Reducido-Programa-Extensivo.jpg\" alt=\"Precios Cursos Idiomas para Empresas\" width=\"400\" height=\"83\" srcset=\"data:image\/svg+xml,%3Csvg%20xmlns%3D%27http%3A%2F%2Fwww.w3.org%2F2000%2Fsvg%27%20width%3D%27400%27%20height%3D%2783%27%20viewBox%3D%270%200%20400%2083%27%3E%3Crect%20width%3D%27400%27%20height%3D%2783%27%20fill-opacity%3D%220%22%2F%3E%3C%2Fsvg%3E\" data-srcset=\"https:\/\/cocolingua.com\/wp-content\/uploads\/2017\/04\/Precios-Grupo-Reducido-Programa-Extensivo-200x41.jpg 200w, https:\/\/cocolingua.com\/wp-content\/uploads\/2017\/04\/Precios-Grupo-Reducido-Programa-Extensivo-300x62.jpg 300w, https:\/\/cocolingua.com\/wp-content\/uploads\/2017\/04\/Precios-Grupo-Reducido-Programa-Extensivo-400x83.jpg 400w, https:\/\/cocolingua.com\/wp-content\/uploads\/2017\/04\/Precios-Grupo-Reducido-Programa-Extensivo.jpg 576w\" data-sizes=\"auto\" data-orig-sizes=\"(max-width: 400px) 100vw, 400px\" \/><\/p>\n<p>&nbsp;<\/p>\n<h3><strong>Grupo Maxi <\/strong>(7 \u2013 12 personas)<\/h3>\n<p><img decoding=\"async\" class=\"lazyload aligncenter wp-image-4259\" src=\"https:\/\/cocolingua.com\/wp-content\/uploads\/2017\/04\/Precios-Grupo-Maxi-Programa-Extensivo.jpg\" data-orig-src=\"https:\/\/cocolingua.com\/wp-content\/uploads\/2017\/04\/Precios-Grupo-Maxi-Programa-Extensivo.jpg\" alt=\"Precios Cursos Idiomas para Empresas\" width=\"400\" height=\"144\" srcset=\"data:image\/svg+xml,%3Csvg%20xmlns%3D%27http%3A%2F%2Fwww.w3.org%2F2000%2Fsvg%27%20width%3D%27400%27%20height%3D%27144%27%20viewBox%3D%270%200%20400%20144%27%3E%3Crect%20width%3D%27400%27%20height%3D%27144%27%20fill-opacity%3D%220%22%2F%3E%3C%2Fsvg%3E\" data-srcset=\"https:\/\/cocolingua.com\/wp-content\/uploads\/2017\/04\/Precios-Grupo-Maxi-Programa-Extensivo-200x72.jpg 200w, https:\/\/cocolingua.com\/wp-content\/uploads\/2017\/04\/Precios-Grupo-Maxi-Programa-Extensivo-300x108.jpg 300w, https:\/\/cocolingua.com\/wp-content\/uploads\/2017\/04\/Precios-Grupo-Maxi-Programa-Extensivo-400x144.jpg 400w, https:\/\/cocolingua.com\/wp-content\/uploads\/2017\/04\/Precios-Grupo-Maxi-Programa-Extensivo.jpg 575w\" data-sizes=\"auto\" data-orig-sizes=\"(max-width: 400px) 100vw, 400px\" \/><\/p>\n<p>&nbsp;<\/p>\n<h3><strong>M\u00f3dulos para Grupo Reducido y Grupo Maxi <\/strong>(desde 4 hasta 5 semanas)<\/h3>\n<ul>\n<li>M\u00f3dulos 20 \u00e0 4 horas\/semana x 5 semanas<\/li>\n<li>M\u00f3dulos 20 \u00e0 5 horas\/semana x 4 semanas<\/li>\n<\/ul>\n<p>&nbsp;<\/p>\n<p><a href=\"http:\/\/www.asolan.com\/\" target=\"_blank\" rel=\"noopener\"><img decoding=\"async\" class=\"lazyload alignleft wp-image-4465\" src=\"data:image\/svg+xml,%3Csvg%20xmlns%3D%27http%3A%2F%2Fwww.w3.org%2F2000%2Fsvg%27%20width%3D%27178%27%20height%3D%27111%27%20viewBox%3D%270%200%20178%20111%27%3E%3Crect%20width%3D%27178%27%20height%3D%27111%27%20fill-opacity%3D%220%22%2F%3E%3C%2Fsvg%3E\" data-orig-src=\"https:\/\/cocolingua.com\/wp-content\/uploads\/2017\/02\/asolan-2.jpg\" alt=\"Asociacion insular de hoteles y apartamentos\" width=\"178\" height=\"111\"><\/a><\/p>\n<p>&nbsp;<\/p>\n<p>Somos un&nbsp;<strong>Centro de Formaci\u00f3n miembro de&nbsp;<a href=\"http:\/\/www.asolan.com\/\" target=\"_blank\" rel=\"noopener\">ASOLAN<\/a><\/strong>&nbsp;e inscrito en la Fundaci\u00f3n Estatal para la formaci\u00f3n en el empleo, para impartir&nbsp;<strong>formaci\u00f3n bonificada<\/strong>.<\/p>\n<p>&nbsp;<\/p>\n<p>&nbsp;<\/p>\n<p><strong><em>*La oferta incluye material did\u00e1ctico, feed-back permanente, informes de direcci\u00f3n al final de cada m\u00f3dulo, evaluaci\u00f3n al final del curso y certificado de nivel alcanzado en el curso.<\/em><\/strong><\/p>\n<p><strong><em>*TARIFA ASOLAN: 10% aplicable solamente a \u201cGrupo Maxi\u201d y a partir de 2 grupos por contrato. (m\u00ednimo 2 m\u00f3dulos por cada grupo)<\/em><\/strong><\/p>\n","protected":false},"excerpt":{"rendered":"<p>Oferta econ\u00f3mica Capacitaci\u00f3n Intercultural&nbsp; Jornada laboral&nbsp; &#8211; &nbsp;Individual o en grupo Fin de semana&nbsp; &#8211; &nbsp;Individual o en grupo *1UD. = 45 Minutos &nbsp; Programa Intensivo Individual o en mini-grupos \u2013 desde 1 hasta 4 semanas Curso Premium Intensivo 20 Curso Premium Intensivo 20 + 5 *1UD. = 45 Minutos *Para completar un nivel (A1,  [&#8230;]<\/p>\n","protected":false},"author":3,"featured_media":0,"parent":0,"menu_order":0,"comment_status":"closed","ping_status":"closed","template":"","meta":{"ngg_post_thumbnail":0,"footnotes":""},"class_list":["post-4250","page","type-page","status-publish","hentry"],"_links":{"self":[{"href":"https:\/\/cocolingua.com\/es\/wp-json\/wp\/v2\/pages\/4250","targetHints":{"allow":["GET"]}}],"collection":[{"href":"https:\/\/cocolingua.com\/es\/wp-json\/wp\/v2\/pages"}],"about":[{"href":"https:\/\/cocolingua.com\/es\/wp-json\/wp\/v2\/types\/page"}],"author":[{"embeddable":true,"href":"https:\/\/cocolingua.com\/es\/wp-json\/wp\/v2\/users\/3"}],"replies":[{"embeddable":true,"href":"https:\/\/cocolingua.com\/es\/wp-json\/wp\/v2\/comments?post=4250"}],"version-history":[{"count":6,"href":"https:\/\/cocolingua.com\/es\/wp-json\/wp\/v2\/pages\/4250\/revisions"}],"predecessor-version":[{"id":13779,"href":"https:\/\/cocolingua.com\/es\/wp-json\/wp\/v2\/pages\/4250\/revisions\/13779"}],"wp:attachment":[{"href":"https:\/\/cocolingua.com\/es\/wp-json\/wp\/v2\/media?parent=4250"}],"curies":[{"name":"wp","href":"https:\/\/api.w.org\/{rel}","templated":true}]}}