{"id":3818,"date":"2016-09-20T18:34:43","date_gmt":"2016-09-20T18:34:43","guid":{"rendered":"http:\/\/www.cocolingua.com\/?page_id=3818"},"modified":"2025-05-12T12:50:32","modified_gmt":"2025-05-12T12:50:32","slug":"trabaja-con-nosotros","status":"publish","type":"page","link":"https:\/\/cocolingua.com\/es\/trabaja-con-nosotros\/","title":{"rendered":"Trabaja con nosotros"},"content":{"rendered":"<div class=\"fusion-fullwidth fullwidth-box fusion-builder-row-1 fusion-flex-container nonhundred-percent-fullwidth non-hundred-percent-height-scrolling\" style=\"--awb-border-radius-top-left:0px;--awb-border-radius-top-right:0px;--awb-border-radius-bottom-right:0px;--awb-border-radius-bottom-left:0px;--awb-flex-wrap:wrap;\" ><div class=\"fusion-builder-row fusion-row fusion-flex-align-items-flex-start fusion-flex-content-wrap\" style=\"max-width:1144px;margin-left: calc(-4% \/ 2 );margin-right: calc(-4% \/ 2 );\"><div class=\"fusion-layout-column fusion_builder_column fusion-builder-column-0 fusion_builder_column_1_1 1_1 fusion-flex-column\" style=\"--awb-bg-blend:overlay;--awb-bg-size:cover;--awb-width-large:100%;--awb-margin-top-large:0px;--awb-spacing-right-large:1.92%;--awb-margin-bottom-large:0px;--awb-spacing-left-large:1.92%;--awb-width-medium:100%;--awb-spacing-right-medium:1.92%;--awb-spacing-left-medium:1.92%;--awb-width-small:100%;--awb-spacing-right-small:1.92%;--awb-spacing-left-small:1.92%;\"><div class=\"fusion-column-wrapper fusion-flex-justify-content-flex-start fusion-content-layout-column\"><div class=\"fusion-text fusion-text-1\"><p>\u00bfQuieres <strong>ser parte de nuestro equipo<\/strong>?<\/p>\n<p>\u00a1Entonces aprovecha esta oportunidad y env\u00edanos tu solicitud ahora!<\/p>\n<\/div><div class=\"fusion-title title fusion-title-1 fusion-sep-none fusion-title-text fusion-title-size-two\" style=\"--awb-margin-top:60px;--awb-margin-bottom:10px;\"><h2 class=\"fusion-title-heading title-heading-left\" style=\"margin:0;\">Ofertas de trabajo<\/h2><\/div><div class=\"fusion-text fusion-text-2\"><p>Aqu\u00ed puede ver todas las ofertas de trabajo activas en este momento.<\/p>\n<\/div><div class=\"accordian fusion-accordian\" style=\"--awb-border-size:1px;--awb-icon-size:13px;--awb-content-font-size:16px;--awb-icon-alignment:left;--awb-hover-color:#f9f9f9;--awb-border-color:#cccccc;--awb-background-color:#ffffff;--awb-divider-color:#e0dede;--awb-divider-hover-color:#e0dede;--awb-icon-color:#ffffff;--awb-title-color:#020202;--awb-content-color:#606060;--awb-icon-box-color:#333333;--awb-toggle-hover-accent-color:#ab8b65;--awb-title-font-family:&quot;Poppins&quot;;--awb-title-font-weight:300;--awb-title-font-style:normal;--awb-title-font-size:16px;--awb-content-font-family:&quot;Rubik&quot;;--awb-content-font-style:normal;--awb-content-font-weight:300;\"><div class=\"panel-group fusion-toggle-icon-boxed\" id=\"accordion-3818-1\"><div class=\"fusion-panel panel-default panel-78e58faccdf7557ed fusion-toggle-no-divider fusion-toggle-boxed-mode\"><div class=\"panel-heading\"><h4 class=\"panel-title toggle\" id=\"toggle_78e58faccdf7557ed\"><a aria-expanded=\"false\" aria-controls=\"78e58faccdf7557ed\" role=\"button\" data-toggle=\"collapse\" data-parent=\"#accordion-3818-1\" data-target=\"#78e58faccdf7557ed\" href=\"#78e58faccdf7557ed\"><span class=\"fusion-toggle-icon-wrapper\" aria-hidden=\"true\"><i class=\"fa-fusion-box active-icon awb-icon-minus\" aria-hidden=\"true\"><\/i><i class=\"fa-fusion-box inactive-icon awb-icon-plus\" aria-hidden=\"true\"><\/i><\/span><span class=\"fusion-toggle-heading\">Profesor\/a de Espa\u00f1ol a partir de septiembre de 2025<\/span><\/a><\/h4><\/div><div id=\"78e58faccdf7557ed\" class=\"panel-collapse collapse \" aria-labelledby=\"toggle_78e58faccdf7557ed\"><div class=\"panel-body toggle-content fusion-clearfix\">\n<h3>Buscamos profesor\/a de <strong>espa\u00f1ol &#8211; ELE &#8211; con idiomas: alem\u00e1n e ingl\u00e9s.<\/strong><\/h3>\n<p><strong>Descripci\u00f3n del puesto: <\/strong><\/p>\n<ul>\n<li>Impartir clases de espa\u00f1ol presenciales y en l\u00ednea individuales y a grupos peque\u00f1os.<\/li>\n<li>Impartir entre 15 a 30 horas\/semana y tener flexibilidad horaria.<\/li>\n<li>Niveles a impartir: A1- C2.<\/li>\n<li>Realizar feedback con el equipo una vez por semana.<\/li>\n<li>Planificar los contenidos de los cursos y materiales de las clases<\/li>\n<li>Hacer evaluaciones de los alumnos al final del per\u00edodo de estudio.<\/li>\n<li>Asistir a reuniones mensuales con el equipo<\/li>\n<\/ul>\n<p><strong>Requisitos:<\/strong><\/p>\n<ul>\n<li>Lengua materna: espa\u00f1ol<\/li>\n<li>Motivaci\u00f3n de crecer en equipo<\/li>\n<li>Motivaci\u00f3n en el aula con los alumnos<\/li>\n<li>Disponibilidad a darlo todo en el trabajo<\/li>\n<li>Poseer titulaci\u00f3n y diploma (master) como instructor ELE (espa\u00f1ol como lengua extranjera)<\/li>\n<li>Tener experiencia como PROFESOR ELE y como autor de material de aprendizaje. (incluir muestras de trabajo previo en la solicitud)<\/li>\n<li>Ser un trabajador responsable, eficaz, fiable y creativo.<\/li>\n<li>Tener experiencia con la plataforma digital de LearnCube<\/li>\n<li>Experiencia m\u00ednima de ense\u00f1anza: 2 a\u00f1os.<\/li>\n<li>Edad: 30 -50 a\u00f1os. (deseable)<\/li>\n<li>Residir en Lanzarote.<\/li>\n<\/ul>\n<p><strong>Se ofrece:<\/strong><\/p>\n<ul>\n<li>Contrato laboral a tiempo completo y tiempo parcial seg\u00fan convenio<\/li>\n<li>Oportunidades de seguir form\u00e1ndose<\/li>\n<li>Condiciones y ambiente de trabajo inmejorables<\/li>\n<\/ul>\n<p>En nuestra academia somos un equipo familiar, muy activo, participativo y creativo.<br \/>\nNuestros alumnos son como nuestra familia. Un gran porcentaje da alumnos habla alem\u00e1n, por eso valoramos los conocimientos del alem\u00e1n.<\/p>\n<p>valoramos conocimientos actualizados de marketing y dise\u00f1o gr\u00e1fico.<br \/>\nTambi\u00e9n se puede negociar la aportaci\u00f3n a tareas de marketing.<\/p>\n<p><strong>Enviar CV a<\/strong>: <a href=\"mailto:info@cocolingua.com\">info@cocolingua.com<\/a><\/p>\n<p><strong>Tel\u00e9fono:<\/strong> 689 448 443<\/p>\n<\/div><\/div><\/div><\/div><\/div><\/div><\/div><\/div><\/div>\n","protected":false},"excerpt":{"rendered":"","protected":false},"author":3,"featured_media":0,"parent":0,"menu_order":0,"comment_status":"closed","ping_status":"closed","template":"","meta":{"ngg_post_thumbnail":0,"footnotes":""},"class_list":["post-3818","page","type-page","status-publish","hentry"],"_links":{"self":[{"href":"https:\/\/cocolingua.com\/es\/wp-json\/wp\/v2\/pages\/3818","targetHints":{"allow":["GET"]}}],"collection":[{"href":"https:\/\/cocolingua.com\/es\/wp-json\/wp\/v2\/pages"}],"about":[{"href":"https:\/\/cocolingua.com\/es\/wp-json\/wp\/v2\/types\/page"}],"author":[{"embeddable":true,"href":"https:\/\/cocolingua.com\/es\/wp-json\/wp\/v2\/users\/3"}],"replies":[{"embeddable":true,"href":"https:\/\/cocolingua.com\/es\/wp-json\/wp\/v2\/comments?post=3818"}],"version-history":[{"count":72,"href":"https:\/\/cocolingua.com\/es\/wp-json\/wp\/v2\/pages\/3818\/revisions"}],"predecessor-version":[{"id":19119,"href":"https:\/\/cocolingua.com\/es\/wp-json\/wp\/v2\/pages\/3818\/revisions\/19119"}],"wp:attachment":[{"href":"https:\/\/cocolingua.com\/es\/wp-json\/wp\/v2\/media?parent=3818"}],"curies":[{"name":"wp","href":"https:\/\/api.w.org\/{rel}","templated":true}]}}