{"id":34,"date":"2013-03-27T10:09:09","date_gmt":"2013-03-27T10:09:09","guid":{"rendered":"http:\/\/www.cocolingua.com\/?page_id=34"},"modified":"2026-04-17T11:49:51","modified_gmt":"2026-04-17T11:49:51","slug":"condiciones-generales","status":"publish","type":"page","link":"https:\/\/cocolingua.com\/es\/condiciones-generales\/","title":{"rendered":"Condiciones Generales"},"content":{"rendered":"<div class=\"fusion-fullwidth fullwidth-box fusion-builder-row-1 fusion-flex-container nonhundred-percent-fullwidth non-hundred-percent-height-scrolling\" style=\"--awb-border-radius-top-left:0px;--awb-border-radius-top-right:0px;--awb-border-radius-bottom-right:0px;--awb-border-radius-bottom-left:0px;--awb-flex-wrap:wrap;\" ><div class=\"fusion-builder-row fusion-row fusion-flex-align-items-flex-start fusion-flex-content-wrap\" style=\"max-width:1144px;margin-left: calc(-4% \/ 2 );margin-right: calc(-4% \/ 2 );\"><div class=\"fusion-layout-column fusion_builder_column fusion-builder-column-0 fusion_builder_column_1_1 1_1 fusion-flex-column\" style=\"--awb-bg-blend:overlay;--awb-bg-size:cover;--awb-width-large:100%;--awb-margin-top-large:0px;--awb-spacing-right-large:1.92%;--awb-margin-bottom-large:0px;--awb-spacing-left-large:1.92%;--awb-width-medium:100%;--awb-spacing-right-medium:1.92%;--awb-spacing-left-medium:1.92%;--awb-width-small:100%;--awb-spacing-right-small:1.92%;--awb-spacing-left-small:1.92%;\"><div class=\"fusion-column-wrapper fusion-flex-justify-content-flex-start fusion-content-layout-column\"><div class=\"fusion-text fusion-text-1\"><h2>Condiciones Generales<\/h2>\n<h2>Inscripci\u00f3n, pago y procedimiento de reservas<\/h2>\n<p><a href=\"https:\/\/cocolingua.com\/wp-content\/uploads\/2015\/03\/TermsyConds.jpg\"><img decoding=\"async\" class=\"lazyload wp-image-2458 alignright\" src=\"https:\/\/cocolingua.com\/wp-content\/uploads\/2015\/03\/TermsyConds-300x200.jpg\" data-orig-src=\"https:\/\/cocolingua.com\/wp-content\/uploads\/2015\/03\/TermsyConds-300x200.jpg\" alt=\"Condiciones Generales\" width=\"300\" height=\"200\" srcset=\"data:image\/svg+xml,%3Csvg%20xmlns%3D%27http%3A%2F%2Fwww.w3.org%2F2000%2Fsvg%27%20width%3D%27300%27%20height%3D%27200%27%20viewBox%3D%270%200%20300%20200%27%3E%3Crect%20width%3D%27300%27%20height%3D%27200%27%20fill-opacity%3D%220%22%2F%3E%3C%2Fsvg%3E\" data-srcset=\"https:\/\/cocolingua.com\/wp-content\/uploads\/2015\/03\/TermsyConds-300x200.jpg 300w, https:\/\/cocolingua.com\/wp-content\/uploads\/2015\/03\/TermsyConds.jpg 400w\" data-sizes=\"auto\" data-orig-sizes=\"(max-width: 300px) 100vw, 300px\" \/><\/a><\/p>\n<p>Luego de enviar el formulario de inscripci\u00f3n, recibir\u00e1s por correo electr\u00f3nico una confirmaci\u00f3n de recepci\u00f3n del curso que has elegido, al igual que informaci\u00f3n relevante sobre el pago y el m\u00e9todo de pago del curso. Los costes de reserva del alojamiento deber\u00e1n abonarse directamente al proveedor. Los cambios en el tipo de alojamiento deber\u00e1n realizarse entre el proveedor y el hu\u00e9sped. Para confirmar la reserva del curso se deber\u00e1 abonar un dep\u00f3sito del 20% del importe total.<\/p>\n<h2>Forma de pago<\/h2>\n<p>Despu\u00e9s de enviar la inscripci\u00f3n, como ya hemos mencionado \u2013 debe realizarse un dep\u00f3sito del 20% del importe total. Tambi\u00e9n es posible realizar el importe completo del curso de una sola vez. En cualquier caso, el importe de la matr\u00edcula deber\u00e1 haber sido abonado en su totalidad al menos 3 semanas antes del inicio del curso.<\/p>\n<p>El pago se puede realizar utilizando uno de los siguientes m\u00e9todos:<\/p>\n<p><strong>1. Por transferencia Bancaria<\/strong>: Todas las transferencias deber\u00e1n indicar claramente en el concepto, el nombre completo del solicitante, as\u00ed como el n\u00famero de la factura.<\/p>\n<p><span style=\"color: #edc111;\"><em>*No hay cargos adicionales dentro de Europa, fuera de Europa se aplica una tarifa de 15 euros.<\/em><\/span><\/p>\n<p><strong>2. Paypal:<\/strong> Si lo deseas, puedes pagar el dep\u00f3sito o el monto total durante la inscripci\u00f3n del curso en nuestro sitio web. Tambi\u00e9n se puede pagar el importe restante a trav\u00e9s de PayPal.<\/p>\n<p><span style=\"color: #edad24;\"><strong>Nota:<\/strong> <\/span>Co Co Lingua &#8211; Escuela de idiomas no correr\u00e1 con ning\u00fan gasto bancario, es responsabilidad absoluta del cliente. Si al inicio del curso queda alguna cantidad pendiente de pago como resultado de dichos gastos, deber\u00e1 ser abonado en la escuela el primer d\u00eda de clase.<\/p>\n<h2>Cancelaciones<\/h2>\n<p>Toda cancelaci\u00f3n deber\u00e1 ser realizada por escrito. La fecha de la cancelaci\u00f3n ser\u00e1 oficial en el momento en el que Co Co Lingua &#8211; Escuela de idiomas reciba la comunicaci\u00f3n por escrito. Le recomendamos que contrate un seguro de viajes que le d\u00e9 cobertura ante una posible cancelaci\u00f3n debido a accidente o enfermedad.<\/p>\n<div class=\"datagrid\">\n<table style=\"height: 193px; border: 0.5px solid #aaa;\" border=\"1\" width=\"628\" cellpadding=\"10\">\n<tbody>\n<tr>\n<th style=\"text-align: left;\" colspan=\"2\"><strong>Tasas de cancelaci\u00f3n (curso y alojamiento)<\/strong><\/th>\n<\/tr>\n<tr>\n<td>Hasta 30 d\u00edas antes del inicio del curso<\/td>\n<td>Deposito<\/td>\n<\/tr>\n<tr>\n<td>De 29 a 15 d\u00edas antes del inicio del curso<\/td>\n<td>50% del total<\/td>\n<\/tr>\n<tr>\n<td>14 d\u00edas o hasta el inicio del curso<\/td>\n<td>100% del total<\/td>\n<\/tr>\n<\/tbody>\n<\/table>\n<\/div>\n<p>Para transferencias de devoluci\u00f3n a trav\u00e9s de Paypal, se retendr\u00e1 la tarifa de transacci\u00f3n.<\/p>\n<p>El importe del curso no se reembolsar\u00e1 si llega tarde o cancela el curso. Incluso en caso de ausencia o enfermedad, la escuela de idiomas Co Co Lingua no reembolsa ning\u00fan importe.<\/p>\n<h2><strong>Cambios en las fechas o modalidad de los cursos<\/strong><\/h2>\n<p>En caso de requerir un cambio en el tipo de curso o en las fechas del mismo, se aplicar\u00e1 un <b>cargo de gesti\u00f3n de 50 \u20ac<\/b> por persona inscrita.<\/p>\n<p>Este cargo tambi\u00e9n se aplicar\u00e1 a cualquier modificaci\u00f3n entre la <strong>escuela presencial en Lanzarote<\/strong> y la <strong>escuela online<\/strong>, o viceversa.<\/p>\n<h2>Seguros<\/h2>\n<p>Co Co Lingua &#8211; Escuela de idiomas no da cobertura a los estudiantes en caso de enfermedad, robo, da\u00f1os o p\u00e9rdida de objetos personales, adem\u00e1s Co CoLingua &#8211; Escuela de idiomas elude cualquier responsabilidad ante alguna de estas circunstancias referidas anteriormente. Le recomendamos que previamente contrate un seguro de viaje completo que ofrezca cobertura ante un posible problema m\u00e9dico, de dinero o de equipajes (por favor, compru\u00e9belo antes de su viaje.) Adem\u00e1s los estudiantes que sean ciudadanos de la UE deber\u00e1n traer consigo el formulario E-111 o Tarjeta Sanitaria Europea para obtener tratamiento m\u00e9dico gratuito en Espa\u00f1a.<\/p>\n<h2>D\u00edas de Fiesta 2026<\/h2>\n<ul>\n<li style=\"list-style-type: none;\">\n<ul>\n<li>1 de enero;<\/li>\n<li>6 de enero;<\/li>\n<li>03 de abril;<\/li>\n<li>06 de abril;<\/li>\n<li>1 de mayo;<\/li>\n<li><span style=\"background-color: rgba(0, 0, 0, 0);\">12 de octubre;<\/span><\/li>\n<li><span style=\"background-color: rgba(0, 0, 0, 0);\">2 de noviembre<\/span><\/li>\n<li><span style=\"color: var(--awb-text-color); font-family: var(--awb-text-font-family); font-size: var(--awb-font-size); font-style: var(--awb-text-font-style); font-weight: var(--awb-text-font-weight); letter-spacing: var(--awb-letter-spacing); text-align: var(--awb-content-alignment); text-transform: var(--awb-text-transform); background-color: var(--awb-bg-color-hover);\">8 de diciembre;<\/span><\/li>\n<li>25 de diciembre.<\/li>\n<\/ul>\n<\/li>\n<\/ul>\n<p>La escuela de idiomas permanecer\u00e1 cerrada los d\u00edas festivos oficiales, as\u00ed como los d\u00edas festivos establecidos por el gobierno. En esos d\u00edas no hay clases. Las clases no se recuperan; no obstante, la cuota del curso debe abonarse \u00edntegramente. Al final de la semana se emitir\u00e1 el correspondiente certificado de asistencia por el total de horas.<\/p>\n<h2>Visados<\/h2>\n<p>Los estudiantes de otros pa\u00edses fuera de la UE posiblemente necesiten visado para estar en Espa\u00f1a, les recomendamos soliciten informaci\u00f3n en la Embajada o Consulado Espa\u00f1ol m\u00e1s cercano. En caso de que sea denegado el visado, devolveremos la cantidad abonada menos 150\u20ac por gastos de gesti\u00f3n. Deber\u00e1 demostrarse por escrito que la Embajada ha denegado el visado, sino es as\u00ed no se har\u00e1 devoluci\u00f3n alguna.<\/p>\n<div class=\"fusion-title title fusion-title-17 fusion-sep-none fusion-title-text fusion-title-size-three fusion-border-below-title\">\n<h2>Fotos de los alumnos<\/h2>\n<p>Habitualmente la escuela toma fotos y videos de la vida diaria de la escuela y las actividades. Si usted no desea que sus fotos sean publicadas en redes sociales o la p\u00e1gina web de la escuela debe notificarlo para tenerlo en cuenta.<\/p>\n<h2>General<\/h2>\n<ul>\n<li>Co Co Lingua &#8211; Escuela de idiomas se reserva el derecho de rechazar una solicitud por parte de cualquier estudiante as\u00ed como proceder a su expulsi\u00f3n en caso de mal comportamiento, asistencia irregular o realizar un trabajo insatisfactorio, sin derecho a devoluci\u00f3n del importe abonado.<\/li>\n<li>Los costes de viaje y actividades extra acad\u00e9micas durante los fines de semana no est\u00e1n incluidos en el precio.<\/li>\n<li>Faltas de asistencia a los cursos: En las clases de grupo con m\u00e1s de dos participantes no se recuperar\u00e1n las faltas de asistencia individuales de los alumnos. En las clases individuales, se podr\u00e1 acordar con la escuela la recuperaci\u00f3n de las clases siempre y cuando se comunique con una antelaci\u00f3n m\u00ednima de 24 horas.<\/li>\n<li>Si en un curso grupal no se alcanza un n\u00famero de participantes igual o superior a tres personas, el curso se impartir\u00e1 pero se reducir\u00e1n las horas lectivas a un 75% en el caso de 2 participantes, o 50% en el caso de 1 participante. La Academia se reserva el derecho a decidir el horario en el que se impartir\u00e1n los cursos. Por norma general los cursos intensivos son por la ma\u00f1ana y las clases individuales por la tarde, aunque la Academia se reserva el derecho a modificar los horarios.<\/li>\n<li>Los grupos tienen un m\u00e1ximo de 6 a 8 participantes.<\/li>\n<li>El horario sirve como orientaci\u00f3n y puede variar seg\u00fan la disponibilidad del profesorado. Dado que no todos los profesores residen permanentemente en Lanzarote, puede haber peque\u00f1os cambios de horario dentro de una misma semana.<\/li>\n<li>Si por razones meteorol\u00f3gicas de alerta por lluvia o viento (fuerza mayor) la escuela se cierra, no habr\u00e1 clases y estas no se recuperar\u00e1n.<\/li>\n<\/ul>\n<p><a href=\"https:\/\/protecciondatos-lopd.com\/?authentication_code=4R7fx00539Q7c\" target=\"_blank\" rel=\"noopener\"><img decoding=\"async\" class=\"lazyload size-full wp-image-4467 aligncenter\" src=\"data:image\/svg+xml,%3Csvg%20xmlns%3D%27http%3A%2F%2Fwww.w3.org%2F2000%2Fsvg%27%20width%3D%27171%27%20height%3D%27145%27%20viewBox%3D%270%200%20171%20145%27%3E%3Crect%20width%3D%27171%27%20height%3D%27145%27%20fill-opacity%3D%220%22%2F%3E%3C%2Fsvg%3E\" data-orig-src=\"https:\/\/cocolingua.com\/wp-content\/uploads\/2017\/02\/certificacion-lopd.png\" alt=\"Certificacion LOPD\" width=\"171\" height=\"145\"><\/a><\/p>\n<\/div>\n<p><!--more--><\/p>\n<\/div><\/div><\/div><\/div><\/div>\n","protected":false},"excerpt":{"rendered":"<p>Condiciones Generales Inscripci\u00f3n, pago y procedimiento de reservas Luego de enviar el formulario de inscripci\u00f3n, recibir\u00e1s por correo electr\u00f3nico una confirmaci\u00f3n de recepci\u00f3n del curso que has elegido, al igual que informaci\u00f3n relevante sobre el pago y el m\u00e9todo de pago del curso. Los costes de reserva del alojamiento deber\u00e1n abonarse directamente al proveedor. Los  [&#8230;]<\/p>\n","protected":false},"author":1,"featured_media":0,"parent":0,"menu_order":0,"comment_status":"closed","ping_status":"closed","template":"","meta":{"ngg_post_thumbnail":0,"footnotes":""},"class_list":["post-34","page","type-page","status-publish","hentry"],"_links":{"self":[{"href":"https:\/\/cocolingua.com\/es\/wp-json\/wp\/v2\/pages\/34","targetHints":{"allow":["GET"]}}],"collection":[{"href":"https:\/\/cocolingua.com\/es\/wp-json\/wp\/v2\/pages"}],"about":[{"href":"https:\/\/cocolingua.com\/es\/wp-json\/wp\/v2\/types\/page"}],"author":[{"embeddable":true,"href":"https:\/\/cocolingua.com\/es\/wp-json\/wp\/v2\/users\/1"}],"replies":[{"embeddable":true,"href":"https:\/\/cocolingua.com\/es\/wp-json\/wp\/v2\/comments?post=34"}],"version-history":[{"count":97,"href":"https:\/\/cocolingua.com\/es\/wp-json\/wp\/v2\/pages\/34\/revisions"}],"predecessor-version":[{"id":20258,"href":"https:\/\/cocolingua.com\/es\/wp-json\/wp\/v2\/pages\/34\/revisions\/20258"}],"wp:attachment":[{"href":"https:\/\/cocolingua.com\/es\/wp-json\/wp\/v2\/media?parent=34"}],"curies":[{"name":"wp","href":"https:\/\/api.w.org\/{rel}","templated":true}]}}