{"id":3154,"date":"2016-08-08T15:18:08","date_gmt":"2016-08-08T15:18:08","guid":{"rendered":"http:\/\/www.cocolingua.com\/?page_id=3154"},"modified":"2025-04-01T10:21:23","modified_gmt":"2025-04-01T10:21:23","slug":"test-de-nivel","status":"publish","type":"page","link":"https:\/\/cocolingua.com\/es\/test-de-nivel\/","title":{"rendered":"Test de nivel"},"content":{"rendered":"<div class=\"fusion-fullwidth fullwidth-box fusion-builder-row-1 fusion-flex-container nonhundred-percent-fullwidth non-hundred-percent-height-scrolling\" style=\"--awb-border-radius-top-left:0px;--awb-border-radius-top-right:0px;--awb-border-radius-bottom-right:0px;--awb-border-radius-bottom-left:0px;--awb-flex-wrap:wrap;\" ><div class=\"fusion-builder-row fusion-row fusion-flex-align-items-flex-start fusion-flex-content-wrap\" style=\"max-width:1144px;margin-left: calc(-4% \/ 2 );margin-right: calc(-4% \/ 2 );\"><div class=\"fusion-layout-column fusion_builder_column fusion-builder-column-0 fusion_builder_column_2_3 2_3 fusion-flex-column\" style=\"--awb-bg-size:cover;--awb-width-large:66.666666666667%;--awb-margin-top-large:0px;--awb-spacing-right-large:3.84%;--awb-margin-bottom-large:20px;--awb-spacing-left-large:2.88%;--awb-width-medium:100%;--awb-spacing-right-medium:1.92%;--awb-spacing-left-medium:1.92%;--awb-width-small:100%;--awb-spacing-right-small:1.92%;--awb-spacing-left-small:1.92%;\"><div class=\"fusion-column-wrapper fusion-flex-justify-content-flex-start fusion-content-layout-column\"><div class=\"fusion-text fusion-text-1\"><p style=\"text-align: justify;\">Nuestro <strong>test de nivel<\/strong> nos da la oportunidad de darnos cuenta de los conocimientos que ya poseen los participantes. Con esta premisa, podemos organizar grupos homog\u00e9neos asegurando a cada alumno que su nivel estar\u00e1 de acuerdo con el del resto del grupo.<\/p>\n<p style=\"text-align: justify;\">Los alumnos de nivel principiante no tienen que realizar el test, participaran directamente en el curso para principiantes.<\/p>\n<p style=\"text-align: justify;\">Por favor, tenga en cuenta que este test de nivel s\u00f3lo est\u00e1 dirigido a aquellos alumnos que se hayan inscrito en uno de nuestros cursos de espa\u00f1ol. Muchas gracias por su comprensi\u00f3n.<\/p>\n<p style=\"text-align: justify;\">La finalidad de este test de nivel es la evaluaci\u00f3n de su verdadero nivel de espa\u00f1ol. Por favor, realice el test sin ayuda de libros o de otras personas. S\u00f3lo as\u00ed podremos asegurar que todos los alumnos de una clase tengan el mismo nivel idiom\u00e1tico.<\/p>\n<\/div><\/div><\/div><div class=\"fusion-layout-column fusion_builder_column fusion-builder-column-1 fusion_builder_column_1_3 1_3 fusion-flex-column fusion-flex-align-self-flex-start\" style=\"--awb-padding-top:20px;--awb-padding-right:10px;--awb-padding-bottom:20px;--awb-padding-left:10px;--awb-bg-color:#f6f3f3;--awb-bg-color-hover:#f6f3f3;--awb-bg-size:cover;--awb-width-large:33.333333333333%;--awb-margin-top-large:0px;--awb-spacing-right-large:5.76%;--awb-margin-bottom-large:20px;--awb-spacing-left-large:3.84%;--awb-width-medium:100%;--awb-order-medium:0;--awb-spacing-right-medium:1.92%;--awb-spacing-left-medium:1.92%;--awb-width-small:100%;--awb-order-small:0;--awb-spacing-right-small:1.92%;--awb-spacing-left-small:1.92%;\" data-scroll-devices=\"small-visibility,medium-visibility,large-visibility\"><div class=\"fusion-column-wrapper fusion-column-has-shadow fusion-flex-justify-content-space-evenly fusion-content-layout-column\"><i class=\"fb-icon-element-1 fb-icon-element fontawesome-icon fa-list fas circle-yes fusion-animated\" style=\"--awb-circlebordersize:1px;--awb-font-size:35.2px;--awb-width:70.4px;--awb-height:70.4px;--awb-line-height:68.4px;--awb-margin-top:0;--awb-margin-right:0;--awb-margin-bottom:0;--awb-margin-left:0;--awb-align-self:center;\" data-animationType=\"flash\" data-animationDuration=\"1\" data-animationOffset=\"top-into-view\"><\/i><div class=\"fusion-separator fusion-full-width-sep\" style=\"align-self: center;margin-left: auto;margin-right: auto;margin-top:10px;margin-bottom:10px;width:100%;\"><\/div><div class=\"fusion-text fusion-text-2\"><h2 style=\"text-align: center;\">Online tests<\/h2>\n<ul>\n<li style=\"text-align: justify;\"><a href=\"https:\/\/cocolingua.com\/es\/test-de-nivel-inicio\/\">TEST NIVEL INICIO<\/a><\/li>\n<li style=\"text-align: justify;\"><a href=\"https:\/\/cocolingua.com\/es\/test-de-nivel-intermedio\/\">TEST NIVEL INTERMEDIO<\/a><\/li>\n<\/ul>\n<p>&nbsp;<\/p>\n<\/div><\/div><\/div><div class=\"fusion-layout-column fusion_builder_column fusion-builder-column-2 fusion_builder_column_1_1 1_1 fusion-flex-column fusion-flex-align-self-flex-start fusion-column-no-min-height\" style=\"--awb-bg-size:cover;--awb-width-large:100%;--awb-margin-top-large:0px;--awb-spacing-right-large:1.92%;--awb-margin-bottom-large:0px;--awb-spacing-left-large:1.92%;--awb-width-medium:100%;--awb-spacing-right-medium:1.92%;--awb-spacing-left-medium:1.92%;--awb-width-small:100%;--awb-spacing-right-small:1.92%;--awb-spacing-left-small:1.92%;\"><div class=\"fusion-column-wrapper fusion-flex-justify-content-flex-start fusion-content-layout-column\"><div class=\"fusion-title title fusion-title-1 fusion-title-text fusion-title-size-two\" style=\"--awb-margin-top:30px;--awb-margin-bottom:20px;--awb-margin-top-small:0px;--awb-margin-right-small:0px;--awb-margin-bottom-small:20px;--awb-margin-left-small:0px;\"><div class=\"title-sep-container title-sep-container-left fusion-no-large-visibility fusion-no-medium-visibility fusion-no-small-visibility\"><div class=\"title-sep sep-single sep-solid\" style=\"border-color:#e0dede;\"><\/div><\/div><span class=\"awb-title-spacer fusion-no-large-visibility fusion-no-medium-visibility fusion-no-small-visibility\"><\/span><h2 class=\"fusion-title-heading title-heading-left\" style=\"margin:0;\">Nuestros niveles<\/h2><span class=\"awb-title-spacer\"><\/span><div class=\"title-sep-container title-sep-container-right\"><div class=\"title-sep sep-single sep-solid\" style=\"border-color:#e0dede;\"><\/div><\/div><\/div><\/div><\/div><div class=\"fusion-layout-column fusion_builder_column fusion-builder-column-3 fusion_builder_column_1_3 1_3 fusion-flex-column\" style=\"--awb-padding-top:60px;--awb-padding-right:20px;--awb-padding-bottom:60px;--awb-padding-left:20px;--awb-bg-color:#f6f3f3;--awb-bg-color-hover:#f6f3f3;--awb-bg-size:cover;--awb-width-large:33.333333333333%;--awb-margin-top-large:0px;--awb-spacing-right-large:3.84%;--awb-margin-bottom-large:20px;--awb-spacing-left-large:5.76%;--awb-width-medium:100%;--awb-order-medium:0;--awb-spacing-right-medium:1.92%;--awb-spacing-left-medium:1.92%;--awb-width-small:100%;--awb-order-small:0;--awb-spacing-right-small:1.92%;--awb-spacing-left-small:1.92%;\" data-scroll-devices=\"small-visibility,medium-visibility,large-visibility\"><div class=\"fusion-column-wrapper fusion-column-has-shadow fusion-flex-justify-content-flex-start fusion-content-layout-column\"><div class=\"fusion-text fusion-text-3\"><p style=\"text-align: justify;\">Ofrecemos una amplia gama de niveles, desde principiantes absolutos hasta muy avanzados.<\/p>\n<p style=\"text-align: justify;\">La siguiente tabla da una idea de c\u00f3mo se comparan nuestros niveles con los establecidos por el <strong>Marco Com\u00fan Europeo de Referencia del Consejo de Europa (MCER)<\/strong>.<\/p>\n<p style=\"text-align: justify;\">Ver m\u00e1s sobre <a href=\"https:\/\/es.wikipedia.org\/wiki\/Marco_Com%C3%BAn_Europeo_de_Referencia_para_las_lenguas\" target=\"_blank\" rel=\"noopener noreferrer\">MCER<\/a><\/p>\n<\/div><div class=\"fusion-separator fusion-full-width-sep\" style=\"align-self: center;margin-left: auto;margin-right: auto;margin-top:10px;margin-bottom:10px;width:100%;\"><\/div><div class=\"fusion-image-element \" style=\"text-align:center;--awb-caption-title-font-family:var(--h2_typography-font-family);--awb-caption-title-font-weight:var(--h2_typography-font-weight);--awb-caption-title-font-style:var(--h2_typography-font-style);--awb-caption-title-size:var(--h2_typography-font-size);--awb-caption-title-transform:var(--h2_typography-text-transform);--awb-caption-title-line-height:var(--h2_typography-line-height);--awb-caption-title-letter-spacing:var(--h2_typography-letter-spacing);\"><span class=\" fusion-imageframe imageframe-none imageframe-1 hover-type-none fusion-animated\" data-animationType=\"zoomInUp\" data-animationDuration=\"0.1\" data-animationOffset=\"top-into-view\"><img decoding=\"async\" width=\"144\" height=\"144\" alt=\"Test de nivel\" title=\"favicon144\" src=\"data:image\/svg+xml,%3Csvg%20xmlns%3D%27http%3A%2F%2Fwww.w3.org%2F2000%2Fsvg%27%20width%3D%27144%27%20height%3D%27144%27%20viewBox%3D%270%200%20144%20144%27%3E%3Crect%20width%3D%27144%27%20height%3D%27144%27%20fill-opacity%3D%220%22%2F%3E%3C%2Fsvg%3E\" data-orig-src=\"https:\/\/cocolingua.com\/wp-content\/uploads\/2016\/08\/favicon144.png\" class=\"lazyload img-responsive wp-image-15169\"\/><\/span><\/div><\/div><\/div><div class=\"fusion-layout-column fusion_builder_column fusion-builder-column-4 fusion_builder_column_2_3 2_3 fusion-flex-column\" style=\"--awb-bg-size:cover;--awb-width-large:66.666666666667%;--awb-margin-top-large:0px;--awb-spacing-right-large:2.88%;--awb-margin-bottom-large:20px;--awb-spacing-left-large:3.84%;--awb-width-medium:100%;--awb-spacing-right-medium:1.92%;--awb-spacing-left-medium:1.92%;--awb-width-small:100%;--awb-spacing-right-small:1.92%;--awb-spacing-left-small:1.92%;\"><div class=\"fusion-column-wrapper fusion-flex-justify-content-flex-start fusion-content-layout-column\"><div class=\"fusion-text fusion-text-4\"><div class=\"table-2\">\n<table width=\"100%\">\n<thead>\n<tr style=\"background-color: #aaa; font-weight: bold;\">\n<th align=\"left\">Denominaci\u00f3n<\/th>\n<th style=\"text-align: center;\" align=\"left\">Marco de Referencia<\/th>\n<th style=\"text-align: center;\" align=\"left\">Diploma de Espa\u00f1ol<br \/>\nDELE<\/th>\n<th style=\"text-align: center;\" align=\"left\">Total horas<\/th>\n<\/tr>\n<\/thead>\n<tbody>\n<tr>\n<td style=\"text-align: left;\">Perfeccionamiento<\/td>\n<td style=\"text-align: center;\"><strong>C2<\/strong><\/td>\n<td>Diploma <strong>DELE C2<\/strong> (Superior)<\/td>\n<td style=\"text-align: center;\">160 -200<\/td>\n<\/tr>\n<tr>\n<td style=\"text-align: left;\">Avanzado II Alto<br \/>\nAvanzado II<\/td>\n<td style=\"text-align: center;\"><strong>C1<\/strong><\/td>\n<td>Diploma <strong>DELE C1<\/strong> (Avanzado)<\/td>\n<td style=\"text-align: center;\">60 &#8211; 100<br \/>\n60 &#8211; 100<\/td>\n<\/tr>\n<tr>\n<td style=\"text-align: left;\">Avanzado I Alto<br \/>\nAvanzado I<br \/>\nPre-avanzado<\/td>\n<td style=\"text-align: center;\"><strong>B2<\/strong><\/td>\n<td>Diploma <strong>DELE B2<\/strong> (Intermedio)<\/td>\n<td style=\"text-align: center;\">60 &#8211; 100<br \/>\n60 &#8211; 100<\/td>\n<\/tr>\n<tr>\n<td style=\"text-align: left;\">Intermedio III<br \/>\nIntermedio II<br \/>\nIntermedio I<\/td>\n<td style=\"text-align: center;\"><strong>B1<\/strong><\/td>\n<td>Diploma B1 (Inicial)<\/td>\n<td style=\"text-align: center;\">60 &#8211; 120<br \/>\n60 &#8211; 80<\/td>\n<\/tr>\n<tr>\n<td style=\"text-align: left;\">Pre-intermedio<\/td>\n<td style=\"text-align: center;\"><strong>A2<\/strong><\/td>\n<td>Diploma de espa\u00f1ol <strong>DELE A2<\/strong><\/td>\n<td style=\"text-align: center;\">40 &#8211; 60<\/td>\n<\/tr>\n<tr>\n<td style=\"text-align: left;\">Elemental medio<\/td>\n<td style=\"text-align: center;\">&nbsp;<\/td>\n<td>&nbsp;<\/td>\n<td style=\"text-align: center;\">40<\/td>\n<\/tr>\n<tr>\n<td style=\"text-align: left;\">Elemental<\/td>\n<td>&nbsp;<\/td>\n<td>Diploma de espa\u00f1ol <strong>DELE A1<\/strong><\/td>\n<td style=\"text-align: center;\">40 &#8211; 60<\/td>\n<\/tr>\n<tr>\n<td style=\"text-align: left;\">Principiante<\/td>\n<td style=\"text-align: center;\"><strong>A1<\/strong><\/td>\n<td>&nbsp;<\/td>\n<td style=\"text-align: center;\">40<\/td>\n<\/tr>\n<\/tbody>\n<\/table>\n<\/div>\n<\/div><div class=\"fusion-text fusion-text-5\"><p><small><em>Como no hay dos alumnos que desarrollen sus habilidades ling\u00fc\u00edsticas de la misma manera y al mismo ritmo, es dif\u00edcil definir la cantidad exacta de tiempo que se necesita para alcanzar cada nivel. La Asociaci\u00f3n de Examinadores de Lenguas de Europa (ALTE \u2013 Association of Language Testers of Europe) nos proporciona una gu\u00eda sobre el n\u00famero de horas lectivas para satisfacer los objetivos de cada nivel del MCE (Marco Com\u00fan Europeo).<\/em><\/small><\/p>\n<\/div><\/div><\/div><div class=\"fusion-layout-column fusion_builder_column fusion-builder-column-5 fusion_builder_column_1_1 1_1 fusion-flex-column fusion-flex-align-self-flex-start fusion-column-no-min-height\" style=\"--awb-bg-size:cover;--awb-width-large:100%;--awb-margin-top-large:0px;--awb-spacing-right-large:1.92%;--awb-margin-bottom-large:0px;--awb-spacing-left-large:1.92%;--awb-width-medium:100%;--awb-spacing-right-medium:1.92%;--awb-spacing-left-medium:1.92%;--awb-width-small:100%;--awb-spacing-right-small:1.92%;--awb-spacing-left-small:1.92%;\"><div class=\"fusion-column-wrapper fusion-flex-justify-content-flex-start fusion-content-layout-column\"><div class=\"fusion-text fusion-text-6\"><p><div class=\"fusion-text fusion-text-6\"><\/div><!--more--><\/p>\n<\/div><\/div><\/div><\/div><\/div>\n","protected":false},"excerpt":{"rendered":"","protected":false},"author":1,"featured_media":0,"parent":0,"menu_order":0,"comment_status":"closed","ping_status":"closed","template":"","meta":{"ngg_post_thumbnail":0,"footnotes":""},"class_list":["post-3154","page","type-page","status-publish","hentry"],"_links":{"self":[{"href":"https:\/\/cocolingua.com\/es\/wp-json\/wp\/v2\/pages\/3154","targetHints":{"allow":["GET"]}}],"collection":[{"href":"https:\/\/cocolingua.com\/es\/wp-json\/wp\/v2\/pages"}],"about":[{"href":"https:\/\/cocolingua.com\/es\/wp-json\/wp\/v2\/types\/page"}],"author":[{"embeddable":true,"href":"https:\/\/cocolingua.com\/es\/wp-json\/wp\/v2\/users\/1"}],"replies":[{"embeddable":true,"href":"https:\/\/cocolingua.com\/es\/wp-json\/wp\/v2\/comments?post=3154"}],"version-history":[{"count":20,"href":"https:\/\/cocolingua.com\/es\/wp-json\/wp\/v2\/pages\/3154\/revisions"}],"predecessor-version":[{"id":18959,"href":"https:\/\/cocolingua.com\/es\/wp-json\/wp\/v2\/pages\/3154\/revisions\/18959"}],"wp:attachment":[{"href":"https:\/\/cocolingua.com\/es\/wp-json\/wp\/v2\/media?parent=3154"}],"curies":[{"name":"wp","href":"https:\/\/api.w.org\/{rel}","templated":true}]}}