{"id":18615,"date":"2024-07-17T17:22:32","date_gmt":"2024-07-17T17:22:32","guid":{"rendered":"https:\/\/cocolingua.com\/?page_id=18615"},"modified":"2025-08-25T12:54:52","modified_gmt":"2025-08-25T12:54:52","slug":"herunterladbares-material","status":"publish","type":"page","link":"https:\/\/cocolingua.com\/de\/herunterladbares-material\/","title":{"rendered":"herunterladbares Material"},"content":{"rendered":"<p><div class=\"fusion-fullwidth fullwidth-box fusion-builder-row-1 fusion-flex-container has-pattern-background has-mask-background nonhundred-percent-fullwidth non-hundred-percent-height-scrolling\" style=\"--awb-border-sizes-bottom:1px;--awb-border-color:var(--awb-color5);--awb-border-radius-top-left:0px;--awb-border-radius-top-right:0px;--awb-border-radius-bottom-right:0px;--awb-border-radius-bottom-left:0px;--awb-padding-top:20px;--awb-padding-bottom:20px;--awb-margin-top:30px;--awb-margin-bottom:30px;--awb-flex-wrap:wrap;\" ><div class=\"fusion-builder-row fusion-row fusion-flex-align-items-center fusion-flex-content-wrap\" style=\"max-width:1144px;margin-left: calc(-4% \/ 2 );margin-right: calc(-4% \/ 2 );\"><div class=\"fusion-layout-column fusion_builder_column fusion-builder-column-0 fusion_builder_column_1_3 1_3 fusion-flex-column\" style=\"--awb-bg-size:cover;--awb-width-large:33.333333333333%;--awb-margin-top-large:0px;--awb-spacing-right-large:5.76%;--awb-margin-bottom-large:20px;--awb-spacing-left-large:5.76%;--awb-width-medium:100%;--awb-order-medium:0;--awb-spacing-right-medium:1.92%;--awb-spacing-left-medium:1.92%;--awb-width-small:100%;--awb-order-small:0;--awb-spacing-right-small:1.92%;--awb-spacing-left-small:1.92%;\"><div class=\"fusion-column-wrapper fusion-column-has-shadow fusion-flex-justify-content-flex-start fusion-content-layout-column\"><div class=\"fusion-image-element \" style=\"--awb-caption-title-font-family:var(--h2_typography-font-family);--awb-caption-title-font-weight:var(--h2_typography-font-weight);--awb-caption-title-font-style:var(--h2_typography-font-style);--awb-caption-title-size:var(--h2_typography-font-size);--awb-caption-title-transform:var(--h2_typography-text-transform);--awb-caption-title-line-height:var(--h2_typography-line-height);--awb-caption-title-letter-spacing:var(--h2_typography-letter-spacing);\"><span class=\" fusion-imageframe imageframe-none imageframe-1 hover-type-none\"><img decoding=\"async\" width=\"789\" height=\"474\" alt=\"Bildungsurlaub Lanzarote und Online\" title=\"ULTIMATIVE-ANLEITUNG-BILDUNGSURLAUB-pdf-08-25-2025_02_14_PM\" src=\"https:\/\/cocolingua.com\/wp-content\/uploads\/2025\/08\/ULTIMATIVE-ANLEITUNG-BILDUNGSURLAUB-pdf-08-25-2025_02_14_PM.png\" data-orig-src=\"https:\/\/cocolingua.com\/wp-content\/uploads\/2025\/08\/ULTIMATIVE-ANLEITUNG-BILDUNGSURLAUB-pdf-08-25-2025_02_14_PM.png\" class=\"lazyload img-responsive wp-image-19769\" srcset=\"data:image\/svg+xml,%3Csvg%20xmlns%3D%27http%3A%2F%2Fwww.w3.org%2F2000%2Fsvg%27%20width%3D%27789%27%20height%3D%27474%27%20viewBox%3D%270%200%20789%20474%27%3E%3Crect%20width%3D%27789%27%20height%3D%27474%27%20fill-opacity%3D%220%22%2F%3E%3C%2Fsvg%3E\" data-srcset=\"https:\/\/cocolingua.com\/wp-content\/uploads\/2025\/08\/ULTIMATIVE-ANLEITUNG-BILDUNGSURLAUB-pdf-08-25-2025_02_14_PM-200x120.png 200w, https:\/\/cocolingua.com\/wp-content\/uploads\/2025\/08\/ULTIMATIVE-ANLEITUNG-BILDUNGSURLAUB-pdf-08-25-2025_02_14_PM-400x240.png 400w, https:\/\/cocolingua.com\/wp-content\/uploads\/2025\/08\/ULTIMATIVE-ANLEITUNG-BILDUNGSURLAUB-pdf-08-25-2025_02_14_PM-600x360.png 600w, https:\/\/cocolingua.com\/wp-content\/uploads\/2025\/08\/ULTIMATIVE-ANLEITUNG-BILDUNGSURLAUB-pdf-08-25-2025_02_14_PM.png 789w\" data-sizes=\"auto\" data-orig-sizes=\"(max-width: 1024px) 100vw, (max-width: 640px) 100vw, 400px\" \/><\/span><\/div><\/div><\/div><div class=\"fusion-layout-column fusion_builder_column fusion-builder-column-1 fusion_builder_column_2_3 2_3 fusion-flex-column\" style=\"--awb-bg-size:cover;--awb-width-large:66.666666666667%;--awb-margin-top-large:0px;--awb-spacing-right-large:2.88%;--awb-margin-bottom-large:20px;--awb-spacing-left-large:2.88%;--awb-width-medium:100%;--awb-order-medium:0;--awb-spacing-right-medium:1.92%;--awb-spacing-left-medium:1.92%;--awb-width-small:100%;--awb-order-small:0;--awb-spacing-right-small:1.92%;--awb-spacing-left-small:1.92%;\"><div class=\"fusion-column-wrapper fusion-column-has-shadow fusion-flex-justify-content-flex-start fusion-content-layout-column\"><div class=\"fusion-text fusion-text-1\"><p>M\u00f6chtest du mehr \u00fcber den <a href=\"https:\/\/cocolingua.com\/de\/bildungsurlaub-lanzarote-vor-ort\/\">Bildungsurlaub vor Ort in Lanzarote<\/a> oder den <a href=\"https:\/\/cocolingua.com\/de\/bildungsurlaub-spanisch-online\/\">Bildungsurlaub online<\/a> erfahren? Wir haben hier einen Leitfaden erstellt, den du kostenlos herunterladen kannst.<\/p>\n<h3>KOSTENLOS HERUNTERLADEN:&nbsp;<\/h3>\n<p>&nbsp;<\/p>\n<h3><strong>\ud83d\udc49&nbsp;<a href=\"https:\/\/cocolingua.com\/wp-content\/uploads\/2025\/08\/ULTIMATIVE-ANLEITUNG-BILDUNGSURLAUB.pdf-1.pdf\">LEITFADEN Bildungsurlaub vor Ort in Lanzarote und Bildungsurlaub online<\/a><\/strong><\/h3>\n<p>&nbsp;<\/p>\n<p>Ebenfalls kannst du mehr in unserem letzten Blog-Beitrag<a href=\"https:\/\/cocolingua.com\/de\/bildungsurlaub-vor-ort-oder-online-was-passt-besser-zu-ihnen\/\"> &#8222;Bildungsurlaub online vs. Bildungsurlaub vor Ort&#8220;<\/a> erfahren, wenn du weitere Entscheidungshilfen brauchst.<\/p>\n<\/div><\/div><\/div><\/div><\/div><div class=\"fusion-fullwidth fullwidth-box fusion-builder-row-2 fusion-flex-container has-pattern-background has-mask-background nonhundred-percent-fullwidth non-hundred-percent-height-scrolling\" style=\"--awb-border-sizes-bottom:1px;--awb-border-color:var(--awb-color5);--awb-border-radius-top-left:0px;--awb-border-radius-top-right:0px;--awb-border-radius-bottom-right:0px;--awb-border-radius-bottom-left:0px;--awb-padding-top:20px;--awb-padding-bottom:20px;--awb-margin-top:30px;--awb-margin-bottom:30px;--awb-flex-wrap:wrap;\" ><div class=\"fusion-builder-row fusion-row fusion-flex-align-items-center fusion-flex-content-wrap\" style=\"max-width:1144px;margin-left: calc(-4% \/ 2 );margin-right: calc(-4% \/ 2 );\"><div class=\"fusion-layout-column fusion_builder_column fusion-builder-column-2 fusion_builder_column_1_3 1_3 fusion-flex-column\" style=\"--awb-bg-size:cover;--awb-width-large:33.333333333333%;--awb-margin-top-large:0px;--awb-spacing-right-large:5.76%;--awb-margin-bottom-large:20px;--awb-spacing-left-large:5.76%;--awb-width-medium:100%;--awb-order-medium:0;--awb-spacing-right-medium:1.92%;--awb-spacing-left-medium:1.92%;--awb-width-small:100%;--awb-order-small:0;--awb-spacing-right-small:1.92%;--awb-spacing-left-small:1.92%;\"><div class=\"fusion-column-wrapper fusion-column-has-shadow fusion-flex-justify-content-flex-start fusion-content-layout-column\"><div class=\"fusion-image-element \" style=\"--awb-caption-title-font-family:var(--h2_typography-font-family);--awb-caption-title-font-weight:var(--h2_typography-font-weight);--awb-caption-title-font-style:var(--h2_typography-font-style);--awb-caption-title-size:var(--h2_typography-font-size);--awb-caption-title-transform:var(--h2_typography-text-transform);--awb-caption-title-line-height:var(--h2_typography-line-height);--awb-caption-title-letter-spacing:var(--h2_typography-letter-spacing);\"><span class=\" fusion-imageframe imageframe-none imageframe-2 hover-type-none\"><a class=\"fusion-no-lightbox\" href=\"https:\/\/cocolingua.com\/wp-content\/uploads\/2024\/07\/Vocabulario-viajes-Taster.pdf\" target=\"_blank\" aria-label=\"Captura de pantalla 2024-07-17 a las 17.54.52\" rel=\"noopener noreferrer\"><img decoding=\"async\" width=\"1024\" height=\"572\" alt=\"vocabulario viajes\" src=\"https:\/\/cocolingua.com\/wp-content\/uploads\/2024\/07\/Captura-de-pantalla-2024-07-17-a-las-17.54.52.png\" data-orig-src=\"https:\/\/cocolingua.com\/wp-content\/uploads\/2024\/07\/Captura-de-pantalla-2024-07-17-a-las-17.54.52-1024x572.png\" class=\"lazyload img-responsive wp-image-18603\" srcset=\"data:image\/svg+xml,%3Csvg%20xmlns%3D%27http%3A%2F%2Fwww.w3.org%2F2000%2Fsvg%27%20width%3D%271628%27%20height%3D%27910%27%20viewBox%3D%270%200%201628%20910%27%3E%3Crect%20width%3D%271628%27%20height%3D%27910%27%20fill-opacity%3D%220%22%2F%3E%3C%2Fsvg%3E\" data-srcset=\"https:\/\/cocolingua.com\/wp-content\/uploads\/2024\/07\/Captura-de-pantalla-2024-07-17-a-las-17.54.52-200x112.png 200w, https:\/\/cocolingua.com\/wp-content\/uploads\/2024\/07\/Captura-de-pantalla-2024-07-17-a-las-17.54.52-400x224.png 400w, https:\/\/cocolingua.com\/wp-content\/uploads\/2024\/07\/Captura-de-pantalla-2024-07-17-a-las-17.54.52-600x335.png 600w, https:\/\/cocolingua.com\/wp-content\/uploads\/2024\/07\/Captura-de-pantalla-2024-07-17-a-las-17.54.52-800x447.png 800w, https:\/\/cocolingua.com\/wp-content\/uploads\/2024\/07\/Captura-de-pantalla-2024-07-17-a-las-17.54.52-1200x671.png 1200w, https:\/\/cocolingua.com\/wp-content\/uploads\/2024\/07\/Captura-de-pantalla-2024-07-17-a-las-17.54.52.png 1628w\" data-sizes=\"auto\" data-orig-sizes=\"(max-width: 1024px) 100vw, (max-width: 640px) 100vw, 400px\" \/><\/a><\/span><\/div><\/div><\/div><div class=\"fusion-layout-column fusion_builder_column fusion-builder-column-3 fusion_builder_column_2_3 2_3 fusion-flex-column\" style=\"--awb-bg-size:cover;--awb-width-large:66.666666666667%;--awb-margin-top-large:0px;--awb-spacing-right-large:2.88%;--awb-margin-bottom-large:20px;--awb-spacing-left-large:2.88%;--awb-width-medium:100%;--awb-order-medium:0;--awb-spacing-right-medium:1.92%;--awb-spacing-left-medium:1.92%;--awb-width-small:100%;--awb-order-small:0;--awb-spacing-right-small:1.92%;--awb-spacing-left-small:1.92%;\"><div class=\"fusion-column-wrapper fusion-column-has-shadow fusion-flex-justify-content-flex-start fusion-content-layout-column\"><div class=\"fusion-text fusion-text-2\"><p class=\"western\"><span lang=\"de-DE\"><b>Reise Vokabeln \u2013 Mittelstufe<\/b><\/span><\/p>\n<p class=\"western\"><span lang=\"de-DE\">Sammlung von wichtige Begrifffe und S\u00e4tze, die auf keiner Reise fehlen d\u00fcrfen:<\/span><\/p>\n<h3><strong>\ud83d\udc49&nbsp;<a href=\"https:\/\/cocolingua.com\/wp-content\/uploads\/2024\/07\/Vocabulario-viajes-Taster.pdf\">Vocabulario-viajes<\/a><\/strong><\/h3>\n<p>&nbsp;<\/p>\n<p class=\"western\"><span lang=\"de-DE\">Nachfolgend finden Sie einen Vorgeschmack n\u00fctzlicher S\u00e4tze, mit denen Sie mit der Reiseplanung beginnen k\u00f6nnen. <\/span><\/p>\n<p class=\"western\"><span lang=\"de-DE\">Wenn Sie daran interessiert sind, die Erg\u00e4nzung zu diesem Material zu erhalten, buchen Sie unter dem folgenden Link <\/span><span style=\"color: #0000ff;\"><u><a href=\"https:\/\/cocolingua.com\/de\/spanisch-lernen-online-kostenlos\/\"><span lang=\"de-DE\">https:\/\/cocolingua.com\/de\/spanisch-lernen-online-kostenlos\/<\/span><\/a><\/u><\/span><span lang=\"de-DE\"> eine kostenlose Unterrichtsstunde&#8230; und teilen Sie uns mit, welche Interessen Sie an der spanischen Kultur haben.<\/span><\/p>\n<\/div><\/div><\/div><\/div><\/div><div class=\"fusion-fullwidth fullwidth-box fusion-builder-row-3 fusion-flex-container has-pattern-background has-mask-background nonhundred-percent-fullwidth non-hundred-percent-height-scrolling\" style=\"--awb-border-sizes-bottom:1px;--awb-border-color:var(--awb-color5);--awb-border-radius-top-left:0px;--awb-border-radius-top-right:0px;--awb-border-radius-bottom-right:0px;--awb-border-radius-bottom-left:0px;--awb-padding-top:20px;--awb-padding-bottom:20px;--awb-margin-top:30px;--awb-margin-bottom:30px;--awb-flex-wrap:wrap;\" ><div class=\"fusion-builder-row fusion-row fusion-flex-align-items-center fusion-flex-content-wrap\" style=\"max-width:1144px;margin-left: calc(-4% \/ 2 );margin-right: calc(-4% \/ 2 );\"><div class=\"fusion-layout-column fusion_builder_column fusion-builder-column-4 fusion_builder_column_1_3 1_3 fusion-flex-column\" style=\"--awb-bg-size:cover;--awb-width-large:33.333333333333%;--awb-margin-top-large:0px;--awb-spacing-right-large:5.76%;--awb-margin-bottom-large:20px;--awb-spacing-left-large:5.76%;--awb-width-medium:100%;--awb-order-medium:0;--awb-spacing-right-medium:1.92%;--awb-spacing-left-medium:1.92%;--awb-width-small:100%;--awb-order-small:0;--awb-spacing-right-small:1.92%;--awb-spacing-left-small:1.92%;\"><div class=\"fusion-column-wrapper fusion-column-has-shadow fusion-flex-justify-content-flex-start fusion-content-layout-column\"><div class=\"fusion-image-element \" style=\"--awb-caption-title-font-family:var(--h2_typography-font-family);--awb-caption-title-font-weight:var(--h2_typography-font-weight);--awb-caption-title-font-style:var(--h2_typography-font-style);--awb-caption-title-size:var(--h2_typography-font-size);--awb-caption-title-transform:var(--h2_typography-text-transform);--awb-caption-title-line-height:var(--h2_typography-line-height);--awb-caption-title-letter-spacing:var(--h2_typography-letter-spacing);\"><span class=\" fusion-imageframe imageframe-none imageframe-3 hover-type-none\"><a class=\"fusion-no-lightbox\" href=\"https:\/\/cocolingua.com\/wp-content\/uploads\/2021\/07\/reto-veraniego.pdf\" target=\"_blank\" aria-label=\"Reto veraniego\" rel=\"noopener noreferrer\"><img decoding=\"async\" width=\"1024\" height=\"732\" alt=\"reto veraniego\" src=\"https:\/\/cocolingua.com\/wp-content\/uploads\/2021\/07\/reto-blog-01.png\" data-orig-src=\"https:\/\/cocolingua.com\/wp-content\/uploads\/2021\/07\/reto-blog-01-1024x732.png\" class=\"lazyload img-responsive wp-image-11192\" srcset=\"data:image\/svg+xml,%3Csvg%20xmlns%3D%27http%3A%2F%2Fwww.w3.org%2F2000%2Fsvg%27%20width%3D%271240%27%20height%3D%27886%27%20viewBox%3D%270%200%201240%20886%27%3E%3Crect%20width%3D%271240%27%20height%3D%27886%27%20fill-opacity%3D%220%22%2F%3E%3C%2Fsvg%3E\" data-srcset=\"https:\/\/cocolingua.com\/wp-content\/uploads\/2021\/07\/reto-blog-01-200x143.png 200w, https:\/\/cocolingua.com\/wp-content\/uploads\/2021\/07\/reto-blog-01-400x286.png 400w, https:\/\/cocolingua.com\/wp-content\/uploads\/2021\/07\/reto-blog-01-600x429.png 600w, https:\/\/cocolingua.com\/wp-content\/uploads\/2021\/07\/reto-blog-01-800x572.png 800w, https:\/\/cocolingua.com\/wp-content\/uploads\/2021\/07\/reto-blog-01-1200x857.png 1200w, https:\/\/cocolingua.com\/wp-content\/uploads\/2021\/07\/reto-blog-01.png 1240w\" data-sizes=\"auto\" data-orig-sizes=\"(max-width: 1024px) 100vw, (max-width: 640px) 100vw, 400px\" \/><\/a><\/span><\/div><\/div><\/div><div class=\"fusion-layout-column fusion_builder_column fusion-builder-column-5 fusion_builder_column_2_3 2_3 fusion-flex-column\" style=\"--awb-bg-size:cover;--awb-width-large:66.666666666667%;--awb-margin-top-large:0px;--awb-spacing-right-large:2.88%;--awb-margin-bottom-large:20px;--awb-spacing-left-large:2.88%;--awb-width-medium:100%;--awb-order-medium:0;--awb-spacing-right-medium:1.92%;--awb-spacing-left-medium:1.92%;--awb-width-small:100%;--awb-order-small:0;--awb-spacing-right-small:1.92%;--awb-spacing-left-small:1.92%;\"><div class=\"fusion-column-wrapper fusion-column-has-shadow fusion-flex-justify-content-flex-start fusion-content-layout-column\"><div class=\"fusion-text fusion-text-3\"><h3>LADEN SIE DIE HERAUSFORDERUNG KOSTENLOS HERUNTER<\/h3>\n<p>&nbsp;<\/p>\n<h3><strong>\ud83d\udc49&nbsp;<a href=\"https:\/\/cocolingua.com\/wp-content\/uploads\/2021\/07\/reto-veraniego.pdf\">Cocolingua Summer Challenge<\/a><\/strong><\/h3>\n<\/div><\/div><\/div><\/div><\/div><div class=\"fusion-fullwidth fullwidth-box fusion-builder-row-4 fusion-flex-container has-pattern-background has-mask-background nonhundred-percent-fullwidth non-hundred-percent-height-scrolling\" style=\"--awb-border-sizes-bottom:1px;--awb-border-color:var(--awb-color5);--awb-border-radius-top-left:0px;--awb-border-radius-top-right:0px;--awb-border-radius-bottom-right:0px;--awb-border-radius-bottom-left:0px;--awb-padding-top:20px;--awb-padding-bottom:20px;--awb-margin-top:30px;--awb-margin-bottom:30px;--awb-flex-wrap:wrap;\" ><div class=\"fusion-builder-row fusion-row fusion-flex-align-items-center fusion-flex-content-wrap\" style=\"max-width:1144px;margin-left: calc(-4% \/ 2 );margin-right: calc(-4% \/ 2 );\"><div class=\"fusion-layout-column fusion_builder_column fusion-builder-column-6 fusion_builder_column_1_3 1_3 fusion-flex-column\" style=\"--awb-bg-size:cover;--awb-width-large:33.333333333333%;--awb-margin-top-large:0px;--awb-spacing-right-large:5.76%;--awb-margin-bottom-large:20px;--awb-spacing-left-large:5.76%;--awb-width-medium:100%;--awb-order-medium:0;--awb-spacing-right-medium:1.92%;--awb-spacing-left-medium:1.92%;--awb-width-small:100%;--awb-order-small:0;--awb-spacing-right-small:1.92%;--awb-spacing-left-small:1.92%;\"><div class=\"fusion-column-wrapper fusion-column-has-shadow fusion-flex-justify-content-flex-start fusion-content-layout-column\"><div class=\"fusion-image-element \" style=\"--awb-caption-title-font-family:var(--h2_typography-font-family);--awb-caption-title-font-weight:var(--h2_typography-font-weight);--awb-caption-title-font-style:var(--h2_typography-font-style);--awb-caption-title-size:var(--h2_typography-font-size);--awb-caption-title-transform:var(--h2_typography-text-transform);--awb-caption-title-line-height:var(--h2_typography-line-height);--awb-caption-title-letter-spacing:var(--h2_typography-letter-spacing);\"><span class=\" fusion-imageframe imageframe-none imageframe-4 hover-type-none\"><a class=\"fusion-no-lightbox\" href=\"https:\/\/cocolingua.com\/wp-content\/uploads\/2021\/05\/Spanish-for-expats-.pdf\" target=\"_blank\" aria-label=\"expats guide-09-09\" rel=\"noopener noreferrer\"><img decoding=\"async\" width=\"886\" height=\"886\" alt=\"spanish for expats\" src=\"https:\/\/cocolingua.com\/wp-content\/uploads\/2021\/05\/expats-guide-09-09.png\" data-orig-src=\"https:\/\/cocolingua.com\/wp-content\/uploads\/2021\/05\/expats-guide-09-09.png\" class=\"lazyload img-responsive wp-image-11093\" srcset=\"data:image\/svg+xml,%3Csvg%20xmlns%3D%27http%3A%2F%2Fwww.w3.org%2F2000%2Fsvg%27%20width%3D%27886%27%20height%3D%27886%27%20viewBox%3D%270%200%20886%20886%27%3E%3Crect%20width%3D%27886%27%20height%3D%27886%27%20fill-opacity%3D%220%22%2F%3E%3C%2Fsvg%3E\" data-srcset=\"https:\/\/cocolingua.com\/wp-content\/uploads\/2021\/05\/expats-guide-09-09-200x200.png 200w, https:\/\/cocolingua.com\/wp-content\/uploads\/2021\/05\/expats-guide-09-09-400x400.png 400w, https:\/\/cocolingua.com\/wp-content\/uploads\/2021\/05\/expats-guide-09-09-600x600.png 600w, https:\/\/cocolingua.com\/wp-content\/uploads\/2021\/05\/expats-guide-09-09-800x800.png 800w, https:\/\/cocolingua.com\/wp-content\/uploads\/2021\/05\/expats-guide-09-09.png 886w\" data-sizes=\"auto\" data-orig-sizes=\"(max-width: 1024px) 100vw, (max-width: 640px) 100vw, 400px\" \/><\/a><\/span><\/div><\/div><\/div><div class=\"fusion-layout-column fusion_builder_column fusion-builder-column-7 fusion_builder_column_2_3 2_3 fusion-flex-column\" style=\"--awb-bg-size:cover;--awb-width-large:66.666666666667%;--awb-margin-top-large:0px;--awb-spacing-right-large:2.88%;--awb-margin-bottom-large:20px;--awb-spacing-left-large:2.88%;--awb-width-medium:100%;--awb-order-medium:0;--awb-spacing-right-medium:1.92%;--awb-spacing-left-medium:1.92%;--awb-width-small:100%;--awb-order-small:0;--awb-spacing-right-small:1.92%;--awb-spacing-left-small:1.92%;\"><div class=\"fusion-column-wrapper fusion-column-has-shadow fusion-flex-justify-content-flex-start fusion-content-layout-column\"><div class=\"fusion-text fusion-text-4\"><h3>KOSTENLOS HERUNTERLADEN:&nbsp;<\/h3>\n<p>&nbsp;<\/p>\n<h3><strong>\ud83d\udc49&nbsp;<a href=\"https:\/\/cocolingua.com\/wp-content\/uploads\/2021\/05\/Spanish-for-expats-.pdf\">LEITFADEN Spanisch f\u00fcr Expats<\/a><\/strong><\/h3>\n<\/div><\/div><\/div><\/div><\/div><\/p>\n","protected":false},"excerpt":{"rendered":"","protected":false},"author":2,"featured_media":0,"parent":0,"menu_order":0,"comment_status":"closed","ping_status":"closed","template":"","meta":{"ngg_post_thumbnail":0,"footnotes":""},"class_list":["post-18615","page","type-page","status-publish","hentry"],"_links":{"self":[{"href":"https:\/\/cocolingua.com\/de\/wp-json\/wp\/v2\/pages\/18615","targetHints":{"allow":["GET"]}}],"collection":[{"href":"https:\/\/cocolingua.com\/de\/wp-json\/wp\/v2\/pages"}],"about":[{"href":"https:\/\/cocolingua.com\/de\/wp-json\/wp\/v2\/types\/page"}],"author":[{"embeddable":true,"href":"https:\/\/cocolingua.com\/de\/wp-json\/wp\/v2\/users\/2"}],"replies":[{"embeddable":true,"href":"https:\/\/cocolingua.com\/de\/wp-json\/wp\/v2\/comments?post=18615"}],"version-history":[{"count":14,"href":"https:\/\/cocolingua.com\/de\/wp-json\/wp\/v2\/pages\/18615\/revisions"}],"predecessor-version":[{"id":19795,"href":"https:\/\/cocolingua.com\/de\/wp-json\/wp\/v2\/pages\/18615\/revisions\/19795"}],"wp:attachment":[{"href":"https:\/\/cocolingua.com\/de\/wp-json\/wp\/v2\/media?parent=18615"}],"curies":[{"name":"wp","href":"https:\/\/api.w.org\/{rel}","templated":true}]}}