{"id":13848,"date":"2018-09-27T19:52:42","date_gmt":"2018-09-27T19:52:42","guid":{"rendered":"https:\/\/cocolingua.com\/kundenbewertungen\/"},"modified":"2025-11-19T09:29:49","modified_gmt":"2025-11-19T09:29:49","slug":"kundenbewertungen","status":"publish","type":"page","link":"https:\/\/cocolingua.com\/de\/kundenbewertungen\/","title":{"rendered":"Kundenbewertungen"},"content":{"rendered":"<div class=\"fusion-fullwidth fullwidth-box fusion-builder-row-1 fusion-flex-container nonhundred-percent-fullwidth non-hundred-percent-height-scrolling\" style=\"--awb-border-radius-top-left:0px;--awb-border-radius-top-right:0px;--awb-border-radius-bottom-right:0px;--awb-border-radius-bottom-left:0px;--awb-flex-wrap:wrap;\" ><div class=\"fusion-builder-row fusion-row fusion-flex-align-items-flex-start fusion-flex-content-wrap\" style=\"max-width:1144px;margin-left: calc(-4% \/ 2 );margin-right: calc(-4% \/ 2 );\"><div class=\"fusion-layout-column fusion_builder_column fusion-builder-column-0 fusion_builder_column_1_1 1_1 fusion-flex-column\" style=\"--awb-bg-size:cover;--awb-width-large:100%;--awb-margin-top-large:0px;--awb-spacing-right-large:1.92%;--awb-margin-bottom-large:0px;--awb-spacing-left-large:1.92%;--awb-width-medium:100%;--awb-spacing-right-medium:1.92%;--awb-spacing-left-medium:1.92%;--awb-width-small:100%;--awb-spacing-right-small:1.92%;--awb-spacing-left-small:1.92%;\"><div class=\"fusion-column-wrapper fusion-flex-justify-content-flex-start fusion-content-layout-column\"><div class=\"fusion-title title fusion-title-1 fusion-title-text fusion-title-size-two\" style=\"--awb-sep-color:#c9c9c9;\"><div class=\"title-sep-container title-sep-container-left fusion-no-large-visibility fusion-no-medium-visibility fusion-no-small-visibility\"><div class=\"title-sep sep-single sep-solid\" style=\"border-color:#c9c9c9;\"><\/div><\/div><span class=\"awb-title-spacer fusion-no-large-visibility fusion-no-medium-visibility fusion-no-small-visibility\"><\/span><h2 class=\"fusion-title-heading title-heading-left\" style=\"margin:0;\">Kundenbewertungen<\/h2><span class=\"awb-title-spacer\"><\/span><div class=\"title-sep-container title-sep-container-right\"><div class=\"title-sep sep-single sep-solid\" style=\"border-color:#c9c9c9;\"><\/div><\/div><\/div><div class=\"fusion-testimonials classic awb-speech-bubble-show fusion-testimonials-1\" style=\"--awb-textcolor:#747474;--awb-backgroundcolor:#f6f3f3;--awb-testimonial-border-style:solid;--awb-testimonial-border-color:var(--awb-color3);--awb-border-top-left-radius:0px;--awb-border-top-right-radius:0px;--awb-border-bottom-left-radius:0px;--awb-border-bottom-right-radius:0px;--testimonial-border-width-top:0px;--testimonial-border-width-right:0px;--testimonial-border-width-bottom:0px;--testimonial-border-width-left:0px;\" data-random=\"0\" data-speed=\"4000\"><div class=\"reviews\"><div class=\"review active-testimonial female\"><blockquote><div class=\"awb-quote\"><div class=\"awb-quote-content\">&#8222;Sehr nette kompetente Lehrer und top Organisation in einer zentral gelegenen Sprachschule. Kann ich nur weiterempfehlen!&#8220;<\/p>\n<\/div><\/div><span class=\"awb-triangle\"><\/span><\/blockquote><div class=\"author\"><span class=\"testimonial-thumbnail doe\"><\/span><span class=\"company-name\"><strong>- Barbara M\u00fcller - M\u00e4rz 2018<\/strong><\/span><\/div><\/div><div class=\"fusion-text fusion-text-1\"><\/div><\/div><\/div><div class=\"fusion-text fusion-text-2\"><\/div><div class=\"fusion-testimonials classic awb-speech-bubble-show fusion-testimonials-2\" style=\"--awb-textcolor:#747474;--awb-backgroundcolor:#f6f3f3;--awb-testimonial-border-style:solid;--awb-testimonial-border-color:var(--awb-color3);--awb-border-top-left-radius:0px;--awb-border-top-right-radius:0px;--awb-border-bottom-left-radius:0px;--awb-border-bottom-right-radius:0px;--testimonial-border-width-top:0px;--testimonial-border-width-right:0px;--testimonial-border-width-bottom:0px;--testimonial-border-width-left:0px;\" data-random=\"0\" data-speed=\"4000\"><div class=\"reviews\"><div class=\"review active-testimonial male\"><blockquote><div class=\"awb-quote\"><div class=\"awb-quote-content\">&#8222;Coco Lingual ist eine super Sprachschule. Sehr motivierte und freundliche Dozenten lehren Sprache. Die Lehrer sind stets bem\u00fcht dem Sch\u00fcler alle erforderlichen Kenntnisse f\u00fcr die neue Sprache zu vermitteln. Ein hervorragendes Lehrnklima mit einem sehr guten Ergebnis. Wir lernen 2x im Jahr Spanisch und k\u00f6nnen Coco jedem nur w\u00e4rmstens an Herz legen.&#8220;<\/p>\n<\/div><\/div><span class=\"awb-triangle\"><\/span><\/blockquote><div class=\"author\"><span class=\"testimonial-thumbnail doe\"><\/span><span class=\"company-name\"><strong>- Andreas Nehls - M\u00e4rz 2018<\/strong><\/span><\/div><\/div><\/div><\/div><div class=\"fusion-text fusion-text-3\"><\/div><div class=\"fusion-testimonials classic awb-speech-bubble-show fusion-testimonials-3\" style=\"--awb-textcolor:#747474;--awb-backgroundcolor:#f6f3f3;--awb-testimonial-border-style:solid;--awb-testimonial-border-color:var(--awb-color3);--awb-border-top-left-radius:0px;--awb-border-top-right-radius:0px;--awb-border-bottom-left-radius:0px;--awb-border-bottom-right-radius:0px;--testimonial-border-width-top:0px;--testimonial-border-width-right:0px;--testimonial-border-width-bottom:0px;--testimonial-border-width-left:0px;\" data-random=\"0\" data-speed=\"4000\"><div class=\"reviews\"><div class=\"review active-testimonial male\"><blockquote><div class=\"awb-quote\"><div class=\"awb-quote-content\">&#8222;Wir haben im Zuge eines Bildungsurlaubs einen Sprachkurs bei Co Co Lingua gebucht.<br \/>\nWir sind immer noch begeistert von der Professionalit\u00e4t und der herzlichen Art der Lehrer.<br \/>\nNat\u00fcrlich ist solch ein Kurs anspruchsvoll aber die Stunden vergingen im Fluge und wir werden im n\u00e4chsten Jahr wiederkommen.<br \/>\nNochmals vielen Dank an das ganze Co Co Team, ganz besonders an Elvia und Elisa!!!<\/p>\n<p>Hasta pronto<br \/>\nNorbert und Silvia&#8220;<\/p>\n<\/div><\/div><span class=\"awb-triangle\"><\/span><\/blockquote><div class=\"author\"><span class=\"testimonial-thumbnail doe\"><\/span><span class=\"company-name\"><strong>- Norbert Fr\u00f6mter - M\u00e4rz 2018<\/strong><\/span><\/div><\/div>\n<\/div><\/div><div class=\"fusion-testimonials classic awb-speech-bubble-show fusion-testimonials-4\" style=\"--awb-textcolor:#747474;--awb-backgroundcolor:#f6f3f3;--awb-testimonial-border-style:solid;--awb-testimonial-border-color:var(--awb-color3);--awb-border-top-left-radius:0px;--awb-border-top-right-radius:0px;--awb-border-bottom-left-radius:0px;--awb-border-bottom-right-radius:0px;--testimonial-border-width-top:0px;--testimonial-border-width-right:0px;--testimonial-border-width-bottom:0px;--testimonial-border-width-left:0px;\" data-random=\"0\" data-speed=\"4000\"><div class=\"reviews\"><div class=\"review active-testimonial female\"><blockquote><div class=\"awb-quote\"><div class=\"awb-quote-content\">&#8222;Sehr empfehlenswerte Sprachschule! Ich hatte bereits vor zwei Jahren einige Stunden gut gestalteten Einzelunterricht bei Elvia und habe dieses Jahr im Januar an einem zweiw\u00f6chigen Intensivkurs teilgenommen. Dem Lob von Tarik zur Organisation kann ich mich nur anschlie\u00dfen. Kursleiterin war Irene, die den Unterricht tadellos vorbereitet hatte; die Stunden waren abwechslungsreich, alle wichtigen Bereiche wie H\u00f6r- und Leseverst\u00e4ndnis, Grammatik, schriftliches und m\u00fcndliches Ausdrucksverm\u00f6gen wurden intensiv geschult. Irene verstand es auch hervorragend, innerhalb des Unterrichts die jeweils ben\u00f6tigten Lernschwerpunkte herauszufiltern und spontan daran zu arbeiten. Das Lernklima war immer gel\u00f6st und freundlich, der Unterricht hat sehr viel Spa\u00df gebracht und war gleichzeitig effektiv. Und Irene ist eine \u00e4u\u00dferst engagierte Lehrkraft. Anwenden konnte man das Gelernte dann unmittelbar bei den landeskundlichen und kulturellen Unternehmungen, die ebenfalls erstklassig organisiert waren.<br \/>\nDie Chance, auf Lanzarote Bildungsurlaub (auch auf h\u00f6herem Sprachniveau) machen zu k\u00f6nnen, ist nat\u00fcrlich etwas Besonderes. Wenn mann dann noch in angenehmer, entspannter und fr\u00f6hlicher Atmosph\u00e4re lernen kann und am Ende das Gef\u00fchl hat, sich sprachlich weiterentwickelt zu haben, hat die Sprachschule erstklassige Leistungen erbracht. In diesem Sinne vielen Dank an Elvia und Irene &#8211; wir sehen uns hoffentlich bald wieder!&#8220;<\/div><\/div><span class=\"awb-triangle\"><\/span><\/blockquote><div class=\"author\"><span class=\"testimonial-thumbnail doe\"><\/span><span class=\"company-name\"><strong>- Silke Iliev - Februar 2018<\/strong><\/span><\/div><\/div>\n<\/div><\/div><\/div><\/div><\/div><\/div>\n","protected":false},"excerpt":{"rendered":"","protected":false},"author":4,"featured_media":0,"parent":0,"menu_order":0,"comment_status":"closed","ping_status":"closed","template":"","meta":{"ngg_post_thumbnail":0,"footnotes":""},"class_list":["post-13848","page","type-page","status-publish","hentry"],"_links":{"self":[{"href":"https:\/\/cocolingua.com\/de\/wp-json\/wp\/v2\/pages\/13848","targetHints":{"allow":["GET"]}}],"collection":[{"href":"https:\/\/cocolingua.com\/de\/wp-json\/wp\/v2\/pages"}],"about":[{"href":"https:\/\/cocolingua.com\/de\/wp-json\/wp\/v2\/types\/page"}],"author":[{"embeddable":true,"href":"https:\/\/cocolingua.com\/de\/wp-json\/wp\/v2\/users\/4"}],"replies":[{"embeddable":true,"href":"https:\/\/cocolingua.com\/de\/wp-json\/wp\/v2\/comments?post=13848"}],"version-history":[{"count":1,"href":"https:\/\/cocolingua.com\/de\/wp-json\/wp\/v2\/pages\/13848\/revisions"}],"predecessor-version":[{"id":19981,"href":"https:\/\/cocolingua.com\/de\/wp-json\/wp\/v2\/pages\/13848\/revisions\/19981"}],"wp:attachment":[{"href":"https:\/\/cocolingua.com\/de\/wp-json\/wp\/v2\/media?parent=13848"}],"curies":[{"name":"wp","href":"https:\/\/api.w.org\/{rel}","templated":true}]}}