{"id":13813,"date":"2017-09-22T07:50:22","date_gmt":"2017-09-22T07:50:22","guid":{"rendered":"https:\/\/cocolingua.com\/b1-super-intensiv-spanischkurs-2010\/"},"modified":"2017-09-22T07:50:22","modified_gmt":"2017-09-22T07:50:22","slug":"b1-super-intensiv-spanischkurs-2010","status":"publish","type":"page","link":"https:\/\/cocolingua.com\/de\/b1-super-intensiv-spanischkurs-2010\/","title":{"rendered":"B1 Super-Intensiv-Spanischkurs 20+10"},"content":{"rendered":"<p><img decoding=\"async\" class=\"lazyload alignleft wp-image-4613\" src=\"https:\/\/cocolingua.com\/wp-content\/uploads\/2017\/09\/Excursion-Timanfaya-Co-Co-Lingua-Lanzarote-300x225.png\" data-orig-src=\"https:\/\/cocolingua.com\/wp-content\/uploads\/2017\/09\/Excursion-Timanfaya-Co-Co-Lingua-Lanzarote-300x225.png\" alt=\"Super-Intensive Spanish Course\" width=\"344\" height=\"258\" srcset=\"data:image\/svg+xml,%3Csvg%20xmlns%3D%27http%3A%2F%2Fwww.w3.org%2F2000%2Fsvg%27%20width%3D%27344%27%20height%3D%27258%27%20viewBox%3D%270%200%20344%20258%27%3E%3Crect%20width%3D%27344%27%20height%3D%27258%27%20fill-opacity%3D%220%22%2F%3E%3C%2Fsvg%3E\" data-srcset=\"https:\/\/cocolingua.com\/wp-content\/uploads\/2017\/09\/Excursion-Timanfaya-Co-Co-Lingua-Lanzarote-200x150.png 200w, https:\/\/cocolingua.com\/wp-content\/uploads\/2017\/09\/Excursion-Timanfaya-Co-Co-Lingua-Lanzarote-300x225.png 300w, https:\/\/cocolingua.com\/wp-content\/uploads\/2017\/09\/Excursion-Timanfaya-Co-Co-Lingua-Lanzarote-400x300.png 400w, https:\/\/cocolingua.com\/wp-content\/uploads\/2017\/09\/Excursion-Timanfaya-Co-Co-Lingua-Lanzarote-600x450.png 600w, https:\/\/cocolingua.com\/wp-content\/uploads\/2017\/09\/Excursion-Timanfaya-Co-Co-Lingua-Lanzarote-768x576.png 768w, https:\/\/cocolingua.com\/wp-content\/uploads\/2017\/09\/Excursion-Timanfaya-Co-Co-Lingua-Lanzarote-800x600.png 800w, https:\/\/cocolingua.com\/wp-content\/uploads\/2017\/09\/Excursion-Timanfaya-Co-Co-Lingua-Lanzarote-1024x768.png 1024w, https:\/\/cocolingua.com\/wp-content\/uploads\/2017\/09\/Excursion-Timanfaya-Co-Co-Lingua-Lanzarote-1200x900.png 1200w, https:\/\/cocolingua.com\/wp-content\/uploads\/2017\/09\/Excursion-Timanfaya-Co-Co-Lingua-Lanzarote.png 1500w\" data-sizes=\"auto\" data-orig-sizes=\"(max-width: 344px) 100vw, 344px\" \/><\/p>\n<p>&nbsp;<\/p>\n<p>Co Co Lingua bietet Ihnen eine vielseitige Auswahl an <strong>Spanisch-Kursen<\/strong>, die sich an den jeweiligen W\u00fcnschen und Bed\u00fcrfnissen von Anf\u00e4ngern oder Fortgeschrittenen orientieren.<\/p>\n<p>Kombi-Kurse, die neben Sprachunterricht ein Begleitprogramm mit Aktivit\u00e4ten wie z.B. Wandern, Gastronomie oder Wellness bieten, sowie Bildungsurlaub, Konversationskurse und Kurse f\u00fcr Residenten.<\/p>\n<p>&nbsp;<\/p>\n<p>&nbsp;<\/p>\n<p>&nbsp;<\/p>\n<p>Grammatik lernen ist in unserer kommunikativen Methode integriert. Wir konzentrieren uns auf die Dinge, die f\u00fcr unsere Sch\u00fcler am n\u00fctzlichsten sind.<\/p>\n<p>&nbsp;<\/p>\n<blockquote><p>Das Ziel ist, dass die Sch\u00fcler in die spanische Sprache und Kultur \u201eeintauchen\u201c kennenlernen, um m\u00f6glichst effektiv kommunizieren zu k\u00f6nnen.<\/p>\n<p>&nbsp;<\/p><\/blockquote>\n<p>&nbsp;<\/p>\n<p>&nbsp;<\/p>\n<p><img decoding=\"async\" class=\"lazyload aligncenter wp-image-3420 size-large\" src=\"https:\/\/cocolingua.com\/wp-content\/uploads\/2016\/08\/71-1024x403.jpg\" data-orig-src=\"https:\/\/cocolingua.com\/wp-content\/uploads\/2016\/08\/71-1024x403.jpg\" alt=\"Super-Intensive Spanish Course\" width=\"1024\" height=\"403\" srcset=\"data:image\/svg+xml,%3Csvg%20xmlns%3D%27http%3A%2F%2Fwww.w3.org%2F2000%2Fsvg%27%20width%3D%271024%27%20height%3D%27403%27%20viewBox%3D%270%200%201024%20403%27%3E%3Crect%20width%3D%271024%27%20height%3D%27403%27%20fill-opacity%3D%220%22%2F%3E%3C%2Fsvg%3E\" data-srcset=\"https:\/\/cocolingua.com\/wp-content\/uploads\/2016\/08\/71-200x79.jpg 200w, https:\/\/cocolingua.com\/wp-content\/uploads\/2016\/08\/71-300x118.jpg 300w, https:\/\/cocolingua.com\/wp-content\/uploads\/2016\/08\/71-400x157.jpg 400w, https:\/\/cocolingua.com\/wp-content\/uploads\/2016\/08\/71-600x236.jpg 600w, https:\/\/cocolingua.com\/wp-content\/uploads\/2016\/08\/71-768x302.jpg 768w, https:\/\/cocolingua.com\/wp-content\/uploads\/2016\/08\/71-800x315.jpg 800w, https:\/\/cocolingua.com\/wp-content\/uploads\/2016\/08\/71-1024x403.jpg 1024w, https:\/\/cocolingua.com\/wp-content\/uploads\/2016\/08\/71.jpg 1200w\" data-sizes=\"auto\" data-orig-sizes=\"(max-width: 1024px) 100vw, 1024px\" \/><\/p>\n<h4 style=\"text-align: right;\">Besteht aus 4 Unterrichtseinheiten (a 45 Min.) Spanischunterricht t\u00e4glich von Montag bis Freitag in Gruppen mit maximal 6 Sch\u00fclern.<\/h4>\n<h4 style=\"text-align: right;\">Der Kurs enth\u00e4lt auch 2 Extra-Veranstaltungen mit kulturellen Aktivit\u00e4ten als ideale Erg\u00e4nzung zum morgendlichen Sprachkurs.<\/h4>\n<h4>&nbsp;<\/h4>\n<blockquote><p><strong>B1 Niveau.<\/strong> Kann die Hauptpunkte verstehen, wenn klare Standardsprache verwendet wird und wenn es um vertraute Dinge aus Arbeit, Schule, Freizeit usw. geht. Kann die meisten Situationen bew\u00e4ltigen, denen man auf Reisen im Sprachgebiet begegnet.<\/p>\n<p>Kann sich einfach und zusammenh\u00e4ngend \u00fcber vertraute Themen und pers\u00f6nliche Interessengebiete \u00e4u\u00dfern. Kann \u00fcber Erfahrungen und Ereignisse berichten, Tr\u00e4ume, Hoffnungen und Ziele beschreiben und zu Pl\u00e4nen und Ansichten kurze Begr\u00fcndungen oder Erkl\u00e4rungen geben.<\/p><\/blockquote>\n<h4 style=\"text-align: right;\">&nbsp;<\/h4>\n<p><a href=\"http:\/\/www.bildungsurlaub.de\/seminare\/?new_search=1&amp;filter_veranstalter=1967\" target=\"_blank\" rel=\"noopener\"><img decoding=\"async\" class=\"lazyload alignleft wp-image-4410\" src=\"https:\/\/cocolingua.com\/wp-content\/uploads\/2014\/09\/Logo-300x78.png\" data-orig-src=\"https:\/\/cocolingua.com\/wp-content\/uploads\/2014\/09\/Logo-300x78.png\" alt=\"Cursos de espa\u00f1ol\" width=\"319\" height=\"83\" srcset=\"data:image\/svg+xml,%3Csvg%20xmlns%3D%27http%3A%2F%2Fwww.w3.org%2F2000%2Fsvg%27%20width%3D%27319%27%20height%3D%2783%27%20viewBox%3D%270%200%20319%2083%27%3E%3Crect%20width%3D%27319%27%20height%3D%2783%27%20fill-opacity%3D%220%22%2F%3E%3C%2Fsvg%3E\" data-srcset=\"https:\/\/cocolingua.com\/wp-content\/uploads\/2014\/09\/Logo-200x52.png 200w, https:\/\/cocolingua.com\/wp-content\/uploads\/2014\/09\/Logo-300x78.png 300w, https:\/\/cocolingua.com\/wp-content\/uploads\/2014\/09\/Logo.png 307w\" data-sizes=\"auto\" data-orig-sizes=\"(max-width: 319px) 100vw, 319px\" \/><\/a><\/p>\n<p>&nbsp;<\/p>\n<h3><a href=\"http:\/\/www.bildungsurlaub.de\/seminare\/?new_search=1&amp;filter_veranstalter=1967\" target=\"_blank\" rel=\"noopener\">Bildungsurlaub<\/a> geeignet<\/h3>\n<p>&nbsp;<\/p>\n<h3>&nbsp;<\/h3>\n<h2>Preisliste<\/h2>\n<p><img decoding=\"async\" class=\"lazyload aligncenter size-full wp-image-4710\" src=\"https:\/\/cocolingua.com\/wp-content\/uploads\/2017\/09\/super-intensiv-spanisch-kurse-co-co-lingua-lanzarote1.png\" data-orig-src=\"https:\/\/cocolingua.com\/wp-content\/uploads\/2017\/09\/super-intensiv-spanisch-kurse-co-co-lingua-lanzarote1.png\" alt=\"super-intensiv-spanisch-kurse-co-co-lingua-lanzarote\" width=\"989\" height=\"223\" srcset=\"data:image\/svg+xml,%3Csvg%20xmlns%3D%27http%3A%2F%2Fwww.w3.org%2F2000%2Fsvg%27%20width%3D%27989%27%20height%3D%27223%27%20viewBox%3D%270%200%20989%20223%27%3E%3Crect%20width%3D%27989%27%20height%3D%27223%27%20fill-opacity%3D%220%22%2F%3E%3C%2Fsvg%3E\" data-srcset=\"https:\/\/cocolingua.com\/wp-content\/uploads\/2017\/09\/super-intensiv-spanisch-kurse-co-co-lingua-lanzarote1-200x45.png 200w, https:\/\/cocolingua.com\/wp-content\/uploads\/2017\/09\/super-intensiv-spanisch-kurse-co-co-lingua-lanzarote1-300x68.png 300w, https:\/\/cocolingua.com\/wp-content\/uploads\/2017\/09\/super-intensiv-spanisch-kurse-co-co-lingua-lanzarote1-400x90.png 400w, https:\/\/cocolingua.com\/wp-content\/uploads\/2017\/09\/super-intensiv-spanisch-kurse-co-co-lingua-lanzarote1-600x135.png 600w, https:\/\/cocolingua.com\/wp-content\/uploads\/2017\/09\/super-intensiv-spanisch-kurse-co-co-lingua-lanzarote1-768x173.png 768w, https:\/\/cocolingua.com\/wp-content\/uploads\/2017\/09\/super-intensiv-spanisch-kurse-co-co-lingua-lanzarote1-800x180.png 800w, https:\/\/cocolingua.com\/wp-content\/uploads\/2017\/09\/super-intensiv-spanisch-kurse-co-co-lingua-lanzarote1.png 989w\" data-sizes=\"auto\" data-orig-sizes=\"(max-width: 989px) 100vw, 989px\" \/><\/p>\n<p>&nbsp;<\/p>\n<p><em>In folgenden L\u00e4ndern:<\/em><\/p>\n<ul>\n<li><em><strong>Schleswig-Holstein<\/strong><\/em><\/li>\n<li><em><strong>Hessen<\/strong><\/em><\/li>\n<li><em><strong>Mecklenburg-Vorpommern<\/strong><\/em><\/li>\n<li><em><strong>Niedersachsen<\/strong><\/em><\/li>\n<\/ul>\n<p><em>werden <strong>360 Minuten pro Tag<\/strong> verlangt<\/em>.<\/p>\n<p><em><strong>Preis\/Woche = 320,- Euros<\/strong><\/em><\/p>\n<p>&nbsp;<\/p>\n<h2 style=\"text-align: center;\"><a href=\"https:\/\/cocolingua.com\/de\/kursanmeldung\/\">Melden Sie sich jetzt an!<\/a><\/h2>\n<p>&nbsp;<\/p>\n<p>&nbsp;[:][\/fusion_builder_column][\/fusion_builder_row][\/fusion_builder_container]<\/p>\n","protected":false},"excerpt":{"rendered":"<p>&nbsp; Co Co Lingua bietet Ihnen eine vielseitige Auswahl an Spanisch-Kursen, die sich an den jeweiligen W\u00fcnschen und Bed\u00fcrfnissen von Anf\u00e4ngern oder Fortgeschrittenen orientieren. Kombi-Kurse, die neben Sprachunterricht ein Begleitprogramm mit Aktivit\u00e4ten wie z.B. Wandern, Gastronomie oder Wellness bieten, sowie Bildungsurlaub, Konversationskurse und Kurse f\u00fcr Residenten. &nbsp; &nbsp; &nbsp; Grammatik lernen ist in unserer kommunikativen  [&#8230;]<\/p>\n","protected":false},"author":3,"featured_media":0,"parent":0,"menu_order":0,"comment_status":"closed","ping_status":"closed","template":"","meta":{"ngg_post_thumbnail":0,"footnotes":""},"class_list":["post-13813","page","type-page","status-publish","hentry"],"_links":{"self":[{"href":"https:\/\/cocolingua.com\/de\/wp-json\/wp\/v2\/pages\/13813","targetHints":{"allow":["GET"]}}],"collection":[{"href":"https:\/\/cocolingua.com\/de\/wp-json\/wp\/v2\/pages"}],"about":[{"href":"https:\/\/cocolingua.com\/de\/wp-json\/wp\/v2\/types\/page"}],"author":[{"embeddable":true,"href":"https:\/\/cocolingua.com\/de\/wp-json\/wp\/v2\/users\/3"}],"replies":[{"embeddable":true,"href":"https:\/\/cocolingua.com\/de\/wp-json\/wp\/v2\/comments?post=13813"}],"version-history":[{"count":0,"href":"https:\/\/cocolingua.com\/de\/wp-json\/wp\/v2\/pages\/13813\/revisions"}],"wp:attachment":[{"href":"https:\/\/cocolingua.com\/de\/wp-json\/wp\/v2\/media?parent=13813"}],"curies":[{"name":"wp","href":"https:\/\/api.w.org\/{rel}","templated":true}]}}