{"id":13771,"date":"2016-09-20T18:34:43","date_gmt":"2016-09-20T18:34:43","guid":{"rendered":"https:\/\/cocolingua.com\/bei-uns-arbeiten\/"},"modified":"2024-03-20T14:13:45","modified_gmt":"2024-03-20T14:13:45","slug":"bei-uns-arbeiten","status":"publish","type":"page","link":"https:\/\/cocolingua.com\/de\/bei-uns-arbeiten\/","title":{"rendered":"bei uns arbeiten"},"content":{"rendered":"<div class=\"fusion-fullwidth fullwidth-box fusion-builder-row-1 nonhundred-percent-fullwidth non-hundred-percent-height-scrolling\" style=\"--awb-border-radius-top-left:0px;--awb-border-radius-top-right:0px;--awb-border-radius-bottom-right:0px;--awb-border-radius-bottom-left:0px;--awb-flex-wrap:wrap;\" ><div class=\"fusion-builder-row fusion-row\"><div class=\"fusion-layout-column fusion_builder_column fusion-builder-column-0 fusion_builder_column_1_1 1_1 fusion-one-full fusion-column-first fusion-column-last\" style=\"--awb-bg-size:cover;--awb-margin-bottom:0px;\"><div class=\"fusion-column-wrapper fusion-flex-column-wrapper-legacy\"><div class=\"fusion-text fusion-text-1\"><p>M\u00f6chten Sie ein <strong>Teil unseres Teams ab September 2022<\/strong> sein? Dann bewerben Sie sich jetzt bei uns!<\/p>\n<\/div><div class=\"fusion-title title fusion-title-1 fusion-sep-none fusion-title-text fusion-title-size-two\" style=\"--awb-margin-top:60px;--awb-margin-bottom:10px;--awb-margin-top-small:0px;--awb-margin-right-small:0px;--awb-margin-bottom-small:20px;--awb-margin-left-small:0px;\"><h2 class=\"fusion-title-heading title-heading-left\" style=\"margin:0;\">Job Angebote<\/h2><\/div><div class=\"fusion-text fusion-text-2\"><p>Hier k\u00f6nnen Sie alle Jobs sehen:<\/p>\n<\/div><div class=\"accordian fusion-accordian\" style=\"--awb-border-size:1px;--awb-icon-size:13px;--awb-content-font-size:16px;--awb-icon-alignment:left;--awb-hover-color:#f9f9f9;--awb-border-color:#cccccc;--awb-background-color:#ffffff;--awb-divider-color:#e0dede;--awb-divider-hover-color:#e0dede;--awb-icon-color:#ffffff;--awb-title-color:#020202;--awb-content-color:#606060;--awb-icon-box-color:#333333;--awb-toggle-hover-accent-color:#ab8b65;--awb-title-font-family:&quot;Poppins&quot;;--awb-title-font-weight:300;--awb-title-font-style:normal;--awb-title-font-size:16px;--awb-content-font-family:&quot;Rubik&quot;;--awb-content-font-style:normal;--awb-content-font-weight:300;\"><div class=\"panel-group fusion-toggle-icon-boxed\" id=\"accordion-13771-1\"><div class=\"fusion-panel panel-default panel-62b5ee07537a6a7fd fusion-toggle-no-divider fusion-toggle-boxed-mode\"><div class=\"panel-heading\"><h4 class=\"panel-title toggle\" id=\"toggle_62b5ee07537a6a7fd\"><a aria-expanded=\"false\" aria-controls=\"62b5ee07537a6a7fd\" role=\"button\" data-toggle=\"collapse\" data-parent=\"#accordion-13771-1\" data-target=\"#62b5ee07537a6a7fd\" href=\"#62b5ee07537a6a7fd\"><span class=\"fusion-toggle-icon-wrapper\" aria-hidden=\"true\"><i class=\"fa-fusion-box active-icon awb-icon-minus\" aria-hidden=\"true\"><\/i><i class=\"fa-fusion-box inactive-icon awb-icon-plus\" aria-hidden=\"true\"><\/i><\/span><span class=\"fusion-toggle-heading\">Freiberuflich engagierte DaF Lehrkraft in der Ausbildung von Kindern und Jugendlichen gesucht<\/span><\/a><\/h4><\/div><div id=\"62b5ee07537a6a7fd\" class=\"panel-collapse collapse \" aria-labelledby=\"toggle_62b5ee07537a6a7fd\"><div class=\"panel-body toggle-content fusion-clearfix\">\n<p>Haben Sie Lust Teil eines kleinen, netten, professionellen Teams zu sein ?<\/p>\n<p>Wir suchen auf <strong>freiberuflicher Basis eine qualifizierte<\/strong>,<strong>&nbsp;<\/strong><strong>erfahrene Muttersprachler DaF Lehrkraft mit guten Spanischkenntnissen und Erfahrung im Unterrichten auf Deutsch f\u00fcr Kinder und Jugendliche,<\/strong> sowie in der Vorbereitung von Sch\u00fclern auf International anerkannte Pr\u00fcfungen wie TestDaF und TELC.<\/p>\n<p>Wenn Sie <strong>deutsche\/r Muttersprachler\/in sind<\/strong>, \u00fcber ein abgeschlossenes Hochschulstudium im Bereich DaF (o.\u00e4.) sowie Lehrerfahrung verf\u00fcgen und <strong>ab September 2022<\/strong> freie Kapazit\u00e4ten haben, dann bewerben Sie sich bitte mit aussagef\u00e4higen Unterlagen \u00fcber <a href=\"mailto:info@cocolingua.com\"><span style=\"text-decoration: underline;\">info@cocolingua.com<\/span><\/a><\/p>\n<p>F\u00fcr weitere Informationen stehen wir Ihnen auch gerne telefonisch zur Verf\u00fcgung.<\/p>\n<p>Tel.: 689 448 4443<\/p>\n<\/div><\/div><\/div><\/div><\/div><div class=\"fusion-clearfix\"><\/div><\/div><\/div><\/div><\/div>\n","protected":false},"excerpt":{"rendered":"","protected":false},"author":3,"featured_media":0,"parent":0,"menu_order":0,"comment_status":"closed","ping_status":"closed","template":"","meta":{"ngg_post_thumbnail":0,"footnotes":""},"class_list":["post-13771","page","type-page","status-publish","hentry"],"_links":{"self":[{"href":"https:\/\/cocolingua.com\/de\/wp-json\/wp\/v2\/pages\/13771","targetHints":{"allow":["GET"]}}],"collection":[{"href":"https:\/\/cocolingua.com\/de\/wp-json\/wp\/v2\/pages"}],"about":[{"href":"https:\/\/cocolingua.com\/de\/wp-json\/wp\/v2\/types\/page"}],"author":[{"embeddable":true,"href":"https:\/\/cocolingua.com\/de\/wp-json\/wp\/v2\/users\/3"}],"replies":[{"embeddable":true,"href":"https:\/\/cocolingua.com\/de\/wp-json\/wp\/v2\/comments?post=13771"}],"version-history":[{"count":1,"href":"https:\/\/cocolingua.com\/de\/wp-json\/wp\/v2\/pages\/13771\/revisions"}],"predecessor-version":[{"id":17501,"href":"https:\/\/cocolingua.com\/de\/wp-json\/wp\/v2\/pages\/13771\/revisions\/17501"}],"wp:attachment":[{"href":"https:\/\/cocolingua.com\/de\/wp-json\/wp\/v2\/media?parent=13771"}],"curies":[{"name":"wp","href":"https:\/\/api.w.org\/{rel}","templated":true}]}}