{"id":13747,"date":"2016-08-08T12:17:21","date_gmt":"2016-08-08T12:17:21","guid":{"rendered":"https:\/\/cocolingua.com\/die-sprachschule\/"},"modified":"2025-06-19T17:28:07","modified_gmt":"2025-06-19T17:28:07","slug":"die-sprachschule","status":"publish","type":"page","link":"https:\/\/cocolingua.com\/de\/die-sprachschule\/","title":{"rendered":"Die Sprachschule"},"content":{"rendered":"<div class=\"fusion-fullwidth fullwidth-box fusion-builder-row-1 fusion-flex-container nonhundred-percent-fullwidth non-hundred-percent-height-scrolling\" style=\"--awb-border-radius-top-left:0px;--awb-border-radius-top-right:0px;--awb-border-radius-bottom-right:0px;--awb-border-radius-bottom-left:0px;--awb-flex-wrap:wrap;\" ><div class=\"fusion-builder-row fusion-row fusion-flex-align-items-flex-start fusion-flex-content-wrap\" style=\"max-width:1144px;margin-left: calc(-4% \/ 2 );margin-right: calc(-4% \/ 2 );\"><div class=\"fusion-layout-column fusion_builder_column fusion-builder-column-0 fusion_builder_column_1_1 1_1 fusion-flex-column\" style=\"--awb-bg-size:cover;--awb-width-large:100%;--awb-margin-top-large:0px;--awb-spacing-right-large:1.92%;--awb-margin-bottom-large:0px;--awb-spacing-left-large:1.92%;--awb-width-medium:100%;--awb-spacing-right-medium:1.92%;--awb-spacing-left-medium:1.92%;--awb-width-small:100%;--awb-spacing-right-small:1.92%;--awb-spacing-left-small:1.92%;\"><div class=\"fusion-column-wrapper fusion-flex-justify-content-flex-start fusion-content-layout-column\"><div class=\"fusion-builder-row fusion-builder-row-inner fusion-row fusion-flex-align-items-flex-start fusion-flex-content-wrap\" style=\"width:104% !important;max-width:104% !important;margin-left: calc(-4% \/ 2 );margin-right: calc(-4% \/ 2 );\"><div class=\"fusion-layout-column fusion_builder_column_inner fusion-builder-nested-column-0 fusion_builder_column_inner_1_2 1_2 fusion-flex-column\" style=\"--awb-bg-size:cover;--awb-width-large:50%;--awb-margin-top-large:0px;--awb-spacing-right-large:3.84%;--awb-margin-bottom-large:20px;--awb-spacing-left-large:3.84%;--awb-width-medium:100%;--awb-spacing-right-medium:1.92%;--awb-spacing-left-medium:1.92%;--awb-width-small:100%;--awb-spacing-right-small:1.92%;--awb-spacing-left-small:1.92%;\"><div class=\"fusion-column-wrapper fusion-flex-justify-content-flex-start fusion-content-layout-column\"><div class=\"fusion-text fusion-text-1\"><p style=\"text-align: justify;\">Wir befinden uns in <strong>Yaiza<\/strong>, im S\u00fcden von Lanzarote. Yaiza erhielt mehrfach die Auszeichnung \u201eSch\u00f6nste Gemeinde Lanzarotes\u201c und gilt als eines der sch\u00f6nsten D\u00f6rfer der Kanarischen Inseln. Unsere Unterrichtsr\u00e4ume mit ruhiger Atmosph\u00e4re bieten eine wundersch\u00f6ne Lernumgebung. Ger\u00e4umige und freundliche Klassenzimmer bieten eine anregende Atmosph\u00e4re zum Lernen und einem spektakul\u00e4ren Blick auf die Feuerberge.<\/p>\n<p style=\"text-align: justify;\">Direkt unter unserer Schule liegen praktischerweise der Supermarkt von Yaiza und eine Cafeteria mit sch\u00f6ner Sonnenterrasse und gro\u00dfem Parkplatz. Etwa 50 Meter in Richtung Playa Blanca finden Sie ein Zentrum f\u00fcr Kunsthandwerk, ein herrschaftliches Geb\u00e4ude im typisch kanarischen Stil. Hier finden Sie exklusive Gesch\u00e4fte und eine Tapas-Bar.<\/p>\n<p><img decoding=\"async\" class=\"lazyload aligncenter wp-image-3208 size-full\" src=\"data:image\/svg+xml,%3Csvg%20xmlns%3D%27http%3A%2F%2Fwww.w3.org%2F2000%2Fsvg%27%20width%3D%27230%27%20height%3D%2787%27%20viewBox%3D%270%200%20230%2087%27%3E%3Crect%20width%3D%27230%27%20height%3D%2787%27%20fill-opacity%3D%220%22%2F%3E%3C%2Fsvg%3E\" data-orig-src=\"https:\/\/cocolingua.com\/wp-content\/uploads\/2022\/04\/logoCoCoLinguaTr.png\" alt=\"Lanzarote\" width=\"230\" height=\"87\"><\/p>\n<\/div><\/div><\/div><\/div><\/div><\/div><div class=\"fusion-layout-column fusion_builder_column fusion-builder-column-1 fusion_builder_column_1_2 1_2 fusion-flex-column\" style=\"--awb-padding-top:0px;--awb-padding-right:0px;--awb-padding-bottom:0px;--awb-padding-left:40px;--awb-bg-size:cover;--awb-width-large:50%;--awb-margin-top-large:0px;--awb-spacing-right-large:3.84%;--awb-margin-bottom-large:20px;--awb-spacing-left-large:3.84%;--awb-width-medium:100%;--awb-spacing-right-medium:1.92%;--awb-spacing-left-medium:1.92%;--awb-width-small:100%;--awb-spacing-right-small:1.92%;--awb-spacing-left-small:1.92%;\"><div class=\"fusion-column-wrapper fusion-flex-justify-content-flex-start fusion-content-layout-column\"><div class=\"fusion-image-element \" style=\"--awb-caption-title-font-family:var(--h2_typography-font-family);--awb-caption-title-font-weight:var(--h2_typography-font-weight);--awb-caption-title-font-style:var(--h2_typography-font-style);--awb-caption-title-size:var(--h2_typography-font-size);--awb-caption-title-transform:var(--h2_typography-text-transform);--awb-caption-title-line-height:var(--h2_typography-line-height);--awb-caption-title-letter-spacing:var(--h2_typography-letter-spacing);\"><span class=\" fusion-imageframe imageframe-none imageframe-1 hover-type-none\"><img decoding=\"async\" width=\"800\" height=\"517\" alt=\"Lanzarote\" title=\"Co Co Lingua Language School External 03\" src=\"data:image\/svg+xml,%3Csvg%20xmlns%3D%27http%3A%2F%2Fwww.w3.org%2F2000%2Fsvg%27%20width%3D%27800%27%20height%3D%27517%27%20viewBox%3D%270%200%20800%20517%27%3E%3Crect%20width%3D%27800%27%20height%3D%27517%27%20fill-opacity%3D%220%22%2F%3E%3C%2Fsvg%3E\" data-orig-src=\"https:\/\/cocolingua.com\/wp-content\/uploads\/2015\/05\/Co-Co-Lingua-Language-School-External-03.jpg\" class=\"lazyload img-responsive wp-image-2510\"\/><\/span><\/div><\/div><\/div><div class=\"fusion-layout-column fusion_builder_column fusion-builder-column-2 fusion_builder_column_1_1 1_1 fusion-flex-column\" style=\"--awb-bg-size:cover;--awb-width-large:100%;--awb-margin-top-large:0px;--awb-spacing-right-large:1.92%;--awb-margin-bottom-large:20px;--awb-spacing-left-large:1.92%;--awb-width-medium:100%;--awb-spacing-right-medium:1.92%;--awb-spacing-left-medium:1.92%;--awb-width-small:100%;--awb-spacing-right-small:1.92%;--awb-spacing-left-small:1.92%;\"><div class=\"fusion-column-wrapper fusion-flex-justify-content-flex-start fusion-content-layout-column\"><div class=\"fusion-slider-sc\"><div class=\"fusion-flexslider-loading flexslider flexslider-hover-type-none\" data-slideshow_autoplay=\"1\" data-slideshow_smooth_height=\"1\" data-slideshow_speed=\"3300\" style=\"max-width:100%;height:100%;\"><ul class=\"slides\"><li class=\"image\"><span class=\"lazyload fusion-image-hover-element hover-type-none\"><img decoding=\"async\" src=\"data:image\/svg+xml,%3Csvg%20xmlns%3D%27http%3A%2F%2Fwww.w3.org%2F2000%2Fsvg%27%20width%3D%271200%27%20height%3D%27472%27%20viewBox%3D%270%200%201200%20472%27%3E%3Crect%20width%3D%271200%27%20height%3D%27472%27%20fill-opacity%3D%220%22%2F%3E%3C%2Fsvg%3E\" data-orig-src=\"https:\/\/cocolingua.com\/wp-content\/uploads\/2016\/08\/71.jpg\" alt=\"Super intensive spanish courses\" width=\"1200\" height=\"472\" \/><\/span><\/li><li class=\"image\"><span class=\"lazyload fusion-image-hover-element hover-type-none\"><img decoding=\"async\" src=\"data:image\/svg+xml,%3Csvg%20xmlns%3D%27http%3A%2F%2Fwww.w3.org%2F2000%2Fsvg%27%20width%3D%271200%27%20height%3D%27472%27%20viewBox%3D%270%200%201200%20472%27%3E%3Crect%20width%3D%271200%27%20height%3D%27472%27%20fill-opacity%3D%220%22%2F%3E%3C%2Fsvg%3E\" data-orig-src=\"https:\/\/cocolingua.com\/wp-content\/uploads\/2016\/08\/51.jpg\" width=\"1200\" height=\"472\" \/><\/span><\/li><li class=\"image\"><span class=\"lazyload fusion-image-hover-element hover-type-none\"><img decoding=\"async\" src=\"data:image\/svg+xml,%3Csvg%20xmlns%3D%27http%3A%2F%2Fwww.w3.org%2F2000%2Fsvg%27%20width%3D%271200%27%20height%3D%27472%27%20viewBox%3D%270%200%201200%20472%27%3E%3Crect%20width%3D%271200%27%20height%3D%27472%27%20fill-opacity%3D%220%22%2F%3E%3C%2Fsvg%3E\" data-orig-src=\"https:\/\/cocolingua.com\/wp-content\/uploads\/2016\/08\/6.jpg\" width=\"1200\" height=\"472\" \/><\/span><\/li><li class=\"image\"><span class=\"lazyload fusion-image-hover-element hover-type-none\"><img decoding=\"async\" src=\"data:image\/svg+xml,%3Csvg%20xmlns%3D%27http%3A%2F%2Fwww.w3.org%2F2000%2Fsvg%27%20width%3D%271200%27%20height%3D%27472%27%20viewBox%3D%270%200%201200%20472%27%3E%3Crect%20width%3D%271200%27%20height%3D%27472%27%20fill-opacity%3D%220%22%2F%3E%3C%2Fsvg%3E\" data-orig-src=\"https:\/\/cocolingua.com\/wp-content\/uploads\/2016\/08\/elcentro.jpg\" width=\"1200\" height=\"472\" \/><\/span><\/li><li class=\"image\"><span class=\"lazyload fusion-image-hover-element hover-type-none\"><img decoding=\"async\" src=\"data:image\/svg+xml,%3Csvg%20xmlns%3D%27http%3A%2F%2Fwww.w3.org%2F2000%2Fsvg%27%20width%3D%271200%27%20height%3D%27472%27%20viewBox%3D%270%200%201200%20472%27%3E%3Crect%20width%3D%271200%27%20height%3D%27472%27%20fill-opacity%3D%220%22%2F%3E%3C%2Fsvg%3E\" data-orig-src=\"https:\/\/cocolingua.com\/wp-content\/uploads\/2016\/08\/sldelcentro1.jpg\" width=\"1200\" height=\"472\" \/><\/span><\/li><\/ul><\/div><\/div><\/div><\/div><\/div><\/div>\n","protected":false},"excerpt":{"rendered":"","protected":false},"author":1,"featured_media":0,"parent":0,"menu_order":0,"comment_status":"closed","ping_status":"closed","template":"","meta":{"ngg_post_thumbnail":0,"footnotes":""},"class_list":["post-13747","page","type-page","status-publish","hentry"],"_links":{"self":[{"href":"https:\/\/cocolingua.com\/de\/wp-json\/wp\/v2\/pages\/13747","targetHints":{"allow":["GET"]}}],"collection":[{"href":"https:\/\/cocolingua.com\/de\/wp-json\/wp\/v2\/pages"}],"about":[{"href":"https:\/\/cocolingua.com\/de\/wp-json\/wp\/v2\/types\/page"}],"author":[{"embeddable":true,"href":"https:\/\/cocolingua.com\/de\/wp-json\/wp\/v2\/users\/1"}],"replies":[{"embeddable":true,"href":"https:\/\/cocolingua.com\/de\/wp-json\/wp\/v2\/comments?post=13747"}],"version-history":[{"count":2,"href":"https:\/\/cocolingua.com\/de\/wp-json\/wp\/v2\/pages\/13747\/revisions"}],"predecessor-version":[{"id":19492,"href":"https:\/\/cocolingua.com\/de\/wp-json\/wp\/v2\/pages\/13747\/revisions\/19492"}],"wp:attachment":[{"href":"https:\/\/cocolingua.com\/de\/wp-json\/wp\/v2\/media?parent=13747"}],"curies":[{"name":"wp","href":"https:\/\/api.w.org\/{rel}","templated":true}]}}