{"id":13698,"date":"2013-03-27T10:09:09","date_gmt":"2013-03-27T10:09:09","guid":{"rendered":"https:\/\/cocolingua.com\/agb\/"},"modified":"2025-12-19T08:53:17","modified_gmt":"2025-12-19T08:53:17","slug":"agb","status":"publish","type":"page","link":"https:\/\/cocolingua.com\/de\/agb\/","title":{"rendered":"AGB"},"content":{"rendered":"<div class=\"fusion-fullwidth fullwidth-box fusion-builder-row-1 fusion-flex-container nonhundred-percent-fullwidth non-hundred-percent-height-scrolling\" style=\"--awb-border-radius-top-left:0px;--awb-border-radius-top-right:0px;--awb-border-radius-bottom-right:0px;--awb-border-radius-bottom-left:0px;--awb-flex-wrap:wrap;\" ><div class=\"fusion-builder-row fusion-row fusion-flex-align-items-flex-start fusion-flex-content-wrap\" style=\"max-width:1144px;margin-left: calc(-4% \/ 2 );margin-right: calc(-4% \/ 2 );\"><div class=\"fusion-layout-column fusion_builder_column fusion-builder-column-0 fusion_builder_column_1_1 1_1 fusion-flex-column\" style=\"--awb-bg-blend:overlay;--awb-bg-size:cover;--awb-width-large:100%;--awb-margin-top-large:0px;--awb-spacing-right-large:1.92%;--awb-margin-bottom-large:0px;--awb-spacing-left-large:1.92%;--awb-width-medium:100%;--awb-spacing-right-medium:1.92%;--awb-spacing-left-medium:1.92%;--awb-width-small:100%;--awb-spacing-right-small:1.92%;--awb-spacing-left-small:1.92%;\"><div class=\"fusion-column-wrapper fusion-flex-justify-content-flex-start fusion-content-layout-column\"><div class=\"fusion-text fusion-text-1\"><h2>Anmeldung, Zahlungsbedingungen und Buchungsablauf<\/h2>\n<p><a href=\"https:\/\/cocolingua.com\/wp-content\/uploads\/2015\/03\/TermsyConds.jpg\"><img decoding=\"async\" class=\"lazyload size-medium wp-image-2458 alignright\" src=\"https:\/\/cocolingua.com\/wp-content\/uploads\/2015\/03\/TermsyConds-300x200.jpg\" data-orig-src=\"https:\/\/cocolingua.com\/wp-content\/uploads\/2015\/03\/TermsyConds-300x200.jpg\" alt=\"Condiciones Generales\" width=\"300\" height=\"200\" srcset=\"data:image\/svg+xml,%3Csvg%20xmlns%3D%27http%3A%2F%2Fwww.w3.org%2F2000%2Fsvg%27%20width%3D%27300%27%20height%3D%27200%27%20viewBox%3D%270%200%20300%20200%27%3E%3Crect%20width%3D%27300%27%20height%3D%27200%27%20fill-opacity%3D%220%22%2F%3E%3C%2Fsvg%3E\" data-srcset=\"https:\/\/cocolingua.com\/wp-content\/uploads\/2015\/03\/TermsyConds-300x200.jpg 300w, https:\/\/cocolingua.com\/wp-content\/uploads\/2015\/03\/TermsyConds.jpg 400w\" data-sizes=\"auto\" data-orig-sizes=\"(max-width: 300px) 100vw, 300px\" \/><\/a><br \/>\nNach Absendung des Anmeldeformulars erhalten Sie per E-Mail eine Empfangsbest\u00e4tigung f\u00fcr den von Ihnen gew\u00e4hlten Kurs sowie entsprechende Informationen \u00fcber die Zahlung und die Zahlungsweise f\u00fcr den Kurs. Die Kosten f\u00fcr die Buchung der Unterkunft m\u00fcssen direkt bei dem Anbieter beglichen werden. \u00c4nderungen an der Art der Unterkunft sind zwischen dem Anbieter und dem Gast vorzunehmen. Um die Kursbuchung zu best\u00e4tigen, muss eine Anzahlung von 20 % des Gesamtbetrages geleistet werden.<\/p>\n<h2>Wie kann ich zahlen?<\/h2>\n<p>Nach der Zusendung der Anmeldung leisten Sie &#8211; wie bereits erw\u00e4hnt &#8211; eine Anzahlung in H\u00f6he von 20 % des Gesamtbetrages. Sie k\u00f6nnen auch einmalig die vollst\u00e4ndigen Kurskosten zahlen. In jedem Fall m\u00fcssen die Kostgeb\u00fchren in voller H\u00f6he mindestens 3 Wochen vor Beginn des Kurses entrichtet worden sein.<\/p>\n<p>Folgende Zahlungsmethoden stehen Ihnen hierbei zur Verf\u00fcgung:<\/p>\n<p><strong>1. Zahlung per Bank\u00fcberweisung:<\/strong> Alle Zahlungstransfers m\u00fcssen den vollst\u00e4ndigen Namen des Teilnehmers und die entsprechende Rechnungsnummer enthalten, um eine sp\u00e4tere Zuordnung der Zahlungseing\u00e4nge zu erleichtern.<\/p>\n<p><span style=\"color: #ed9d13;\"><em>*Keine zus\u00e4tzlichen Geb\u00fchren innerhalb Europas, au\u00dferhalb Europas fallen 15 Euro Geb\u00fchren an.<\/em><\/span><\/p>\n<p><strong>2. Zahlung per Paypal: <\/strong>Sie k\u00f6nnen die Anzahlung als auch den Gesamtbetrag w\u00e4hrend der Kursanmeldung auf unserer Website zahlen. Den Restbetrag k\u00f6nnen Sie auch gerne \u00fcber PayPal zahlen.<\/p>\n<p>Weitere Informationen erhalten Sie bei Bedarf von uns.<\/p>\n<p><strong><span style=\"color: #edad24;\">Hinweis:<\/span><\/strong> Co Co Lingua Sprachschule \u00fcbernimmt keine eventuell anfallenden Transfergeb\u00fchren. Sollten diese zum Zeitpunkt Ihres Kursbeginns noch ausstehen, werden wir Sie darauf hinweisen und Sie um deren Ausgleich bitten.<\/p>\n<h2>R\u00fccktritt, Stornierung<\/h2>\n<p>Jegliche Stornierungen haben in schriftlicher Form zu erfolgen. Das Stornierungsdatum entspricht dem Datum, an dem Ihr schriftlicher R\u00fccktrittsbescheid bei der Co Co Lingua Sprachschule eingegangen ist. Wir empfehlen Ihnen, sich mittels entsprechender Versicherungen gegen einen m\u00f6glichen Nichtantritt aufgrund von Krankheit oder Unfall zu sch\u00fctzen.<\/p>\n<div class=\"datagrid\">\n<table style=\"height: 193px; border: 0.5px solid #aaa;\" border=\"1\" width=\"628\" cellpadding=\"10\">\n<tbody>\n<tr>\n<th colspan=\"2\">Stornogeb\u00fchren (Sprachkurs)<\/th>\n<\/tr>\n<tr>\n<td>Bis zu 30 Tage vor Kursbeginn<\/td>\n<td>Anzahlungsbetrag<\/td>\n<\/tr>\n<tr>\n<td>29 bis 15 Tage vor Kursbeginn<\/td>\n<td>50% des Gesamtbetrages<\/td>\n<\/tr>\n<tr>\n<td>Ab 14 Tage vor Kursbeginn<\/td>\n<td>100% des Gesamtbetrages<\/td>\n<\/tr>\n<\/tbody>\n<\/table>\n<\/div>\n<p>Bei R\u00fcck\u00fcberweisungen \u00fcber Paypal wird die Transaktionsgeb\u00fchr einbehalten.<\/p>\n<p>Eine R\u00fcckerstattung der Kursgeb\u00fchren erfolgt nicht bei zu sp\u00e4ter Anreise bzw. bei Abbruch des Kurses. Auch im Falle von Fernbleiben oder Krankheit erstattet Co Co Lingua Sprachschule keine Geb\u00fchren.<\/p>\n<h2><strong>\u00c4nderungen des Kursdatums oder der Kursart<\/strong><\/h2>\n<p>Im Falle einer \u00c4nderung des Kurstyps oder der Kurstermine wird eine <b>Bearbeitungsgeb\u00fchr von 50 \u20ac<\/b> pro angemeldeter Person erhoben.<\/p>\n<p>Diese Geb\u00fchr gilt auch f\u00fcr Wechsel zwischen der <strong>Pr\u00e4senzschule in Lanzarote<\/strong> und der <strong>Online-Schule<\/strong>, und umgekehrt.<\/p>\n<h2>Versicherung<\/h2>\n<p>Die Sch\u00fcler sind nicht bei Co Co Lingua Sprachschule gegen Krankheit, Diebstahl, Sch\u00e4den oder Verlust von pers\u00f6nlichen Gegenst\u00e4nden versichert, und Co Co Lingua Sprachschule haftet nicht f\u00fcr den Fall, wenn ein solches Ereignis eintritt. Eine private Versicherung ist daher unerl\u00e4sslich. Eventuell haben Sie Anspruch auf kostenlose medizinische Behandlung in Spanien (Bitte \u00fcberpr\u00fcfen Sie dies vor Ihrer Abreise). Teilnehmern wird empfohlen, rechtzeitig eine Reiseversicherung, Krankenversicherung und Geld- und Gep\u00e4ckversicherung abzuschlie\u00dfen. Staatsangeh\u00f6rige der EU sollten auch das Europ\u00e4ische-KV-Karte-Formular E &#8211; 111 mit sich f\u00fchren.<\/p>\n<h2>Feiertage 2026<\/h2>\n<ul>\n<li>01. Januar;<\/li>\n<li>06. Januar;<\/li>\n<li>03. April;<\/li>\n<li>06. April;<\/li>\n<li>01. Mai;<\/li>\n<li><span style=\"background-color: rgba(0, 0, 0, 0);\">12. Oktober;<\/span><\/li>\n<li><span style=\"background-color: rgba(0, 0, 0, 0);\">02. November;<\/span><\/li>\n<li>08. Dezember;<\/li>\n<li>25. Dezember.<\/li>\n<\/ul>\n<p>Die Sprachschule bleibt an gesetzlichen Feiertagen sowie an von der Regierung \u2013 gegebenenfalls kurzfristig \u2013 festgelegten Feiertagen geschlossen. Es findet an diesen Tagen kein Unterricht statt. Ein Nachholen des Unterrichts erfolgt nicht; die Kursgeb\u00fchr ist dennoch in voller H\u00f6he zu entrichten. Am Ende der Woche wird eine entsprechende Teilnahmebescheinigung \u00fcber die volle Stundenzahl ausgestellt.<\/p>\n<h2>Visa<\/h2>\n<p>Teilnehmer aus den EU-L\u00e4ndern ben\u00f6tigen kein Visum zur Einreise nach Spanien. Teilnehmer aus L\u00e4ndern au\u00dferhalb der EU ben\u00f6tigen ein Visum und sollten dieses vor Einreise bei der Spanischen Botschaft beantragen.<br \/>\nSollte Ihr Antrag auf Visa abgelehnt werden, erstatten wir Ihnen die von Ihnen bis dahin geleisteten Zahlungen abz\u00fcglich der uns entstandenen Bearbeitungskosten in H\u00f6he von 150\u20ac. Dazu ben\u00f6tigen wir einen offiziellen schriftlichen Nachweis von der Botschaft \u00fcber die Ablehnung Ihres Visums; anderenfalls erfolgt keine R\u00fcckerstattung.<\/p>\n<div class=\"fusion-title title fusion-title-16 fusion-sep-none fusion-title-text fusion-title-size-three fusion-border-below-title\">\n<h2>Fotos der Sch\u00fcler<\/h2>\n<p>W\u00e4hrend des Schulalltags und der Freizeitaktivit\u00e4ten machen wir h\u00e4ufig Foto- oder Videoaufnahmen unserer Sch\u00fcler und der Schulatmosph\u00e4re. Wenn Sie mit einer Ver\u00f6ffentlichung der Aufnahmen auf unserer Webseite, bei Facebook oder in anderen mit der Schule zusammenh\u00e4ngenden Medien nicht einverstanden sind, so geben Sie uns bitte im Voraus Bescheid, damit wir dies ber\u00fccksichtigen k\u00f6nnen.<\/p>\n<h2>Allgemein<\/h2>\n<ul>\n<li>Co Co Lingua Sprachschule beh\u00e4lt sich das Recht vor, Teilnehmer im Falle von schlechtem Benehmen und ungeb\u00fchrlichen Verhalten abzulehnen beziehungsweise von der weiteren Teilnahme am Programm auszuschlie\u00dfen; die Programmgeb\u00fchren werden nicht zur\u00fcckerstattet.<\/li>\n<li>Reisekosten und Kosten f\u00fcr Wochenend-Freizeitaktivit\u00e4ten sind nicht im Preis inbegriffen.<\/li>\n<li>Abwesenheit des Sch\u00fclers vom Unterricht: Bei Abwesenheit vom Unterricht bei Sprachkursen mit mehr als 2 Personen-Klassenst\u00e4rke werden die entgangenen Unterrichtseinheiten nicht wiederholt. F\u00fcr Teilnehmer an Einzelunterrichtskursen k\u00f6nnen nach vorheriger Absprache (mindestens 24 Stunden im Voraus) mit der Akademie entgangene Unterrichtseinheiten nachgeholt werden.<\/li>\n<li>Sollten weniger als 3 Teilnehmer f\u00fcr einen Gruppensprachkurs zustande kommen, wird der Sprachunterricht unter ge\u00e4nderten Bedingungen stattfinden: die Unterrichtseinheiten werden dann auf 75% (bei 2 Teilnehmern) beziehungsweise auf 50% (bei 1 Teilnehmer) reduziert. Co Co Lingua Sprachschule entscheidet, ob der Unterricht vormittags oder nachmittags stattfindet. Letzteres gilt ebenfalls f\u00fcr gebuchten Einzelunterricht.<\/li>\n<li>Die Klassengr\u00f6\u00dfe betr\u00e4gt in der Regel maximal 6 bis 8 Studenten.<\/li>\n<li>Der Stundenplan dient als Orientierung und kann je nach Verf\u00fcgbarkeit der Lehrkr\u00e4fte variieren. Da nicht alle Lehrkr\u00e4fte dauerhaft auf Lanzarote sind, kann es innerhalb einer Woche zu geringf\u00fcgigen Zeitverschiebungen kommen.<\/li>\n<li>Wenn aufgrund von Unwetterwarnungen (z.B. starker Sturm oder Regen) die Schule geschlossen bleibt, entf\u00e4llt der Unterricht und wird nicht nachgeholt.<\/li>\n<\/ul>\n<p><a href=\"https:\/\/protecciondatos-lopd.com\/?authentication_code=4R7fx00539Q7c\" target=\"_blank\" rel=\"noopener\"><img decoding=\"async\" class=\"lazyload size-full wp-image-4467 aligncenter\" src=\"data:image\/svg+xml,%3Csvg%20xmlns%3D%27http%3A%2F%2Fwww.w3.org%2F2000%2Fsvg%27%20width%3D%27171%27%20height%3D%27145%27%20viewBox%3D%270%200%20171%20145%27%3E%3Crect%20width%3D%27171%27%20height%3D%27145%27%20fill-opacity%3D%220%22%2F%3E%3C%2Fsvg%3E\" data-orig-src=\"https:\/\/cocolingua.com\/wp-content\/uploads\/2017\/02\/certificacion-lopd.png\" alt=\"Certificacion LOPD\" width=\"171\" height=\"145\"><\/a><\/p>\n<\/div>\n<\/div><\/div><\/div><\/div><\/div>\n","protected":false},"excerpt":{"rendered":"","protected":false},"author":1,"featured_media":0,"parent":0,"menu_order":0,"comment_status":"closed","ping_status":"closed","template":"","meta":{"ngg_post_thumbnail":0,"footnotes":""},"class_list":["post-13698","page","type-page","status-publish","hentry"],"_links":{"self":[{"href":"https:\/\/cocolingua.com\/de\/wp-json\/wp\/v2\/pages\/13698","targetHints":{"allow":["GET"]}}],"collection":[{"href":"https:\/\/cocolingua.com\/de\/wp-json\/wp\/v2\/pages"}],"about":[{"href":"https:\/\/cocolingua.com\/de\/wp-json\/wp\/v2\/types\/page"}],"author":[{"embeddable":true,"href":"https:\/\/cocolingua.com\/de\/wp-json\/wp\/v2\/users\/1"}],"replies":[{"embeddable":true,"href":"https:\/\/cocolingua.com\/de\/wp-json\/wp\/v2\/comments?post=13698"}],"version-history":[{"count":22,"href":"https:\/\/cocolingua.com\/de\/wp-json\/wp\/v2\/pages\/13698\/revisions"}],"predecessor-version":[{"id":20046,"href":"https:\/\/cocolingua.com\/de\/wp-json\/wp\/v2\/pages\/13698\/revisions\/20046"}],"wp:attachment":[{"href":"https:\/\/cocolingua.com\/de\/wp-json\/wp\/v2\/media?parent=13698"}],"curies":[{"name":"wp","href":"https:\/\/api.w.org\/{rel}","templated":true}]}}